{"id":120,"date":"2018-04-03T11:17:21","date_gmt":"2018-04-03T11:17:21","guid":{"rendered":"http:\/\/cirque-intense.de\/?page_id=120"},"modified":"2021-04-09T19:46:25","modified_gmt":"2021-04-09T19:46:25","slug":"medizinische-betreuung","status":"publish","type":"page","link":"https:\/\/cirque-intense.de\/en\/medizinische-betreuung\/","title":{"rendered":"medizinische Betreuung"},"content":{"rendered":"<p><strong>Sport-osteopathische und sport-physiotherapeutische Betreuung<\/strong><\/p>\n<p>Das zeitlich intensive Training der Cirque Intense Teilnehmer*innen w\u00e4hrend des Orientierungsjahres stellt eine k\u00f6rperliche Herausforderung dar. Sehr wichtig ist uns, da\u00df diese Beanspruchung nicht zu \u00dcberbelastungen bei den Teilnehmer*innen f\u00fchrt. Wir haben daher die <a href=\"http:\/\/osteopathie-badenweiler.de\/\" target=\"_blank\" rel=\"noopener noreferrer\">Osteopathie-Praxis Badenweiler&nbsp;<\/a> f\u00fcr diesen Bereich als Kooperations-Partner gewinnen k\u00f6nnen.<\/p>\n<p><img decoding=\"async\" class=\"alignnone size-medium wp-image-166 lazyload\" data-src=\"https:\/\/cirque-intense.de\/wp-content\/uploads\/2018\/04\/Mandy-an-Therapieliege-klein-e1617987742443-270x300.jpg\" alt=\"\" width=\"270\" height=\"300\" data-srcset=\"https:\/\/cirque-intense.de\/wp-content\/uploads\/2018\/04\/Mandy-an-Therapieliege-klein-e1617987742443-270x300.jpg 270w, https:\/\/cirque-intense.de\/wp-content\/uploads\/2018\/04\/Mandy-an-Therapieliege-klein-e1617987742443-768x852.jpg 768w, https:\/\/cirque-intense.de\/wp-content\/uploads\/2018\/04\/Mandy-an-Therapieliege-klein-e1617987742443-923x1024.jpg 923w, https:\/\/cirque-intense.de\/wp-content\/uploads\/2018\/04\/Mandy-an-Therapieliege-klein-e1617987742443.jpg 1254w\" data-sizes=\"(max-width: 270px) 100vw, 270px\" src=\"data:image\/svg+xml;base64,PHN2ZyB3aWR0aD0iMSIgaGVpZ2h0PSIxIiB4bWxucz0iaHR0cDovL3d3dy53My5vcmcvMjAwMC9zdmciPjwvc3ZnPg==\" style=\"--smush-placeholder-width: 270px; --smush-placeholder-aspect-ratio: 270\/300;\" \/><\/p>\n<p>F\u00fcr die Teilnehmer*innen ergeben sich dadurch folgende Vorteile:<\/p>\n<p>&#8211; die Cirque Intense Teilnehmer*innen k\u00f6nnen zu Beginn des Orientierungsjahres einen kostenfreien osteopathischen \u201echeck up\u201c in der Osteopathie-Praxis Badenweiler in Anspruch nehmen. Dadurch k\u00f6nnen den Teilnehmer*innen individuelle Tips zur Verletzungsprophylaxe gegeben werden. Die osteopathische Betreuung ist auch im Bereich der Spitzensportler immer weiter verbreitet, n\u00e4here Informationen und Beispiele dazu finden sich auf der Seite der Osteopathie-Praxis Badenweiler (<a href=\"http:\/\/osteopathie-badenweiler.de\/osteopathie\/osteopathie-im-sport\" target=\"_blank\" rel=\"noopener noreferrer\"><span style=\"font-size: 10pt;\">link zur Praxis-Seite<\/span><\/a>).<\/p>\n<p>&#8211; die Praxis wird (bei Interesse der Teilnehmer*innen) einzelne kostenfreie Kurse durchf\u00fchren, bei der allgemeine Grunds\u00e4tze der Trainingslehre und der Verletzungs-Vorbeugung aufgezeigt werden sollen (einschlie\u00dflich Grunds\u00e4tze der Anatomie und der Physiologie im Sport).<\/p>\n<p>&#8211; die Praxis steht im Laufe des Orientierungsjahres den Teilnehmer*innen jederzeit kurzfristig mit Tipps weiterhin zur Verf\u00fcgung.&nbsp;Als Jugendliche betrieb die Praxisinhaberin <a href=\"https:\/\/cirque-intense.de\/en\/mandy-ibing\/\">Mandy Ibing<\/a> selbst Trampolinturnen auf Leistungssport-Niveau und war Mitglied im Jugend-Bundeskader. Sie kann deshalb aus eigener Erfahrung nachvollziehen, wie sich ein intensives Training auf Jugendliche auswirkt.&nbsp;<\/p>\n<p>Die vorgenannten kostenfreien Leistungen wird die Osteopathie-Praxis Badenweiler auf Spendenbasis f\u00fcr die Zirkus-Kunst gGmbH erbringen, so da\u00df diese Kosten letztlich nicht \u00fcber die Teilnehmer-Beitr\u00e4ge mitfinanziert werden m\u00fcssen.<\/p>\n<p>&nbsp;<\/p>","protected":false},"excerpt":{"rendered":"<p>Sport-osteopathische und sport-physiotherapeutische Betreuung Das zeitlich intensive Training der Cirque Intense Teilnehmer*innen w\u00e4hrend des Orientierungsjahres stellt eine k\u00f6rperliche Herausforderung dar. Sehr wichtig ist uns, da\u00df diese Beanspruchung nicht zu \u00dcberbelastungen bei den Teilnehmer*innen f\u00fchrt. Wir haben daher die Osteopathie-Praxis Badenweiler&nbsp; f\u00fcr diesen Bereich als Kooperations-Partner gewinnen k\u00f6nnen. F\u00fcr die Teilnehmer*innen ergeben sich dadurch folgende Vorteile: &hellip; <\/p>\n<p class=\"link-more\"><a href=\"https:\/\/cirque-intense.de\/en\/medizinische-betreuung\/\" class=\"more-link\">Continue reading<span class=\"screen-reader-text\"> &#8222;medizinische Betreuung&#8220;<\/span><\/a><\/p>","protected":false},"author":1,"featured_media":0,"parent":0,"menu_order":0,"comment_status":"closed","ping_status":"closed","template":"","meta":{"ngg_post_thumbnail":0,"footnotes":""},"class_list":["post-120","page","type-page","status-publish","hentry"],"_links":{"self":[{"href":"https:\/\/cirque-intense.de\/en\/wp-json\/wp\/v2\/pages\/120","targetHints":{"allow":["GET"]}}],"collection":[{"href":"https:\/\/cirque-intense.de\/en\/wp-json\/wp\/v2\/pages"}],"about":[{"href":"https:\/\/cirque-intense.de\/en\/wp-json\/wp\/v2\/types\/page"}],"author":[{"embeddable":true,"href":"https:\/\/cirque-intense.de\/en\/wp-json\/wp\/v2\/users\/1"}],"replies":[{"embeddable":true,"href":"https:\/\/cirque-intense.de\/en\/wp-json\/wp\/v2\/comments?post=120"}],"version-history":[{"count":18,"href":"https:\/\/cirque-intense.de\/en\/wp-json\/wp\/v2\/pages\/120\/revisions"}],"predecessor-version":[{"id":1718,"href":"https:\/\/cirque-intense.de\/en\/wp-json\/wp\/v2\/pages\/120\/revisions\/1718"}],"wp:attachment":[{"href":"https:\/\/cirque-intense.de\/en\/wp-json\/wp\/v2\/media?parent=120"}],"curies":[{"name":"wp","href":"https:\/\/api.w.org\/{rel}","templated":true}]}}