{"id":1326,"date":"2021-02-26T20:51:15","date_gmt":"2021-02-26T20:51:15","guid":{"rendered":"https:\/\/cirque-intense.de\/?page_id=1326"},"modified":"2021-03-02T19:45:29","modified_gmt":"2021-03-02T19:45:29","slug":"pauline-buerger","status":"publish","type":"page","link":"https:\/\/cirque-intense.de\/en\/pauline-buerger\/","title":{"rendered":"Pauline B\u00fcrger"},"content":{"rendered":"<p><span style=\"font-size: 14pt;\"><strong>Organisatorische Leitung: <\/strong><\/span><\/p>\n<p><span style=\"font-size: 14pt;\"><strong><img decoding=\"async\" class=\"size-medium wp-image-1327 alignright lazyload\" data-src=\"https:\/\/cirque-intense.de\/wp-content\/uploads\/2021\/02\/28235723_1844529358912924_9022975733258570780_o-300x300.jpg\" alt=\"\" width=\"300\" height=\"300\" data-srcset=\"https:\/\/cirque-intense.de\/wp-content\/uploads\/2021\/02\/28235723_1844529358912924_9022975733258570780_o-300x300.jpg 300w, https:\/\/cirque-intense.de\/wp-content\/uploads\/2021\/02\/28235723_1844529358912924_9022975733258570780_o-1024x1024.jpg 1024w, https:\/\/cirque-intense.de\/wp-content\/uploads\/2021\/02\/28235723_1844529358912924_9022975733258570780_o-150x150.jpg 150w, https:\/\/cirque-intense.de\/wp-content\/uploads\/2021\/02\/28235723_1844529358912924_9022975733258570780_o-768x768.jpg 768w, https:\/\/cirque-intense.de\/wp-content\/uploads\/2021\/02\/28235723_1844529358912924_9022975733258570780_o-100x100.jpg 100w, https:\/\/cirque-intense.de\/wp-content\/uploads\/2021\/02\/28235723_1844529358912924_9022975733258570780_o.jpg 1440w\" data-sizes=\"(max-width: 300px) 100vw, 300px\" src=\"data:image\/svg+xml;base64,PHN2ZyB3aWR0aD0iMSIgaGVpZ2h0PSIxIiB4bWxucz0iaHR0cDovL3d3dy53My5vcmcvMjAwMC9zdmciPjwvc3ZnPg==\" style=\"--smush-placeholder-width: 300px; --smush-placeholder-aspect-ratio: 300\/300;\" \/><\/strong><\/span><\/p>\n<p><span style=\"font-size: 18pt;\"><strong>Pauline B\u00fcrger<\/strong><\/span><\/p>\n<p><span style=\"font-weight: 400;\">Wir d\u00fcrfen dieses Jahr einen Neuzuwachs in unserem Team begr\u00fc\u00dfen. Pauline B\u00fcrger hat im Januar die organisatorische Leitung bei uns \u00fcbernommen <\/span><span style=\"font-weight: 400;\">und wird unter Anderem daf\u00fcr sorgen, dass ihr ab jetzt wieder regelm\u00e4\u00dfiger von uns h\u00f6rt!&nbsp;<\/span><\/p>\n<p><strong><span style=\"font-size: 18pt;\">Profil:<\/span><\/strong><\/p>\n<p><span style=\"font-weight: 400;\">Pauline ist 25 Jahre alt und kommt aus dem Ruhrpott, lebt und arbeitet (digital) aber schon seit zweieinhalb Jahren Vollzeit in ihrem Auto mit Dachzelt, weshalb sie gerne <\/span><i><span style=\"font-weight: 400;\">heute hier und morgen dort<\/span><\/i><span style=\"font-weight: 400;\"> ist. Seit dem letzten Sommer ist Freig\u00e4nger-Kater Pete auch immer dabei!<\/span><\/p>\n<p><strong>Ausbildung &amp; Beruf:&nbsp;<\/strong><\/p>\n<p><span style=\"font-weight: 400;\">Urspr\u00fcnglich kommt Pauline aus dem Tourismusbereich:<\/span><\/p>\n<p><span style=\"font-weight: 400;\">Erst hat sie einen Bachelor of Arts in Tourismus Management absolviert und dann immer von 2 Reiseleitern gef\u00fchrte (1 Pal\u00e4stinenser &amp; 1 Israeli) Bildungsreisen nach Israel, Pal\u00e4stina und Jordanien zusammengestellt und organisiert.<\/span><\/p>\n<p><span style=\"font-weight: 400;\">Pauline bezeichnet sich selber als Lebensk\u00fcnstlerin, die es erf\u00fcllt, Bereicherndes und Inspirierendes festzuhalten und f\u00fcr die \u00d6ffentlichkeit zug\u00e4nglich zu machen.<\/span><\/p>\n<p><span style=\"font-weight: 400;\">Zu ihren Hobbies z\u00e4hlen lesen, Musik h\u00f6ren, Fu\u00dfball spielen und mit Pete im Wald spazieren gehen. Au\u00dferdem fasziniert sie die Kunst des \u201apoi spinning\u2018 und hofft bei uns in dem Bereich weiter wachsen zu k\u00f6nnen.<\/span><\/p>\n<p><span style=\"font-weight: 400;\">Herzlich Willkommen bei Cirque Intense Pauline!<\/span><\/p>","protected":false},"excerpt":{"rendered":"<p>Organisatorische Leitung: Pauline B\u00fcrger Wir d\u00fcrfen dieses Jahr einen Neuzuwachs in unserem Team begr\u00fc\u00dfen. Pauline B\u00fcrger hat im Januar die organisatorische Leitung bei uns \u00fcbernommen und wird unter Anderem daf\u00fcr sorgen, dass ihr ab jetzt wieder regelm\u00e4\u00dfiger von uns h\u00f6rt!&nbsp; Profil: Pauline ist 25 Jahre alt und kommt aus dem Ruhrpott, lebt und arbeitet (digital) &hellip; <\/p>\n<p class=\"link-more\"><a href=\"https:\/\/cirque-intense.de\/en\/pauline-buerger\/\" class=\"more-link\">Continue reading<span class=\"screen-reader-text\"> &#8222;Pauline B\u00fcrger&#8220;<\/span><\/a><\/p>","protected":false},"author":3,"featured_media":0,"parent":0,"menu_order":0,"comment_status":"closed","ping_status":"closed","template":"","meta":{"ngg_post_thumbnail":0,"footnotes":""},"class_list":["post-1326","page","type-page","status-publish","hentry"],"_links":{"self":[{"href":"https:\/\/cirque-intense.de\/en\/wp-json\/wp\/v2\/pages\/1326","targetHints":{"allow":["GET"]}}],"collection":[{"href":"https:\/\/cirque-intense.de\/en\/wp-json\/wp\/v2\/pages"}],"about":[{"href":"https:\/\/cirque-intense.de\/en\/wp-json\/wp\/v2\/types\/page"}],"author":[{"embeddable":true,"href":"https:\/\/cirque-intense.de\/en\/wp-json\/wp\/v2\/users\/3"}],"replies":[{"embeddable":true,"href":"https:\/\/cirque-intense.de\/en\/wp-json\/wp\/v2\/comments?post=1326"}],"version-history":[{"count":3,"href":"https:\/\/cirque-intense.de\/en\/wp-json\/wp\/v2\/pages\/1326\/revisions"}],"predecessor-version":[{"id":1421,"href":"https:\/\/cirque-intense.de\/en\/wp-json\/wp\/v2\/pages\/1326\/revisions\/1421"}],"wp:attachment":[{"href":"https:\/\/cirque-intense.de\/en\/wp-json\/wp\/v2\/media?parent=1326"}],"curies":[{"name":"wp","href":"https:\/\/api.w.org\/{rel}","templated":true}]}}