{"id":14,"date":"2018-03-18T18:19:21","date_gmt":"2018-03-18T18:19:21","guid":{"rendered":"http:\/\/cirqueintense.apps-1and1.net\/?page_id=14"},"modified":"2026-01-09T12:39:20","modified_gmt":"2026-01-09T12:39:20","slug":"startseite","status":"publish","type":"page","link":"https:\/\/cirque-intense.de\/en\/","title":{"rendered":"Willkommen"},"content":{"rendered":"<p><span class=\"TextRun SCXW200757643 BCX0\" lang=\"DE-DE\" xml:lang=\"DE-DE\" data-contrast=\"auto\"><span class=\"NormalTextRun SCXW200757643 BCX0\">&nbsp;Wir freuen uns Dich auf der Seite von Cirque Intense begr\u00fcssen zu d\u00fcrfen. <\/span><\/span><span class=\"TextRun SCXW200757643 BCX0\" lang=\"DE-DE\" xml:lang=\"DE-DE\" data-contrast=\"auto\"><span class=\"NormalTextRun SCXW200757643 BCX0\">Hier erf\u00e4hrst Du alles Wissenswerte \u00fcber unsere Preparatory-Schule, die aktuellen Veranstaltungen, Workshops und unsere sonstigen Angebote.<\/span><\/span><\/p>\n<h5><a href=\"https:\/\/cirque-intense.de\/en\/cirque-intense-praesentiert\/\">Portrait &#8211; das Neue Zirkus-Variet\u00e9 8.0<\/a><\/h5>\n<h5><a href=\"https:\/\/cirque-intense.de\/en\/gastspiel-hoch-hinaus-und-tief-verbunden\/\">Gastspiel: Zirkustheater f\u00fcr die ganze Familie mit Shunya &amp; Carina<\/a><\/h5>\n<h5><a href=\"https:\/\/cirque-intense.de\/en\/bewerben\/\">Das Bewerbungsverfahren f\u00fcr DAs Cirque Intense Schuljahr 2026\/2027 l\u00e4uft<\/a><\/h5>\n<h5><a href=\"https:\/\/cirque-intense.de\/en\/abschlussprogramm-2025\/\">TOURNEE Abschlussst\u00fcck 2025<\/a><\/h5>\n<p>&nbsp;<\/p>\n<p>Und hier der neue Cirque Intense Flyer zum <a href=\"https:\/\/cirque-intense.de\/wp-content\/uploads\/2023\/01\/Flyer-CI_din-lang-Web.pdf\">herunterladen<\/a>.<\/p>\n\n\n\n<h4 class=\"wp-block-heading\"><strong>Das Cirque Intense Preparatory- und Berufsorientierungsjahr<\/strong><\/h4>\n\n\n\n<p>Im<strong> September 2018 <\/strong>&nbsp;ist in S\u00fcdbaden die damals erste Preparatory-Schule in Deutschland entstanden &#8211; ein einzigartiges Zirkus-Artistik Projekt, mit dem wir vor allem Zirkusinteressierte im deutschsprachigen Raum ansprechen.<\/p>\n\n\n\n<p>Wir bieten zwei Ausbildungsg\u00e4nge an. Sie sind als Orientierung und intensive Ausbildungszeit f\u00fcr Zeitgen\u00f6ssischen Zirkus gedacht. Wir bereiten damit auf die Berufsausbildung im artistischen oder zirkusp\u00e4dagogischen Bereich vor:<\/p>\n\n\n\n<p>&#8211; Menschen mit Schulabschluss bereiten wir zielorientiert in einer ein- oder zweij\u00e4hrigen Ausbildungszeit auf die Aufnahmepr\u00fcfung an einer Zirkus Artistenschule vor. Das m\u00f6gliche Eintrittsalter richtet sich dabei nach den pers\u00f6nlichen Zielen.<\/p>\n\n\n\n<p>&#8211; Interessierte, die eine intensive Trainingszeit mit dem Schwerpunkt Zirkusartistik erleben wollen. Tanz, Theater und Musik erg\u00e4nzen das t\u00e4gliche Zirkus Training. Ein m\u00f6gliches Ziel k\u00f6nnte sein, diese Weiterbildung im bisherigen (Lehr-)Beruf gewinnbringend einzusetzen.<\/p>\n\n\n\n<p>&#8211; Wir erm\u00f6glichen auf Wunsch das Sammeln eigener zirkusp\u00e4dagogischer Erfahrungen durch eigenes Trainieren von Kinder- und Jugendgruppen.<\/p>\n\n\n\n<p>In der Projektzeit wird in jedem Ausbildungsgang eine Inszenierung erarbeitet und \u00f6ffentlich aufgef\u00fchrt. An die Premiere in Neuenburg schliesst sich eine Tournee an.<\/p>\n\n\n\n<p>Fragen? Melde dich bei uns!<\/p>\n\n\n\n<h4 class=\"wp-block-heading\"><strong>Unser Kinder-und Jugendtraining<\/strong><\/h4>\n\n\n\n<p>Alle Informationen zu unseren Kindergruppen in M\u00fcllheim, Badenweiler und Neuenburg findet Ihr auf der eigenen Seite der Kindergruppen unter&nbsp;<a aria-label=\"www.zirkus-s\u00fcdbaden.de (\u00f6ffnet in neuem Tab)\" rel=\"noreferrer noopener\" href=\"http:\/\/www.zirkus-s\u00fcdbaden.de\" target=\"_blank\">www.zirkus-suedbaden.de<\/a>.<\/p>\n\n\n\n<p class=\"has-text-align-center\">***<\/p>","protected":false},"excerpt":{"rendered":"<p>&nbsp;Wir freuen uns Dich auf der Seite von Cirque Intense begr\u00fcssen zu d\u00fcrfen. Hier erf\u00e4hrst Du alles Wissenswerte \u00fcber unsere Preparatory-Schule, die aktuellen Veranstaltungen, Workshops und unsere sonstigen Angebote. Portrait &#8211; das Neue Zirkus-Variet\u00e9 8.0 Gastspiel: Zirkustheater f\u00fcr die ganze Familie mit Shunya &amp; Carina Das Bewerbungsverfahren f\u00fcr DAs Cirque Intense Schuljahr 2026\/2027 l\u00e4uft TOURNEE &hellip; <\/p>\n<p class=\"link-more\"><a href=\"https:\/\/cirque-intense.de\/en\/\" class=\"more-link\">Continue reading<span class=\"screen-reader-text\"> &#8222;Willkommen&#8220;<\/span><\/a><\/p>","protected":false},"author":1,"featured_media":586,"parent":0,"menu_order":0,"comment_status":"closed","ping_status":"closed","template":"","meta":{"ngg_post_thumbnail":0,"footnotes":""},"class_list":["post-14","page","type-page","status-publish","has-post-thumbnail","hentry"],"_links":{"self":[{"href":"https:\/\/cirque-intense.de\/en\/wp-json\/wp\/v2\/pages\/14","targetHints":{"allow":["GET"]}}],"collection":[{"href":"https:\/\/cirque-intense.de\/en\/wp-json\/wp\/v2\/pages"}],"about":[{"href":"https:\/\/cirque-intense.de\/en\/wp-json\/wp\/v2\/types\/page"}],"author":[{"embeddable":true,"href":"https:\/\/cirque-intense.de\/en\/wp-json\/wp\/v2\/users\/1"}],"replies":[{"embeddable":true,"href":"https:\/\/cirque-intense.de\/en\/wp-json\/wp\/v2\/comments?post=14"}],"version-history":[{"count":110,"href":"https:\/\/cirque-intense.de\/en\/wp-json\/wp\/v2\/pages\/14\/revisions"}],"predecessor-version":[{"id":2888,"href":"https:\/\/cirque-intense.de\/en\/wp-json\/wp\/v2\/pages\/14\/revisions\/2888"}],"wp:featuredmedia":[{"embeddable":true,"href":"https:\/\/cirque-intense.de\/en\/wp-json\/wp\/v2\/media\/586"}],"wp:attachment":[{"href":"https:\/\/cirque-intense.de\/en\/wp-json\/wp\/v2\/media?parent=14"}],"curies":[{"name":"wp","href":"https:\/\/api.w.org\/{rel}","templated":true}]}}