{"id":141,"date":"2018-04-07T09:40:25","date_gmt":"2018-04-07T09:40:25","guid":{"rendered":"http:\/\/cirque-intense.de\/?page_id=141"},"modified":"2022-01-26T11:26:00","modified_gmt":"2022-01-26T11:26:00","slug":"bewerbungsunterlagen","status":"publish","type":"page","link":"https:\/\/cirque-intense.de\/en\/bewerbungsunterlagen\/","title":{"rendered":"What documents do i need?"},"content":{"rendered":"<p><strong>Required documents:<\/strong><\/p>\n<p>1. we are interested in why you want to train intensively in circus and what you hope to gain from the orientation year (1st year) and the second year, the preparatory training Cirque Intense. We need a letter of motivation (one page is sufficient).<\/p>\n<p>2. please send us a CV with a photo.<\/p>\n<p><span style=\"font-family: 'Libre Franklin';\">3. proof of an (expected) school-leaving certificate.<\/span><\/p>\n<p>&nbsp;<\/p>","protected":false},"excerpt":{"rendered":"<p>Notwendige Unterlagen: 1. Uns interessiert, warum du intensiv Zirkus trainieren m\u00f6chtest und was du dir von dem Preparatory- und (Berufs)Orientierungsjahr Cirque Intense erhoffst. Dazu ben\u00f6tigen wir ein Motivationsschreiben (eine DIN A4 Seite gen\u00fcgt). 2. Schicke uns bitte einen Lebenslauf mit Foto. 3. Nachweis eines (erwarteten) Schulabschlusses. &nbsp;<\/p>","protected":false},"author":1,"featured_media":0,"parent":0,"menu_order":0,"comment_status":"closed","ping_status":"closed","template":"","meta":{"ngg_post_thumbnail":0,"footnotes":""},"class_list":["post-141","page","type-page","status-publish","hentry"],"_links":{"self":[{"href":"https:\/\/cirque-intense.de\/en\/wp-json\/wp\/v2\/pages\/141","targetHints":{"allow":["GET"]}}],"collection":[{"href":"https:\/\/cirque-intense.de\/en\/wp-json\/wp\/v2\/pages"}],"about":[{"href":"https:\/\/cirque-intense.de\/en\/wp-json\/wp\/v2\/types\/page"}],"author":[{"embeddable":true,"href":"https:\/\/cirque-intense.de\/en\/wp-json\/wp\/v2\/users\/1"}],"replies":[{"embeddable":true,"href":"https:\/\/cirque-intense.de\/en\/wp-json\/wp\/v2\/comments?post=141"}],"version-history":[{"count":6,"href":"https:\/\/cirque-intense.de\/en\/wp-json\/wp\/v2\/pages\/141\/revisions"}],"predecessor-version":[{"id":2110,"href":"https:\/\/cirque-intense.de\/en\/wp-json\/wp\/v2\/pages\/141\/revisions\/2110"}],"wp:attachment":[{"href":"https:\/\/cirque-intense.de\/en\/wp-json\/wp\/v2\/media?parent=141"}],"curies":[{"name":"wp","href":"https:\/\/api.w.org\/{rel}","templated":true}]}}