{"id":1446,"date":"2021-03-24T11:41:33","date_gmt":"2021-03-24T11:41:33","guid":{"rendered":"https:\/\/cirque-intense.de\/?page_id=1446"},"modified":"2024-05-29T09:13:03","modified_gmt":"2024-05-29T09:13:03","slug":"faq","status":"publish","type":"page","link":"https:\/\/cirque-intense.de\/en\/faq\/","title":{"rendered":"FAQ"},"content":{"rendered":"<p>Auf dieser Seite findest du Antworten zu Fragen die uns h\u00e4ufig erreichen. Solltest du noch andere Fragen und\/oder Anregungen haben, dann <a href=\"mailto:info@cirque-intense.de\">schreib uns doch einfach!&nbsp;<\/a><\/p>\n\n\n<div class=\"wp-block-image\">\n<figure class=\"aligncenter size-large is-resized\"><img decoding=\"async\" width=\"757\" height=\"1024\" data-src=\"https:\/\/cirque-intense.de\/wp-content\/uploads\/2021\/03\/5E6CC423-E577-4778-A565-5EED126DB89A-757x1024.jpeg\" alt=\"\" class=\"wp-image-1447 lazyload\" style=\"--smush-placeholder-width: 757px; --smush-placeholder-aspect-ratio: 757\/1024;width:369px;height:498px\" data-srcset=\"https:\/\/cirque-intense.de\/wp-content\/uploads\/2021\/03\/5E6CC423-E577-4778-A565-5EED126DB89A-757x1024.jpeg 757w, https:\/\/cirque-intense.de\/wp-content\/uploads\/2021\/03\/5E6CC423-E577-4778-A565-5EED126DB89A-222x300.jpeg 222w, https:\/\/cirque-intense.de\/wp-content\/uploads\/2021\/03\/5E6CC423-E577-4778-A565-5EED126DB89A-768x1040.jpeg 768w, https:\/\/cirque-intense.de\/wp-content\/uploads\/2021\/03\/5E6CC423-E577-4778-A565-5EED126DB89A-1135x1536.jpeg 1135w, https:\/\/cirque-intense.de\/wp-content\/uploads\/2021\/03\/5E6CC423-E577-4778-A565-5EED126DB89A-1513x2048.jpeg 1513w, https:\/\/cirque-intense.de\/wp-content\/uploads\/2021\/03\/5E6CC423-E577-4778-A565-5EED126DB89A.jpeg 1536w\" data-sizes=\"(max-width: 706px) 89vw, (max-width: 767px) 82vw, 740px\" src=\"data:image\/svg+xml;base64,PHN2ZyB3aWR0aD0iMSIgaGVpZ2h0PSIxIiB4bWxucz0iaHR0cDovL3d3dy53My5vcmcvMjAwMC9zdmciPjwvc3ZnPg==\" \/><\/figure>\n<\/div>\n\n\n<div id=\"faq-question-1616585533953\" class=\"schema-faq-section\"><strong class=\"schema-faq-question\">Findet Cirque Intense im Schuljahr 2024\/2025 statt?<\/strong>\n<p class=\"schema-faq-answer\">Ja, nachdem Cirque Intense im September 2018 gestartet ist findet es seitdem jedes Jahr von September bis Ende Juli statt. 2024\/2025 gibt es zwei Gruppen 7.1 und 7.2.<\/p>\n<\/div>\n<div id=\"faq-question-1620399774848\" class=\"schema-faq-section\"><strong class=\"schema-faq-question\">Kann man zum Beispiel nur ein halbes Jahr dabei sein? z.B. Dezember bis April?<\/strong>\n<p class=\"schema-faq-answer\">Ja das ist auf Anfrage m\u00f6glich, ist aber mit h\u00f6heren monatlichen Kosten verbunden. M\u00f6glich ist es von September bis Februar. Am Besten schreibst du uns direkt, wie du dir das vorstellst, damit wir deine Motive besser verstehen und schauen k\u00f6nnen ob eine verk\u00fcrzte Laufzeit f\u00fcr dich\/uns Sinn macht. Wenn wir zum Beispiel gerade eine Auff\u00fchrung vorbereiten ist das nicht so sinnvoll.<\/p>\n<\/div>\n<div id=\"faq-question-1616585574548\" class=\"schema-faq-section\"><strong class=\"schema-faq-question\">Wie sieht es mit den monatlichen Kosten aus?<\/strong>\n<p class=\"schema-faq-answer\">Derzeit betragen die Kosten bei einer Laufzeit von 12 Monaten \u20ac 480,- pro Monat (Stand: 08.02.2023).<\/p>\n<\/div>\n<div id=\"faq-question-1616585601811\" class=\"schema-faq-section\"><strong class=\"schema-faq-question\">Was ist in der Teilnahmegeb\u00fchr inbegriffen?<\/strong>\n<p class=\"schema-faq-answer\">Das t\u00e4gliche Training gem\u00e4\u00df unserem Stunden- und Ferienplan, manche Wochenendworkshops und die Nutzung unserer R\u00e4umlichkeiten \u00fcber die Trainingszeiten hinaus je nach Verf\u00fcgbarkeit f\u00fcr weiteres eigenes Training.<\/p>\n<\/div>\n<div id=\"faq-question-1620400331378\" class=\"schema-faq-section\"><strong class=\"schema-faq-question\">Hat man Zeit nebenbei zu arbeiten, um sich die Lebenshaltungskosten finanzieren zu k\u00f6nnen?<\/strong>\n<p class=\"schema-faq-answer\">Das Preparatory- &amp; Berufsorientierungsjahr ist als Vollzeit Programm konzipiert und fordert sowohl k\u00f6rperlich als auch mental und emotional. Du w\u00fcrdest gerne teilnehmen, aber dir fehlen die finanziellen Mittel? Dann schau mal <a href=\"https:\/\/cirque-intense.de\/en\/finanzierung\/\">hier<\/a> auf unserer Webseite vorbei.<\/p>\n<\/div>\n<div id=\"faq-question-1620399884854\" class=\"schema-faq-section\"><strong class=\"schema-faq-question\">Kann man bei Cirque Intense reinschnuppern. Wenn ja, wie lange?<\/strong>\n<p class=\"schema-faq-answer\">Ja. Wenn es in unseren Trainingsplan passt kann man f\u00fcr eine Woche bei Cirque Intense schnuppern. Das kostet eine Geb\u00fchr von 120,-\u20ac (Verpflegung und Unterkunft nicht mitinbegriffen, wir k\u00f6nnen dir gerne etwas vermitteln).<\/p>\n<\/div>\n<div id=\"faq-question-1620399965363\" class=\"schema-faq-section\"><strong class=\"schema-faq-question\">Und gibt es auch Ferien oder ist es durchgehend?<\/strong>\n<p class=\"schema-faq-answer\">Ja es gibt auch Ferien, denn unser Preparatory- &amp; Berufsorientierungsjahr richtet sich nach dem regul\u00e4ren Schulferienkalender von Baden-W\u00fcrttemberg. Die Ferientage werden am Schuljahresbeginn bekannt gegeben.<\/p>\n<\/div>\n<div id=\"faq-question-1620399922616\" class=\"schema-faq-section\"><strong class=\"schema-faq-question\">Es werden Auff\u00fchrungen einge\u00fcbt, kann man dort mitmachen wenn man nur eine Zeit dabei ist?<\/strong>\n<p class=\"schema-faq-answer\">Im ersten Trainingsjahr erarbeitet das Ensemble ein Abschlussst\u00fcck und geht damit auf Tournee. Im Zeiten Jahr stellt die Gruppe ein Variet\u00e9 zusammen mit einigen Auff\u00fchrungen in unserem Zelt. Wer das ganze Jahr dabei ist kann mitmachen.<\/p>\n<\/div>\n<div id=\"faq-question-1616585638428\" class=\"schema-faq-section\"><strong class=\"schema-faq-question\">Wie sieht der Tagesablauf bei der Audition aus? Wann m\u00fcssen wir wo sein?<\/strong>\n<p class=\"schema-faq-answer\">Wir starten am Samstag um 9 Uhr im Zirkuszelt in Neuenburg am Rhein. Leute die mit dem Zug anreisen k\u00f6nnen wir vom Bahnhof in M\u00fcllheim\/Baden abholen. Die Anreise am Tag vorher ist sinnvoll. Die Audition endet am Sonntag um 16 Uhr. Alle BewerberInnen bekommen rechtzeitig zwei Wochen vorher einen Ablauf und weitere n\u00f6tige Informationen zugeschickt.<\/p>\n<\/div>\n<div id=\"faq-question-1616585687493\" class=\"schema-faq-section\"><strong class=\"schema-faq-question\">Bekommt man noch einen Vertrag, den man unterschreiben muss?<\/strong>\n<p class=\"schema-faq-answer\">Nach der endg\u00fcltigen Zusage nach dem Aufnahmeworkshop senden wir allen Teilnehmenden einen Vertrag zu.<\/p>\n<\/div>\n<div id=\"faq-question-1616585705305\" class=\"schema-faq-section\"><strong class=\"schema-faq-question\">Wann bekommt man den Stundenplan?<\/strong>\n<p class=\"schema-faq-answer\">Der gemeinsame Kalender, Stundenplan und andere wichtige Informationen liegen auf einer Cloud. Sobald du verbindlich f\u00fcr unser Programm angemeldet bist, bzw. sp\u00e4testens 1 Woche vor Unterrichtsbeginn, erh\u00e4ltst du Zugriff mit deiner angegebenen Email Adresse.<\/p>\n<\/div>\n<div id=\"faq-question-1616585724502\" class=\"schema-faq-section\"><strong class=\"schema-faq-question\">Wie sieht es mit der Wohnwagen\/Wohnm\u00f6glichkeit neben dem Trainings- Zelt momentan aus?<\/strong>\n<p class=\"schema-faq-answer\">Stellplatzm\u00f6glichkeiten f\u00fcr Wagen gibt es bei uns leider noch nicht.<br>Die TeilnehmerInnen bekommen von uns eine Liste mit einigen Adressen von Familien, die privat ein Zimmer anbieten.<\/p>\n<\/div>\n<div id=\"faq-question-1616585772127\" class=\"schema-faq-section\"><strong class=\"schema-faq-question\">Erh\u00e4lt man einen Jugend\u00fcbungsleiter- oder Jugendtrainerschein am Ende der Ausbildung?<\/strong>\n<p class=\"schema-faq-answer\">Ja, wenn Du bei der zirkusp\u00e4dagogischen Einf\u00fchrungswoche zu Anfang des Cirque Intense Jahres dabei warst.<\/p>\n<\/div>\n<div id=\"faq-question-1616585813091\" class=\"schema-faq-section\"><strong class=\"schema-faq-question\">M\u00fcssen Cirque Intense TeilnehmerInnen Kindergruppen unterrichten?<\/strong>\n<p class=\"schema-faq-answer\">Nein, selbst unterrichten ist kein muss. Es ist allerdings w\u00fcnschenswert, da es zur Orientierung, die Cirque Intense bieten will, dazugeh\u00f6rt.<\/p>\n<\/div>\n<div id=\"faq-question-1616585838214\" class=\"schema-faq-section\"><strong class=\"schema-faq-question\">Bekommen die Teilnehmer f\u00fcr das Unterrichten Geld?<\/strong>\n<p class=\"schema-faq-answer\">Ja, die Unterrichtseinheiten in Kindergruppen werden mit einer Aufwandsentsch\u00e4digung verg\u00fctet.<\/p>\n<\/div>\n<div id=\"faq-question-1616585854571\" class=\"schema-faq-section\"><strong class=\"schema-faq-question\">Wie viele Stunden unterrichten die Cirque Intense TeilnehmerInnen?<\/strong>\n<p class=\"schema-faq-answer\">Eine oder zwei Kindergruppen, je nach Bedarf und M\u00f6glichkeiten, also 1,5 bis 3 Stunden pro Woche.<\/p>\n<\/div>\n<div id=\"faq-question-1616585863285\" class=\"schema-faq-section\"><strong class=\"schema-faq-question\">M\u00fcssen die Teilnehmer Vorerfahrung haben, um bei Cirque Intense teilnehmen zu k\u00f6nnen?<\/strong>\n<p class=\"schema-faq-answer\">Es ist von Vorteil, je nachdem was f\u00fcr Pl\u00e4ne man f\u00fcr die Zeit nach Cirque Intense hat.<\/p>\n<\/div>\n<div id=\"faq-question-1616585964911\" class=\"schema-faq-section\"><strong class=\"schema-faq-question\">Wie lange dauert das Cirque Intense Jahr?<\/strong>\n<p class=\"schema-faq-answer\">Der Zeitraum orientiert sich am Schuljahr der allgemeinbildenden Schulen in Baden-W\u00fcrttemberg. In den Sommerferien steht das Zirkuszelt f\u00fcr eigenes Training zur Verf\u00fcgung. In den Schulferien (ma\u00dfgeblich ist der Ferien-Plan f\u00fcr Baden-W\u00fcrttemberg) findet kein Unterricht statt.<\/p>\n<\/div>\n<div id=\"faq-question-1616585983138\" class=\"schema-faq-section\"><strong class=\"schema-faq-question\">Welche Disziplinen werden bei Cirque Intense unterrichtet?<\/strong>\n<p class=\"schema-faq-answer\">Jede\/r Cirque Intense TeilnehmerIn erh\u00e4lt regelm\u00e4\u00dfig Unterricht in Akrobatik, Jonglage, Balance, Tanz, Theater und Musik. Au\u00dferdem w\u00e4hlt jede\/r TeilnehmerIn eine Spezialisierung.<\/p>\n<\/div>\n<div id=\"faq-question-1616586007955\" class=\"schema-faq-section\"><strong class=\"schema-faq-question\">Welche Spezialisierungsdisziplinen werden bei Cirque Intense angeboten?<\/strong>\n<p class=\"schema-faq-answer\">Wir bieten vor allem Akrobatik, Partnerakrobatik, Luftartistik, Handstand, Rola Bola, Seiltanz, Einrad, Freileiter, Jonglieren, Diabolo, Cyr-Wheel, Chinesischer Mast, Balancier-Kugel und Schleuderbrett an. Weitere Disziplinen werden wir durch externe Trainer, die f\u00fcr Workshops zu uns kommen abgedeckt.<\/p>\n<\/div>\n<div id=\"faq-question-1616586025374\" class=\"schema-faq-section\"><strong class=\"schema-faq-question\">Ist es m\u00f6glich eine Praktikums-\/Ausbildungsbest\u00e4tigung auszustellen?<\/strong>\n<p class=\"schema-faq-answer\">Die TeilnehmerInnen bekommen eine Best\u00e4tigung \u00fcber ein einj\u00e4hriges Vollzeit-Praktikum ohne Verg\u00fctung bzw. ein Berufsorientierungsjahr, zusammen mit der Teilnahmebest\u00e4tigung und dem Ausbildungsvertrag direkt nach dem Aufnahmeworkshop. Das erm\u00f6glicht im Normalfall den Bezug von Kindergeld.<\/p>\n<\/div>\n<div id=\"faq-question-1620400445047\" class=\"schema-faq-section\"><strong class=\"schema-faq-question\">Wie sieht es nach diesem Orientierungsjahr aus, welche Job- oder Studien Aussichten hat man genau?<\/strong>\n<p class=\"schema-faq-answer\">Diese Links k\u00f6nnten dir weiterhelfen:<br><a href=\"https:\/\/cirque-intense.de\/en\/was-ist-cirque-intense\/\">Wir bieten<\/a><br><a href=\"https:\/\/cirque-intense.de\/en\/testimonials\/\">Testimonials von ehemaligen CI TeilnehmerInnen<\/a><br><a href=\"https:\/\/cirque-intense.de\/en\/referenzen-artisten\/\">Referenzen von Artisten<\/a><br>W\u00e4hrend dem Schuljahr beraten wir dich individuell deinen W\u00fcnschen und Vorstellungen entsprechend. Wenn du zum Beispiel ZirkusartistIn werden willst, empfehlen wir dir Hochschulen, die zu dir passen&nbsp; ; Au\u00dferdem werden euch auf die Weiterbildung zum Zirkusp\u00e4dagogen&nbsp; BAG absolvierte Jugend\u00fcbungsleiter- und Jugendtrainer-Stunden angerechnet.&nbsp;<\/p>\n<\/div>\n<div id=\"faq-question-1620400511765\" class=\"schema-faq-section\"><strong class=\"schema-faq-question\">Gibt es zwei Gruppen, eine f\u00fcr Berufsorientierung und eine f\u00fcr Aufnahmepr\u00fcfungsvorbereitung? Oder trainieren alle zusammen?<\/strong>\n<p class=\"schema-faq-answer\">Das erste Cirque Intense Jahr ist vor allem dazu gedacht sich zu orientieren um besser entscheiden zu k\u00f6nnen, ob eine Zirkusausbildung die richtige Wahl ist.<br>Das zweite Cirque Intense Jahr ist dann zur intensiven Vorbereitung auf Aufnahmepr\u00fcfungen an Zirkushochschulen.<\/p>\n<\/div>\n<div id=\"faq-question-1616586033626\" class=\"schema-faq-section\"><strong class=\"schema-faq-question\">Zum Aufnahmewochenende: Gibt es \u00dcbernachtungsm\u00f6glichkeiten oder soll man dies selbst organisieren? Gibt es Verpflegung?<\/strong>\n<p class=\"schema-faq-answer\">Wir haben einige Zimmer\/Betten privat organisiert. Auf Wunsch k\u00f6nnen die TeilnehmerInnen in der Turnhalle mit Isomatte und Schlafsack \u00fcbernachten.<br>Wir sorgen f\u00fcr die Verpflegung, sie ist in der Teilnahmegeb\u00fchr von 80 \u20ac enthalten. Es gibt Samstag ein Mittag- und Abendessen, Sonntag Fr\u00fchst\u00fcck und Mittagessen und in den Pausen Getr\u00e4nke und Kleinigkeiten.<\/p>\n<\/div>\n<div id=\"faq-question-1616586112566\" class=\"schema-faq-section\"><strong class=\"schema-faq-question\">K\u00f6nnen Eltern\/Freunde beim Aufnahmeworkshop zuschauen?<\/strong>\n<p class=\"schema-faq-answer\">Leider nicht. Aber gerne k\u00f6nnen sie bei der Begr\u00fc\u00dfungsrunde am Samstag um 9 Uhr (bis ca. 10 Uhr) dabei sein und wenn n\u00f6tig Fragen an das Cirque Intense-Team stellen.<\/p>\n<\/div>","protected":false},"excerpt":{"rendered":"<p>Auf dieser Seite findest du Antworten zu Fragen die uns h\u00e4ufig erreichen. Solltest du noch andere Fragen und\/oder Anregungen haben, dann schreib uns doch einfach!&nbsp; Findet Cirque Intense im Schuljahr 2024\/2025 statt? Ja, nachdem Cirque Intense im September 2018 gestartet ist findet es seitdem jedes Jahr von September bis Ende Juli statt. 2024\/2025 gibt es &hellip; <\/p>\n<p class=\"link-more\"><a href=\"https:\/\/cirque-intense.de\/en\/faq\/\" class=\"more-link\">Continue reading<span class=\"screen-reader-text\"> &#8222;FAQ&#8220;<\/span><\/a><\/p>","protected":false},"author":3,"featured_media":1728,"parent":0,"menu_order":0,"comment_status":"closed","ping_status":"closed","template":"","meta":{"ngg_post_thumbnail":0,"footnotes":""},"class_list":["post-1446","page","type-page","status-publish","has-post-thumbnail","hentry"],"_links":{"self":[{"href":"https:\/\/cirque-intense.de\/en\/wp-json\/wp\/v2\/pages\/1446","targetHints":{"allow":["GET"]}}],"collection":[{"href":"https:\/\/cirque-intense.de\/en\/wp-json\/wp\/v2\/pages"}],"about":[{"href":"https:\/\/cirque-intense.de\/en\/wp-json\/wp\/v2\/types\/page"}],"author":[{"embeddable":true,"href":"https:\/\/cirque-intense.de\/en\/wp-json\/wp\/v2\/users\/3"}],"replies":[{"embeddable":true,"href":"https:\/\/cirque-intense.de\/en\/wp-json\/wp\/v2\/comments?post=1446"}],"version-history":[{"count":10,"href":"https:\/\/cirque-intense.de\/en\/wp-json\/wp\/v2\/pages\/1446\/revisions"}],"predecessor-version":[{"id":2650,"href":"https:\/\/cirque-intense.de\/en\/wp-json\/wp\/v2\/pages\/1446\/revisions\/2650"}],"wp:featuredmedia":[{"embeddable":true,"href":"https:\/\/cirque-intense.de\/en\/wp-json\/wp\/v2\/media\/1728"}],"wp:attachment":[{"href":"https:\/\/cirque-intense.de\/en\/wp-json\/wp\/v2\/media?parent=1446"}],"curies":[{"name":"wp","href":"https:\/\/api.w.org\/{rel}","templated":true}]}}