{"id":165,"date":"2018-04-07T20:33:03","date_gmt":"2018-04-07T20:33:03","guid":{"rendered":"http:\/\/cirque-intense.de\/?page_id=165"},"modified":"2019-07-21T06:00:50","modified_gmt":"2019-07-21T06:00:50","slug":"mandy-ibing","status":"publish","type":"page","link":"https:\/\/cirque-intense.de\/en\/mandy-ibing\/","title":{"rendered":"Mandy Ibing"},"content":{"rendered":"<p><strong><span style=\"font-size: 14pt;\">Medizinische Betreuung und&nbsp;<\/span><\/strong><strong><span style=\"font-size: 14pt;\">p\u00e4dagogisches Zusatz-Modul:<\/span><\/strong><\/p>\n<p><strong><span style=\"font-size: 14pt;\"><span style=\"font-size: 18pt;\">Mandy Ibing<\/span><\/span><\/strong><\/p>\n<p><img decoding=\"async\" class=\"size-medium wp-image-251 alignright lazyload\" data-src=\"https:\/\/cirque-intense.de\/wp-content\/uploads\/2018\/04\/Portrait-Foto-Mandy-265x300.jpg\" alt=\"\" width=\"265\" height=\"300\" data-srcset=\"https:\/\/cirque-intense.de\/wp-content\/uploads\/2018\/04\/Portrait-Foto-Mandy-265x300.jpg 265w, https:\/\/cirque-intense.de\/wp-content\/uploads\/2018\/04\/Portrait-Foto-Mandy.jpg 277w\" data-sizes=\"(max-width: 265px) 100vw, 265px\" src=\"data:image\/svg+xml;base64,PHN2ZyB3aWR0aD0iMSIgaGVpZ2h0PSIxIiB4bWxucz0iaHR0cDovL3d3dy53My5vcmcvMjAwMC9zdmciPjwvc3ZnPg==\" style=\"--smush-placeholder-width: 265px; --smush-placeholder-aspect-ratio: 265\/300;\" \/><\/p>\n<p>Mandy Ibing ist Osteopathin und Physiotherap<span style=\"font-size: 1rem;\">eutin i<\/span><span style=\"font-size: 1rem;\">n eigener Praxis in Badenweiler. Au\u00dferdem ist sie Diplom-Berufs<\/span><span style=\"font-size: 1rem;\">p\u00e4dagogin (FH) mit der Spezialisierung auf Physiotherapie.<\/span><\/p>\n<p><span style=\"font-size: 1rem;\">Bei ausreichendem Interesse wird sie w\u00e4hrend des Orientierungsjahres den Cirque Intense Teilnehmer*Innen in einem Zusatz-Kursmodul p\u00e4dagogische Grundlagen vermitteln. <\/span><span style=\"font-size: 1rem;\">Wir haben sie au\u00dferdem f\u00fcr die <\/span><a style=\"font-size: 1rem;\" href=\"https:\/\/cirque-intense.de\/en\/medizinische-betreuung\/\">medizinische Betreuung<\/a><strong style=\"font-size: 1rem;\">&nbsp;<\/strong><span style=\"font-size: 1rem;\">w\u00e4hrend des Orientierungsjahres gewinnen k\u00f6nnen.<\/span><\/p>\n<p>Als Jugendliche betrieb Mandy selbst Trampolinturnen auf Leistungssport-Niveau und war Mitglied im Jugend-Bundeskader. Sie kann deshalb aus eigener Erfahrung gut nachvollziehen, wie sich ein intensives Training auf Jugendliche auswirkt und steht den Teilnehmer*innen w\u00e4hrend des Orientierungsjahres mit hilfreichen Tips zur Verf\u00fcgung.&nbsp;<\/p>\n<p>Ein detaillierteres Profil von Mandy findet ihr auf ihrer<br \/>\nPraxis-homepage (<a href=\"http:\/\/osteopathie-badenweiler.de\/profil-mandy-ibing\" target=\"_blank\" rel=\"noopener noreferrer\"><span style=\"font-size: 10pt;\">Link zur Praxis<\/span><\/a>).<\/p>","protected":false},"excerpt":{"rendered":"<p>Medizinische Betreuung und&nbsp;p\u00e4dagogisches Zusatz-Modul: Mandy Ibing Mandy Ibing ist Osteopathin und Physiotherapeutin in eigener Praxis in Badenweiler. Au\u00dferdem ist sie Diplom-Berufsp\u00e4dagogin (FH) mit der Spezialisierung auf Physiotherapie. Bei ausreichendem Interesse wird sie w\u00e4hrend des Orientierungsjahres den Cirque Intense Teilnehmer*Innen in einem Zusatz-Kursmodul p\u00e4dagogische Grundlagen vermitteln. Wir haben sie au\u00dferdem f\u00fcr die medizinische Betreuung&nbsp;w\u00e4hrend des Orientierungsjahres &hellip; <\/p>\n<p class=\"link-more\"><a href=\"https:\/\/cirque-intense.de\/en\/mandy-ibing\/\" class=\"more-link\">Continue reading<span class=\"screen-reader-text\"> &#8222;Mandy Ibing&#8220;<\/span><\/a><\/p>","protected":false},"author":1,"featured_media":0,"parent":0,"menu_order":0,"comment_status":"closed","ping_status":"closed","template":"","meta":{"ngg_post_thumbnail":0,"footnotes":""},"class_list":["post-165","page","type-page","status-publish","hentry"],"_links":{"self":[{"href":"https:\/\/cirque-intense.de\/en\/wp-json\/wp\/v2\/pages\/165","targetHints":{"allow":["GET"]}}],"collection":[{"href":"https:\/\/cirque-intense.de\/en\/wp-json\/wp\/v2\/pages"}],"about":[{"href":"https:\/\/cirque-intense.de\/en\/wp-json\/wp\/v2\/types\/page"}],"author":[{"embeddable":true,"href":"https:\/\/cirque-intense.de\/en\/wp-json\/wp\/v2\/users\/1"}],"replies":[{"embeddable":true,"href":"https:\/\/cirque-intense.de\/en\/wp-json\/wp\/v2\/comments?post=165"}],"version-history":[{"count":13,"href":"https:\/\/cirque-intense.de\/en\/wp-json\/wp\/v2\/pages\/165\/revisions"}],"predecessor-version":[{"id":545,"href":"https:\/\/cirque-intense.de\/en\/wp-json\/wp\/v2\/pages\/165\/revisions\/545"}],"wp:attachment":[{"href":"https:\/\/cirque-intense.de\/en\/wp-json\/wp\/v2\/media?parent=165"}],"curies":[{"name":"wp","href":"https:\/\/api.w.org\/{rel}","templated":true}]}}