{"id":18,"date":"2018-03-18T18:19:21","date_gmt":"2018-03-18T18:19:21","guid":{"rendered":"http:\/\/cirqueintense.apps-1and1.net\/?page_id=18"},"modified":"2025-01-07T19:12:10","modified_gmt":"2025-01-07T19:12:10","slug":"was-ist-cirque-intense","status":"publish","type":"page","link":"https:\/\/cirque-intense.de\/en\/was-ist-cirque-intense\/","title":{"rendered":"Was ist Cirque Intense?"},"content":{"rendered":"<p><span style=\"font-family: 'Libre Franklin';\"><span style=\"font-size: medium;\">Cirque Intense ist ein Orientierungsjahr f\u00fcr Schulabsolvent*innen, die sich kreativ, k\u00fcnstlerisch und bewegungstechnisch ausprobieren m\u00f6chten, die wissen m\u00f6chten, ob der Beruf Artist*in, Bewegungsdarsteller*in oder Zirkusp\u00e4dagog*in der Richtige f\u00fcr sie ist.<\/span><\/span><\/p>\n<p><span style=\"font-family: 'Libre Franklin';\"><span style=\"font-size: medium;\">Zirkusprojekte sind in der heutigen Zeit gefragt. Mit dem Schulabschluss endet jedoch f\u00fcr viele eine erlebnisreiche, lehrreiche Freizeitbesch\u00e4ftigung.<\/span><\/span><\/p>\n<p><span style=\"font-family: 'Libre Franklin';\"><span style=\"font-size: medium;\">Cirque Intense geht deshalb dar\u00fcber hinaus und erm\u00f6glicht, sich ein Jahr lang mit Artistik, Theater, Tanz, Musik und Performance zu besch\u00e4ftigen. Zugleich erhalten die Teilnehmer*innen im Bereich Zirkusp\u00e4dagogik praktische Erfahrung, indem sie unter Anleitung w\u00f6chentlich Kindergruppen unterrichten k\u00f6nnen. Junge Erwachsene erhalten intensives Training, konzipieren Auff\u00fchrungen und f\u00fchren diese durch. Bei Interesse bereiten sie sich auf die Aufnahmepr\u00fcfung an internationalen Zirkushochschulen vor.<\/span><\/span><\/p>\n<p>Cirque Intense kann auch als Fortbildung f\u00fcr Zirkusp\u00e4dagogen oder andere Interessierte gen\u00fctzt werden. Hier k\u00f6nnt ihr f\u00fcr eine selbstgew\u00e4hlte Zeitspanne intensiv Zirkusk\u00fcnste vertiefen.<\/p>\n<h1>Philosophie<\/h1>\n<p>Jugendliche sehen sich nach dem Schulabschlu\u00df zahlreichen Auswahlm\u00f6glichkeiten, zugleich aber auch einem enormen Erfolgsdruck gegen\u00fcber. Sie ben\u00f6tigen eine Phase der Orientierung und eventuell einen Coach, um dann den eigenen Weg und ihren Beruf finden zu k\u00f6nnen.<\/p>\n<p>Im Zirkusjahr steht die Auseinandersetzung mit sich selbst, die Entdeckung des eigenen Potentials im Mittelpunkt. Cirque Intense soll eine Antwort sein auf ein zunehmendes Bed\u00fcrfnis, sich nach dem Ende der Schulzeit, in Artistik und weiteren F\u00e4chern zu erproben und sich darin weiter zu entwickeln.<\/p>\n<p>Unabh\u00e4ngig davon ob die Teilnehmer*innen sich sp\u00e4ter f\u00fcr eine Zirkusausbildung entscheiden, wollen wir mit Cirque Intense erm\u00f6glichen, individuelle Begabungen und Grenzen auszuloten.<\/p>\n<h1>K\u00fcnstlerischer Ansatz<\/h1>\n<p><span style=\"color: #000000;\"><span style=\"font-family: 'Libre Franklin';\"><span style=\"font-size: medium;\"><strong>Robert Eisele (K\u00fcnstlerischer Leiter):<\/strong>&nbsp;<\/span><\/span><\/span><\/p>\n<p><span style=\"color: #000000;\">\u201e<span style=\"font-family: Libre Franklin;\"><span style=\"font-size: large;\">Schon als Jugendlicher war ich fasziniert von Theater und Zirkus. Artistische Leistung mit theatralen Elementen, Musik und inspirierter Darstellung zu verbinden, ist meine Leidenschaft. Der Zeitgen\u00f6ssische Zirkus, der sich als Kunstsparte in den letzten zwei Jahrzehnten etabliert <\/span><\/span><\/span><span style=\"color: #000000;\"><span style=\"font-family: Libre Franklin;\"><span style=\"font-size: large;\">hat, ist f\u00fcr mich so kraftvoll, \u00e4sthetisch und voller M\u00f6glichkeiten, dass ich dazu beitragen m\u00f6chte, diese Kunstrichtung weiterzuentwickeln.<\/span><\/span><\/span><\/p>\n<p><span style=\"color: #000000;\"><span style=\"font-family: Libre Franklin;\"><span style=\"font-size: large;\">Als T\u00e4nzer, Schauspieler und Bewegungsdarsteller habe ich gearbeitet und Regie im Bereich Oper, Schauspiel und Zirkus gef\u00fchrt. Zu meinen Sch\u00fclerInnen geh\u00f6ren sowohl Amateure als auch professionelle Artisten, Schauspieler und T\u00e4nzer. Nun m\u00f6chte ich eine moderne Zirkusschule aufbauen, um jungen Erwachsenen mein Wissen weiterzugeben, ihnen die M\u00f6glichkeit zu bieten, ein Bildungs- und Orientierungsjahr &#8222;Zirkus&#8220; zu erleben, um sich f\u00fcr Zirkus<\/span><\/span><\/span><span style=\"color: #000000;\"><span style=\"font-family: Libre Franklin;\"><span style=\"font-size: large;\"> als berufliche Perspektive entscheiden zu k\u00f6nnen.<\/span><\/span><\/span><\/p>\n<p><span style=\"color: #000000;\"><span style=\"font-family: Libre Franklin;\"><span style=\"font-size: large;\">Zirkuskunst diente fr\u00fcher dazu, Menschen mit Kunstst\u00fccken und Besonderheiten zu faszinieren. Zirkus brachte die Menschen zum Staunen, war Abwechslung und ein Fenster zur Welt. \u201eKlassischer\u201c Zirkus mit H\u00f6chstleistungen um ihrer selbst willen verliert jedoch immer mehr an Bedeutung.<\/span><\/span><\/span><\/p>\n<p><span style=\"color: #000000;\"><span style=\"font-family: Libre Franklin;\"><span style=\"font-size: large;\">Die Zeit ist reif f\u00fcr eine Unterhaltungskunst, die den Menschen in den Mittelpunkt stellt, die bewegt und inspiriert. Kultur hat die ureigene Aufgabe den individuellen Blick auf die Welt zu weiten und zu vertiefen indem sie Sinnhaftigkeit und Sch\u00f6nheit erlebbar macht. Zirkuskultur bietet neben Harmonie und \u00c4sthetik noch eine unglaubliche Dynamik, die der Zuschauer ein St\u00fcck weit in der Auff\u00fchrung an sich selbst erlebt. Einen Impuls von Leichtigkeit und Freiheit. Diese im besten Sinne ganzheitliche Idee wahrhaftig, mit Kraft, Freiheit und \u00dcberzeugung anzubieten, dahin m\u00f6chte ich mit meinen Sch\u00fclerInnen in unserer zweij\u00e4hrigen Ausbildung kommen.&#8220;<\/span><\/span><\/span><\/p>","protected":false},"excerpt":{"rendered":"<p>Cirque Intense ist ein Orientierungsjahr f\u00fcr Schulabsolvent*innen, die sich kreativ, k\u00fcnstlerisch und bewegungstechnisch ausprobieren m\u00f6chten, die wissen m\u00f6chten, ob der Beruf Artist*in, Bewegungsdarsteller*in oder Zirkusp\u00e4dagog*in der Richtige f\u00fcr sie ist. Zirkusprojekte sind in der heutigen Zeit gefragt. Mit dem Schulabschluss endet jedoch f\u00fcr viele eine erlebnisreiche, lehrreiche Freizeitbesch\u00e4ftigung. Cirque Intense geht deshalb dar\u00fcber hinaus und &hellip; <\/p>\n<p class=\"link-more\"><a href=\"https:\/\/cirque-intense.de\/en\/was-ist-cirque-intense\/\" class=\"more-link\">Continue reading<span class=\"screen-reader-text\"> &#8222;Was ist Cirque Intense?&#8220;<\/span><\/a><\/p>","protected":false},"author":1,"featured_media":562,"parent":0,"menu_order":0,"comment_status":"closed","ping_status":"closed","template":"","meta":{"ngg_post_thumbnail":0,"footnotes":""},"class_list":["post-18","page","type-page","status-publish","has-post-thumbnail","hentry"],"_links":{"self":[{"href":"https:\/\/cirque-intense.de\/en\/wp-json\/wp\/v2\/pages\/18","targetHints":{"allow":["GET"]}}],"collection":[{"href":"https:\/\/cirque-intense.de\/en\/wp-json\/wp\/v2\/pages"}],"about":[{"href":"https:\/\/cirque-intense.de\/en\/wp-json\/wp\/v2\/types\/page"}],"author":[{"embeddable":true,"href":"https:\/\/cirque-intense.de\/en\/wp-json\/wp\/v2\/users\/1"}],"replies":[{"embeddable":true,"href":"https:\/\/cirque-intense.de\/en\/wp-json\/wp\/v2\/comments?post=18"}],"version-history":[{"count":10,"href":"https:\/\/cirque-intense.de\/en\/wp-json\/wp\/v2\/pages\/18\/revisions"}],"predecessor-version":[{"id":2735,"href":"https:\/\/cirque-intense.de\/en\/wp-json\/wp\/v2\/pages\/18\/revisions\/2735"}],"wp:featuredmedia":[{"embeddable":true,"href":"https:\/\/cirque-intense.de\/en\/wp-json\/wp\/v2\/media\/562"}],"wp:attachment":[{"href":"https:\/\/cirque-intense.de\/en\/wp-json\/wp\/v2\/media?parent=18"}],"curies":[{"name":"wp","href":"https:\/\/api.w.org\/{rel}","templated":true}]}}