{"id":231,"date":"2018-04-16T19:35:57","date_gmt":"2018-04-16T19:35:57","guid":{"rendered":"http:\/\/cirque-intense.de\/?page_id=231"},"modified":"2025-01-08T23:43:14","modified_gmt":"2025-01-08T23:43:14","slug":"referenzen-artisten","status":"publish","type":"page","link":"https:\/\/cirque-intense.de\/en\/referenzen-artisten\/","title":{"rendered":"Alumni"},"content":{"rendered":"<p>&nbsp;<\/p>\n<table style=\"width: 96.0131%; height: 4252px;\">\n<tbody>\n<tr style=\"height: 41px;\">\n<td style=\"width: 99.8258%; height: 41px;\" colspan=\"2\">Vom Hobby zum Beruf &#8211; Artisten, die bei Robert Eisele trainiert haben: &nbsp; &nbsp; &nbsp;<\/td>\n<\/tr>\n<tr style=\"height: 318px;\">\n<td style=\"width: 44.2509%; text-align: right; vertical-align: top; height: 318px;\"><img decoding=\"async\" class=\"alignnone size-medium wp-image-1092 lazyload\" data-src=\"https:\/\/cirque-intense.de\/wp-content\/uploads\/2020\/11\/Evinus-32-192x300.jpeg\" alt=\"Julia - Lyra Evinus\" width=\"192\" height=\"300\" data-srcset=\"https:\/\/cirque-intense.de\/wp-content\/uploads\/2020\/11\/Evinus-32-192x300.jpeg 192w, https:\/\/cirque-intense.de\/wp-content\/uploads\/2020\/11\/Evinus-32.jpeg 410w\" data-sizes=\"(max-width: 192px) 100vw, 192px\" src=\"data:image\/svg+xml;base64,PHN2ZyB3aWR0aD0iMSIgaGVpZ2h0PSIxIiB4bWxucz0iaHR0cDovL3d3dy53My5vcmcvMjAwMC9zdmciPjwvc3ZnPg==\" style=\"--smush-placeholder-width: 192px; --smush-placeholder-aspect-ratio: 192\/300;\" \/><\/td>\n<td style=\"width: 55.5749%; height: 318px;\">\n<p><strong>Julia Tanner<br><\/strong><span style=\"font-size: inherit; font-family: inherit;\">(Aerial Hoop)<\/span><\/p>\n<p>&#8230; nach ihrer Teilnahme bei Cirque Intense hat Julia den Sprung an die Zirkusschule \u201e<a href=\"http:\/\/www.cirkovertigo.com\" target=\"_blank\" rel=\"noopener noreferrer\">Cirko Vertigo<\/a>\u201c &nbsp;in Turin geschafft und verfolgt seit seit Herbst 22 Ihre Zirkusausbildung weiter bei AFUC in Tilburg.<\/p>\n<\/td>\n<\/tr>\n<tr style=\"height: 246px;\">\n<td style=\"width: 44.2509%; text-align: right; vertical-align: top; height: 246px;\"><img decoding=\"async\" class=\"alignnone size-medium wp-image-1082 lazyload\" data-src=\"https:\/\/cirque-intense.de\/wp-content\/uploads\/2020\/11\/Evinus-22-300x225.jpeg\" alt=\"Alma Cyr Wheel\" width=\"300\" height=\"225\" data-srcset=\"https:\/\/cirque-intense.de\/wp-content\/uploads\/2020\/11\/Evinus-22-300x225.jpeg 300w, https:\/\/cirque-intense.de\/wp-content\/uploads\/2020\/11\/Evinus-22.jpeg 640w\" data-sizes=\"(max-width: 300px) 100vw, 300px\" src=\"data:image\/svg+xml;base64,PHN2ZyB3aWR0aD0iMSIgaGVpZ2h0PSIxIiB4bWxucz0iaHR0cDovL3d3dy53My5vcmcvMjAwMC9zdmciPjwvc3ZnPg==\" style=\"--smush-placeholder-width: 300px; --smush-placeholder-aspect-ratio: 300\/225;\" \/><\/td>\n<td style=\"width: 55.5749%; height: 246px;\">\n<p><strong>Alma Gruber<br><\/strong>(Cyr-Wheel)&nbsp;<\/p>\n<p>&#8230; hat bei Cirque Intense die Leidenschaft f\u00fcr das Cyr-Wheel entdeckt und ist hat nach dem Besuch der Zirkusschule \u201e<a href=\"http:\/\/www.cirkovertigo.com\" target=\"_blank\" rel=\"noopener noreferrer\">Cirko Vertigo<\/a>\u201c in Turin nach Lyon gewechselt um dort den n\u00e4chsten Schritt ihrer Ausbildung zu wagen.&nbsp;<\/p>\n<\/td>\n<\/tr>\n<tr style=\"height: 368px;\">\n<td style=\"width: 44.2509%; text-align: right; vertical-align: top; height: 368px;\"><img decoding=\"async\" class=\"aligncenter size-full wp-image-602 lazyload\" data-src=\"https:\/\/cirque-intense.de\/wp-content\/uploads\/2019\/11\/photo_2019-11-05_20-12-04.jpg\" alt=\"\" width=\"960\" height=\"1280\" data-srcset=\"https:\/\/cirque-intense.de\/wp-content\/uploads\/2019\/11\/photo_2019-11-05_20-12-04.jpg 960w, https:\/\/cirque-intense.de\/wp-content\/uploads\/2019\/11\/photo_2019-11-05_20-12-04-225x300.jpg 225w, https:\/\/cirque-intense.de\/wp-content\/uploads\/2019\/11\/photo_2019-11-05_20-12-04-768x1024.jpg 768w\" data-sizes=\"(max-width: 767px) 89vw, (max-width: 1000px) 54vw, (max-width: 1071px) 543px, 580px\" src=\"data:image\/svg+xml;base64,PHN2ZyB3aWR0aD0iMSIgaGVpZ2h0PSIxIiB4bWxucz0iaHR0cDovL3d3dy53My5vcmcvMjAwMC9zdmciPjwvc3ZnPg==\" style=\"--smush-placeholder-width: 960px; --smush-placeholder-aspect-ratio: 960\/1280;\" \/><\/td>\n<td style=\"width: 55.5749%; height: 368px;\">\n<p><strong>Shunya Baner<br><\/strong><span style=\"font-size: inherit; font-family: inherit;\">(Aerial Hoop)<\/span><\/p>\n<p>&#8230;hat viele Jahre Zirkus Unterricht bei Robert Eisele erhalten. Nach dem sie das Abitur im Sommer 2019 abgeschlossen hat, hat sie die Zirkusschule \u201e<a href=\"http:\/\/www.cirkovertigo.com\" target=\"_blank\" rel=\"noopener noreferrer\">Cirko Vertigo<\/a>\u201c in Turin besucht. Aktuell trainiert sie an der Zirkusschule in Bordeaux.<\/p>\n<p><strong>&nbsp;<\/strong><\/p>\n<\/td>\n<\/tr>\n<tr style=\"height: 297px;\">\n<td style=\"width: 44.2509%; text-align: right; vertical-align: top; height: 297px;\"><img decoding=\"async\" class=\"wp-image-508 aligncenter lazyload\" data-src=\"https:\/\/cirque-intense.de\/wp-content\/uploads\/2019\/07\/Salome-mit-Leiter-klein-295x300.jpg\" alt=\"\" width=\"235\" height=\"239\" data-srcset=\"https:\/\/cirque-intense.de\/wp-content\/uploads\/2019\/07\/Salome-mit-Leiter-klein-295x300.jpg 295w, https:\/\/cirque-intense.de\/wp-content\/uploads\/2019\/07\/Salome-mit-Leiter-klein.jpg 492w\" data-sizes=\"(max-width: 235px) 100vw, 235px\" src=\"data:image\/svg+xml;base64,PHN2ZyB3aWR0aD0iMSIgaGVpZ2h0PSIxIiB4bWxucz0iaHR0cDovL3d3dy53My5vcmcvMjAwMC9zdmciPjwvc3ZnPg==\" style=\"--smush-placeholder-width: 235px; --smush-placeholder-aspect-ratio: 235\/239;\" \/><\/td>\n<td style=\"width: 55.5749%; height: 297px;\">\n<p><strong>Salom\u00e9 Fischer<\/strong><\/p>\n<p>(Freileiter)<\/p>\n<p>&#8230; hat am Cirque Intense 1.0 (Schuljahr 2018\/2019) teilgenommen. Danach Bachelor of Arts an der &nbsp;Accademia-<a href=\"http:\/\/www.accademiadimitri.ch\" target=\"_blank\" rel=\"noopener\">Dimitri <\/a><span style=\"font-size: revert; font-family: inherit;\">im Tessin\/CH, heute Ensemblemitglied bei &#8222;Karls K\u00fchne Gassenschau&#8220;.<\/span><\/p>\n<\/td>\n<\/tr>\n<tr style=\"height: 657px;\">\n<td style=\"width: 44.2509%; text-align: right; vertical-align: top; height: 657px;\">&nbsp;<img decoding=\"async\" class=\"wp-image-232 size-medium aligncenter lazyload\" data-src=\"https:\/\/cirque-intense.de\/wp-content\/uploads\/2018\/04\/Max-Fr\u00f6hlich-200x300.jpg\" alt=\"\" width=\"200\" height=\"300\" data-srcset=\"https:\/\/cirque-intense.de\/wp-content\/uploads\/2018\/04\/Max-Fr\u00f6hlich-200x300.jpg 200w, https:\/\/cirque-intense.de\/wp-content\/uploads\/2018\/04\/Max-Fr\u00f6hlich-768x1152.jpg 768w, https:\/\/cirque-intense.de\/wp-content\/uploads\/2018\/04\/Max-Fr\u00f6hlich-683x1024.jpg 683w, https:\/\/cirque-intense.de\/wp-content\/uploads\/2018\/04\/Max-Fr\u00f6hlich.jpg 1537w\" data-sizes=\"(max-width: 200px) 100vw, 200px\" src=\"data:image\/svg+xml;base64,PHN2ZyB3aWR0aD0iMSIgaGVpZ2h0PSIxIiB4bWxucz0iaHR0cDovL3d3dy53My5vcmcvMjAwMC9zdmciPjwvc3ZnPg==\" style=\"--smush-placeholder-width: 200px; --smush-placeholder-aspect-ratio: 200\/300;\" \/><\/td>\n<td style=\"width: 55.5749%; height: 657px;\">\n<p><strong>Max Fr\u00f6hlich<br><\/strong>(Diabolo, Akrobatik, Jonglage)<\/p>\n<p><span style=\"font-size: 10pt;\">war im Jugend-Zirkus Ragazzi unter der Leitung von Robert Eisele. <\/span><span style=\"font-size: 10pt;\">Seit 2017 ist Max mit Benno Jacob als Duo <a href=\"https:\/\/bennoundmax.de\/\" target=\"_blank\" rel=\"noopener\">Twin Spin<\/a> auf Tour. Sie gewannen einen Preis auf dem Internationalen Zirkusfestival Izhevsk in Russland, verzauberten Zuschauer in Algerien, wurden Diabolo-Duo Weltmeister in Taiwan und bespielen aktuell Variet\u00e9-Theater in Deutschland, zuletzt das Zelt des Zirkus Flic Flac, das Variet\u00e9 etc\u00e9tera in Bochum und das Wintergarten Variet\u00e9 in Berlin.<\/span><\/p>\n<\/td>\n<\/tr>\n<tr style=\"height: 629px;\">\n<td style=\"width: 44.2509%; text-align: right; vertical-align: top; height: 629px;\">&nbsp;<img decoding=\"async\" class=\"alignright wp-image-233 lazyload\" data-src=\"https:\/\/cirque-intense.de\/wp-content\/uploads\/2018\/04\/Johanna-205x300.jpg\" alt=\"\" width=\"263\" height=\"384\" data-srcset=\"https:\/\/cirque-intense.de\/wp-content\/uploads\/2018\/04\/Johanna-205x300.jpg 205w, https:\/\/cirque-intense.de\/wp-content\/uploads\/2018\/04\/Johanna.jpg 570w\" data-sizes=\"(max-width: 263px) 100vw, 263px\" src=\"data:image\/svg+xml;base64,PHN2ZyB3aWR0aD0iMSIgaGVpZ2h0PSIxIiB4bWxucz0iaHR0cDovL3d3dy53My5vcmcvMjAwMC9zdmciPjwvc3ZnPg==\" style=\"--smush-placeholder-width: 263px; --smush-placeholder-aspect-ratio: 263\/384;\" \/><\/td>\n<td style=\"width: 55.5749%; height: 629px;\"><strong>Flo Strass<br><\/strong><span style=\"font-size: 10pt;\"><span style=\"font-size: 12pt;\">(Vertikalseil, Luftnetz, Chinese Pole, performatives Theater)<br><\/span> &#8230;war Sch\u00fclerIn von Robert Eisele von 1997 bis 2006. Heute <\/span><span style=\"font-size: 10pt;\">ist Flo selbstst\u00e4ndige K\u00fcnstlerIn, ArtistIn und Theaterp\u00e4dagogIn mit <\/span><span style=\"font-size: 10pt;\">Abschluss an der <a href=\"https:\/\/www.udk-berlin.de\/startseite\/\" target=\"_blank\" rel=\"noopener\">Universit\u00e4t der K\u00fcnste Berlin<\/a>. K\u00fcnstlerische <\/span><span style=\"font-size: 10pt;\">Schwerpunkte sind dabei die Arbeit am Vertikalseil,<\/span><span style=\"font-size: 10pt;\"> Luftnetz und Chinese Pole, beim physischen Theater und dem performativen Umgang mit <\/span><span style=\"font-size: 10pt;\">Text. 2013 absolvierte Flo die Ausbildung B\u00fchnenartistik an &#8222;<a href=\"https:\/\/www.dieetage.de\/\" target=\"_blank\" rel=\"noopener\">Der&nbsp;<\/a><\/span><span style=\"font-size: 10pt;\">Etage \u2013 Schule f\u00fcr Darstellende K\u00fcnste&#8220; in Berlin. Das Abschlussst\u00fcck erarbeitete&nbsp;<\/span><span style=\"font-size: 10pt;\">Flo gemeinsam mit Xilian, danach gr\u00fcndeten die beiden das <\/span><span style=\"font-size: 10pt;\">Artistik-Kollektiv &#8222;<a href=\"https:\/\/aerophilia-company.de\/\" target=\"_blank\" rel=\"noopener\">Aerophilia<\/a>&#8222;, in dem sie seitdem zusammen arbeiten und mit verschiedenen Produktionen an vielen verschiedenen Orten unterwegs waren<\/span><span style=\"font-size: 10pt;\">.&nbsp;<\/span><\/td>\n<\/tr>\n<tr style=\"height: 629px;\">\n<td style=\"width: 44.2509%; text-align: right; vertical-align: top; height: 629px;\">&nbsp;<img decoding=\"async\" class=\"alignnone wp-image-2396 size-medium lazyload\" data-src=\"https:\/\/cirque-intense.de\/wp-content\/uploads\/2023\/02\/picture-2601-300x200.jpg\" alt=\"\" width=\"300\" height=\"200\" data-srcset=\"https:\/\/cirque-intense.de\/wp-content\/uploads\/2023\/02\/picture-2601-300x200.jpg 300w, https:\/\/cirque-intense.de\/wp-content\/uploads\/2023\/02\/picture-2601-1024x683.jpg 1024w, https:\/\/cirque-intense.de\/wp-content\/uploads\/2023\/02\/picture-2601-768x512.jpg 768w, https:\/\/cirque-intense.de\/wp-content\/uploads\/2023\/02\/picture-2601-1536x1024.jpg 1536w, https:\/\/cirque-intense.de\/wp-content\/uploads\/2023\/02\/picture-2601-2048x1366.jpg 2048w\" data-sizes=\"(max-width: 300px) 100vw, 300px\" src=\"data:image\/svg+xml;base64,PHN2ZyB3aWR0aD0iMSIgaGVpZ2h0PSIxIiB4bWxucz0iaHR0cDovL3d3dy53My5vcmcvMjAwMC9zdmciPjwvc3ZnPg==\" style=\"--smush-placeholder-width: 300px; --smush-placeholder-aspect-ratio: 300\/200;\" \/><\/td>\n<td style=\"width: 55.5749%; height: 629px;\">\n<p>&nbsp;<a href=\"\/en\/_wp_link_placeholder\/\" data-wplink-edit=\"true\"><strong>David Eisele<\/strong><\/a><br>(Diabolo, CyrWheel, Schleuderbrett, Akrobatik, Research, Choreographie)<br><span style=\"font-size: 10pt;\">&#8230;war viele Jahre im Zirkus Ragazzi, um anschlie\u00dfend ein Jahr bei Theater Total in Bochum sich zu orientieren und wichtige Grundlagen f\u00fcr die Schauspielerei zu erlernen. Das Programm \u201eFaust eins\u201c in dem er spielte wurde 60 mal in 35 St\u00e4dten aufgef\u00fchrt. Ab 2014 studierte David an der <a href=\"https:\/\/www.codarts.nl\/en\/circus\/\" target=\"_blank\" rel=\"noopener\">Zirkusschule Codarts in Rotterdam, die er mit erreichen des Bacchelor of Art im Sommer 2018 abschloss.<\/a><\/span><\/p>\n<p><span style=\"font-size: 10pt;\">Schon w\u00e4hrend des Studiums wurde er Teil der Diaboloshow \u201eDia Boom\u201c, einem Duo mit dem Diabolo-Spieler Stefan Bauer. Gemeinsam mit Helen Budniatsky spielte er das Programm \u201eWheels\u201c, eine Research-Show mit Diabolo, Cyr-Wheel und Rollstuhl; au\u00dferdem war er bei der belgischen Agentur \u201eTNT\u201c unter Vertrag. Mit der Trampolin Streetshow \u201eSecond Life&#8220; trat David in Holland, Belgien und Frankreich auf. Bei einem \u201eMaster Course\u201c f\u00fcr Musik und Jonglage, an der <a href=\"https:\/\/www.uniarts.se\/english\/about-uniarts\/doch-school-of-dance-and-circus\" target=\"_blank\" rel=\"noopener\">Stockholmer Zirkuschule<\/a> \u201eDOCH\u201c erhielt er 2017 Unterricht bei dem renommierten Dozenten Vincent de Laverne. David hat die Zirkusschule im Sommer 2018 abgeschlossen.&nbsp;<\/span><span style=\"font-size: 10pt;\">David ist Preistr\u00e4ger des BNG Circusprijs 2018. Aktuell ist er mit der Produktion Sawdust Symphony unterwegs in ganz Europa.<\/span><\/p>\n<\/td>\n<\/tr>\n<tr style=\"height: 534px;\">\n<td style=\"width: 44.2509%; text-align: right; vertical-align: top; height: 534px;\"><img decoding=\"async\" class=\"aligncenter size-medium wp-image-300 lazyload\" data-src=\"https:\/\/cirque-intense.de\/wp-content\/uploads\/2018\/08\/Fenja_18-235x300.jpg\" alt=\"\" width=\"235\" height=\"300\" data-srcset=\"https:\/\/cirque-intense.de\/wp-content\/uploads\/2018\/08\/Fenja_18-235x300.jpg 235w, https:\/\/cirque-intense.de\/wp-content\/uploads\/2018\/08\/Fenja_18.jpg 717w\" data-sizes=\"(max-width: 235px) 100vw, 235px\" src=\"data:image\/svg+xml;base64,PHN2ZyB3aWR0aD0iMSIgaGVpZ2h0PSIxIiB4bWxucz0iaHR0cDovL3d3dy53My5vcmcvMjAwMC9zdmciPjwvc3ZnPg==\" style=\"--smush-placeholder-width: 235px; --smush-placeholder-aspect-ratio: 235\/300;\" \/><\/td>\n<td style=\"width: 55.5749%; height: 534px;\">\n<p><strong>Fenja Barteldres<br><\/strong><span style=\"color: #333333;\"><span style=\"font-family: 'Libre Franklin';\"><span style=\"font-size: medium;\">(Cyr-Wheel)<br><\/span><\/span><\/span><\/p>\n<p><span style=\"font-size: revert; font-family: inherit;\">wurde im Alter von 13 Jahren Teil des Zirkus Ragazzi unter der Leitung von Robert Eisele. Die Verschmelzung von Tanz, Theater, Musik und Akrobatik, die Zeitgen\u00f6ssischer Zirkus bietet, reizte sie mehr als der Wettkampfcharakter im Leistungs-Turnen. <\/span>Nach einem Preparatory Jahr<span style=\"font-family: inherit; font-size: inherit;\"> Canada an der \u00c9cole de Cirque de Qu\u00e9bec wechselte sie nach Rotterdam an die Codarts Kunst-Hochschule und schloss dort im Sommer 2022 mit dem Bachelor of Circus Arts ab.<br><\/span>2024 gewann Fenja einen Silbernen Stern bei Young Stage Festival in Basel.<\/p>\n<div>&nbsp;<\/div>\n<p><span style=\"font-family: 'Libre Franklin'; font-size: 10pt;\"><a href=\"https:\/\/cirque-intense.de\/wp-content\/uploads\/2020\/02\/Cyr_Fenja.mp4\" target=\"_blank\" rel=\"noopener\">Cyr Wheel Fenja<\/a><\/span><\/p>\n<\/td>\n<\/tr>\n<tr style=\"height: 533px;\">\n<td style=\"width: 44.2509%; text-align: right; vertical-align: top; height: 533px;\"><img decoding=\"async\" class=\"aligncenter size-medium wp-image-359 lazyload\" data-src=\"https:\/\/cirque-intense.de\/wp-content\/uploads\/2019\/01\/CBrugger_2014_04790-2-199x300.jpg\" alt=\"\" width=\"199\" height=\"300\" data-srcset=\"https:\/\/cirque-intense.de\/wp-content\/uploads\/2019\/01\/CBrugger_2014_04790-2-199x300.jpg 199w, https:\/\/cirque-intense.de\/wp-content\/uploads\/2019\/01\/CBrugger_2014_04790-2-768x1156.jpg 768w, https:\/\/cirque-intense.de\/wp-content\/uploads\/2019\/01\/CBrugger_2014_04790-2-680x1024.jpg 680w\" data-sizes=\"(max-width: 199px) 100vw, 199px\" src=\"data:image\/svg+xml;base64,PHN2ZyB3aWR0aD0iMSIgaGVpZ2h0PSIxIiB4bWxucz0iaHR0cDovL3d3dy53My5vcmcvMjAwMC9zdmciPjwvc3ZnPg==\" style=\"--smush-placeholder-width: 199px; --smush-placeholder-aspect-ratio: 199\/300;\" \/><\/td>\n<td style=\"width: 55.5749%; height: 533px;\">\n<p><strong>Marisol Lucht<br><\/strong><span style=\"color: #000000;\"><span style=\"font-family: Libre Franklin;\"><span style=\"font-size: small;\">(Cyr Wheel und Aerial Hoop)<\/span><\/span><\/span><\/p>\n<p><span style=\"font-family: Libre Franklin;\"><span style=\"font-size: small;\"><span style=\"color: #000000;\">&#8230; ihre Karriere begann Marisol ebenfalls im Zirkus Ragazzi. So vom Zirkus begeistert, beschloss sie dann nach dem Abitur 2015 ein Freiwilliges Soziales Jahr in der sozial orientierten Zirkusschule &#8222;Circo Para Todos&#8220; (Zirkus f\u00fcr alle) in Cali (Kolumbien) zu absolvieren. Danach arbeitete sie dort als Artistin mit Cyr Wheel und Areal Hoop. Von September 2017 bis Juni 2018 nahm sie an der Masterclass des Zirkus Waldoni teil und hat im Sommer 2018 erfolgreich die Aufnahmepr\u00fcfung an der renommierten staatlichen Zirkusschule ENACR (<a href=\"https:\/\/www.enacr.com\/home-page\" target=\"_blank\" rel=\"noopener\">\u00c9cole National des Arts du Cirque Rosny<\/a>) in Frankreich bestanden. Im September 2019 wechselt sie zu<span style=\"font-family: 'Libre Franklin'; font-size: 10pt;\">&nbsp;<a href=\"https:\/\/cnac.fr\/\" target=\"_blank\" rel=\"noopener\">CNAC &nbsp;(Ch\u00e2lons-en-Champagne) und schloss diese mit dem Bachelor of Art 2023 ab.<\/a><\/span><\/span><\/span><\/span><\/p>\n<\/td>\n<\/tr>\n<\/tbody>\n<\/table>\n<p>&nbsp;<\/p>","protected":false},"excerpt":{"rendered":"<p>&nbsp; Vom Hobby zum Beruf &#8211; Artisten, die bei Robert Eisele trainiert haben: &nbsp; &nbsp; &nbsp; Julia Tanner(Aerial Hoop) &#8230; nach ihrer Teilnahme bei Cirque Intense hat Julia den Sprung an die Zirkusschule \u201eCirko Vertigo\u201c &nbsp;in Turin geschafft und verfolgt seit seit Herbst 22 Ihre Zirkusausbildung weiter bei AFUC in Tilburg. Alma Gruber(Cyr-Wheel)&nbsp; &#8230; hat &hellip; <\/p>\n<p class=\"link-more\"><a href=\"https:\/\/cirque-intense.de\/en\/referenzen-artisten\/\" class=\"more-link\">Continue reading<span class=\"screen-reader-text\"> &#8222;Alumni&#8220;<\/span><\/a><\/p>","protected":false},"author":1,"featured_media":34,"parent":0,"menu_order":0,"comment_status":"closed","ping_status":"closed","template":"","meta":{"ngg_post_thumbnail":0,"footnotes":""},"class_list":["post-231","page","type-page","status-publish","has-post-thumbnail","hentry"],"_links":{"self":[{"href":"https:\/\/cirque-intense.de\/en\/wp-json\/wp\/v2\/pages\/231","targetHints":{"allow":["GET"]}}],"collection":[{"href":"https:\/\/cirque-intense.de\/en\/wp-json\/wp\/v2\/pages"}],"about":[{"href":"https:\/\/cirque-intense.de\/en\/wp-json\/wp\/v2\/types\/page"}],"author":[{"embeddable":true,"href":"https:\/\/cirque-intense.de\/en\/wp-json\/wp\/v2\/users\/1"}],"replies":[{"embeddable":true,"href":"https:\/\/cirque-intense.de\/en\/wp-json\/wp\/v2\/comments?post=231"}],"version-history":[{"count":61,"href":"https:\/\/cirque-intense.de\/en\/wp-json\/wp\/v2\/pages\/231\/revisions"}],"predecessor-version":[{"id":2772,"href":"https:\/\/cirque-intense.de\/en\/wp-json\/wp\/v2\/pages\/231\/revisions\/2772"}],"wp:featuredmedia":[{"embeddable":true,"href":"https:\/\/cirque-intense.de\/en\/wp-json\/wp\/v2\/media\/34"}],"wp:attachment":[{"href":"https:\/\/cirque-intense.de\/en\/wp-json\/wp\/v2\/media?parent=231"}],"curies":[{"name":"wp","href":"https:\/\/api.w.org\/{rel}","templated":true}]}}