{"id":2537,"date":"2023-11-10T09:00:13","date_gmt":"2023-11-10T09:00:13","guid":{"rendered":"https:\/\/cirque-intense.de\/?page_id=2537"},"modified":"2025-01-08T19:10:48","modified_gmt":"2025-01-08T19:10:48","slug":"zeit-fuer-zirkus","status":"publish","type":"page","link":"https:\/\/cirque-intense.de\/en\/auffuehrungen\/zeit-fuer-zirkus\/","title":{"rendered":"Zeit f\u00fcr Zirkus 2023"},"content":{"rendered":"<figure class=\"wp-block-gallery has-nested-images columns-default is-cropped wp-block-gallery-2 is-layout-flex wp-block-gallery-is-layout-flex\">\n<figure class=\"wp-block-image size-large\"><img decoding=\"async\" width=\"740\" height=\"1024\" data-id=\"2538\" data-src=\"https:\/\/cirque-intense.de\/wp-content\/uploads\/2023\/11\/Bildschirmfoto-2023-11-09-um-14.53.54-1-740x1024.png\" alt=\"\" class=\"wp-image-2538 lazyload\" data-srcset=\"https:\/\/cirque-intense.de\/wp-content\/uploads\/2023\/11\/Bildschirmfoto-2023-11-09-um-14.53.54-1-740x1024.png 740w, https:\/\/cirque-intense.de\/wp-content\/uploads\/2023\/11\/Bildschirmfoto-2023-11-09-um-14.53.54-1-217x300.png 217w, https:\/\/cirque-intense.de\/wp-content\/uploads\/2023\/11\/Bildschirmfoto-2023-11-09-um-14.53.54-1-768x1063.png 768w, https:\/\/cirque-intense.de\/wp-content\/uploads\/2023\/11\/Bildschirmfoto-2023-11-09-um-14.53.54-1-1109x1536.png 1109w, https:\/\/cirque-intense.de\/wp-content\/uploads\/2023\/11\/Bildschirmfoto-2023-11-09-um-14.53.54-1.png 1212w\" data-sizes=\"(max-width: 706px) 89vw, (max-width: 767px) 82vw, 740px\" src=\"data:image\/svg+xml;base64,PHN2ZyB3aWR0aD0iMSIgaGVpZ2h0PSIxIiB4bWxucz0iaHR0cDovL3d3dy53My5vcmcvMjAwMC9zdmciPjwvc3ZnPg==\" style=\"--smush-placeholder-width: 740px; --smush-placeholder-aspect-ratio: 740\/1024;\" \/><\/figure>\n\n\n\n<figure class=\"wp-block-image size-large\"><img decoding=\"async\" width=\"735\" height=\"1024\" data-id=\"2539\" data-src=\"https:\/\/cirque-intense.de\/wp-content\/uploads\/2023\/11\/Bildschirmfoto-2023-11-09-um-14.55.00-1-735x1024.png\" alt=\"\" class=\"wp-image-2539 lazyload\" data-srcset=\"https:\/\/cirque-intense.de\/wp-content\/uploads\/2023\/11\/Bildschirmfoto-2023-11-09-um-14.55.00-1-735x1024.png 735w, https:\/\/cirque-intense.de\/wp-content\/uploads\/2023\/11\/Bildschirmfoto-2023-11-09-um-14.55.00-1-215x300.png 215w, https:\/\/cirque-intense.de\/wp-content\/uploads\/2023\/11\/Bildschirmfoto-2023-11-09-um-14.55.00-1-768x1070.png 768w, https:\/\/cirque-intense.de\/wp-content\/uploads\/2023\/11\/Bildschirmfoto-2023-11-09-um-14.55.00-1-1102x1536.png 1102w, https:\/\/cirque-intense.de\/wp-content\/uploads\/2023\/11\/Bildschirmfoto-2023-11-09-um-14.55.00-1.png 1199w\" data-sizes=\"(max-width: 735px) 100vw, 735px\" src=\"data:image\/svg+xml;base64,PHN2ZyB3aWR0aD0iMSIgaGVpZ2h0PSIxIiB4bWxucz0iaHR0cDovL3d3dy53My5vcmcvMjAwMC9zdmciPjwvc3ZnPg==\" style=\"--smush-placeholder-width: 735px; --smush-placeholder-aspect-ratio: 735\/1024;\" \/><\/figure>\n<\/figure>\n\n\n\n<h1>Neues Festival im Rahmen eines Bundesweiten Aktionstages am 17. und 18. November 2023<\/h1>\n<p>&nbsp;<\/p>\n<p><strong>\u201eZeit f\u00fcr Zirkus\u201c in Neuenburg am Rhein<\/strong><\/p>\n<p><strong>Wir bieten am \u201eTag der offenen T\u00fcr\u201c mit vielseitigem Programm unter anderem Einblicke in unsere Berufsvorbereitende Zirkusschule<\/strong><\/p>\n<p>Auf der B\u00fchne stehen neben den Teilnehmern dieses Mal auch zwei professionelle K\u00fcnstler mit ihren Soloprogrammen. <br>Die Veranstaltung findet im Rahmen des europaweiten Aktionstages f\u00fcr Zeitgen\u00f6ssischen Zirkus statt, der an diesem Wochenende in Deutschland in allen gro\u00dfen St\u00e4dten unter dem Titel \u201eZeit f\u00fcr Zirkus\u201c f\u00fcr das innovative Genre wirbt.<br>Zeitgen\u00f6ssischer Zirkus, der ohne die Mitwirkung von Tieren auskommt und genre\u00fcbergreifend arbeitet, erneuert und aktualisiert den traditionellen Zirkus. So wird er zur gleichberechtigten Kultursparte neben Theater, Tanz und Oper.<\/p>\n<p>Nach einem Begr\u00fc\u00dfungs-Apero am Freitag gibt es einen Dokumentarfilm \u00fcber die Ausbildungsst\u00e4tte Cirque Intense, die in Ihrer Art in Deutschland einmalig ist. Die Studierenden des Berufsorientierungs- und Vorbereitungsjahres f\u00fcr Zeitgen\u00f6ssischen Zirkus, das seit 2018 in Neuenburg beheimatet ist, zeigen darin ihr Deb\u00fct auf der B\u00fchne.<\/p>\n<p>Das Hauptevent finden abends statt; so ist am Freitagabend um 20 Uhr die Premiere des neuen B\u00fchnenprogrammes der Freiburger K\u00fcnstlerin Larissa Dingler \u201eFrau Hirschberg allein zu Haus\u201c kuratiert- ein St\u00fcck mit Artistik und Puppenspiel, bei dem G\u00fcnter Klingler, ebenfalls aus Freiburg, Regie f\u00fchrte.<\/p>\n<p>Am Samstag beginnt das Programm ab 17 Uhr mit einem Zirkus-Angebot f\u00fcr Kinder und Eltern. Am Abend wird dann G\u00fcnter Klingler auf der B\u00fchne stehen mit einer Wiederaufnahme seines Erfolgsst\u00fcckes \u201eHeinz Herrmann: Viel z\u2018 kreativ\u201c, einer humorvollen Hommage an die Vielfalt der Zirkuskunst.<\/p>\n<p>Beide Abende werden abgerundet durch eine Open-Air Feuershow der Cirque Intense ArtistInnen.<\/p>\n<p>The <strong>Rahmenprogramm<\/strong> (Apero, Film, Variet\u00e9, Feuershow, Besichtigung) findet auf <strong>Spendenbasis<\/strong> statt und ist f\u00fcr Mensch ab 9 Jahren empfohlen.<br>Eintrittskarten f\u00fcr die <strong>Abendveranstaltungen<\/strong> der Kulturwerkstatt S\u00fcdbaden GmbH ab 20 Uhr im <strong>VVK \u20ac 18,- \/erm\u00e4\u00dfigt \u20ac 10,<\/strong>\u2013 bei der Touristik-Information in Neuenburg, Rathausplatz.<br>Online sind bei <a href=\"http:\/\/www.marktkram.bio\/produkte\/zirkus\/eintrittskarten\">www.marktkram.bio\/produkte\/zirkus\/eintrittskarten<\/a>, zus\u00e4tzlich Karten mit F\u00f6rderbeitrag erh\u00e4ltlich.<\/p>\n<p>Das Zelt ist beheizt, die Pl\u00e4tze nicht nummeriert. Auch an der Abendkasse sind noch Karten erh\u00e4ltlich.<br><strong>Ort<\/strong>: Zirkuszelt gegen\u00fcber Camping Gugel, Oberer Wald 1 (Industriegebiet S\u00fcd).<\/p>\n<p>Die Kulturwerkstatt S\u00fcdbaden GmbH ist Veranstalterin in Kooperation mit der Zirkus-Kunst gGmbH.<\/p>\n<p>Weitere Informationen zum Programm und zum bundesweiten Aktionstag Zirkus unter <a href=\"http:\/\/www.zeitfuerzirkus.de\/\">www.zeitfuerzirkus.de<\/a>.<\/p>\n<p>&nbsp;<\/p>\n<p><strong>Der Programmablauf:<\/strong><\/p>\n<p><strong>Freitag, 17.11.23:<\/strong><\/p>\n<p>18:00 Uhr Ap\u00e9ro\/Besichtigung<\/p>\n<p>18:30 Uhr Variet\u00e9 der Teilnehmenden von Cirque Intense<\/p>\n<p>19:15 Uhr Dokumentarfilm \u00fcber die Ausbildung bei Cirque Intense<\/p>\n<p>20:00 Uhr \u201eFrau Hirschberg allein zu Haus\u201c, Larissa Dingler Solo (Premiere), eine Veranstaltung der Kulturwerkstatt S\u00fcdbaden GmbH<\/p>\n<p>21:30 Uhr Open Air Feuershow<\/p>\n<p>&nbsp;<\/p>\n<p><strong>Samstag 18.11.23:<\/strong><\/p>\n<p>17:00 Uhr Zirkusangebote f\u00fcr Kinder und Eltern<\/p>\n<p>18:00 Uhr Ap\u00e9ro\/Besichtigung<\/p>\n<p>18:30 Uhr Variet\u00e9 der Teilnehmenden von Cirque Intense<\/p>\n<p>19:15 Uhr Dokumentarfilm \u00fcber die Ausbildung bei Cirque Intense<\/p>\n<p>20:00 Uhr \u201eHeinz Herrmann \u2013 Viel z\u2019 kreativ\u201c, G\u00fcnter Klingler Solo, Eine Veranstaltung der Kulturwerkstatt S\u00fcdbaden GmbH<\/p>\n<p>21:30 Uhr Open Air Feuershow<\/p>\n\n\n\n<figure class=\"wp-block-image size-large\"><img decoding=\"async\" width=\"1024\" height=\"768\" data-src=\"https:\/\/cirque-intense.de\/wp-content\/uploads\/2023\/11\/P1011265-min-1024x768.jpg\" alt=\"\" class=\"wp-image-2542 lazyload\" data-srcset=\"https:\/\/cirque-intense.de\/wp-content\/uploads\/2023\/11\/P1011265-min-1024x768.jpg 1024w, https:\/\/cirque-intense.de\/wp-content\/uploads\/2023\/11\/P1011265-min-300x225.jpg 300w, https:\/\/cirque-intense.de\/wp-content\/uploads\/2023\/11\/P1011265-min-768x576.jpg 768w, https:\/\/cirque-intense.de\/wp-content\/uploads\/2023\/11\/P1011265-min-1536x1152.jpg 1536w, https:\/\/cirque-intense.de\/wp-content\/uploads\/2023\/11\/P1011265-min-2048x1536.jpg 2048w\" data-sizes=\"(max-width: 767px) 89vw, (max-width: 1000px) 54vw, (max-width: 1071px) 543px, 580px\" src=\"data:image\/svg+xml;base64,PHN2ZyB3aWR0aD0iMSIgaGVpZ2h0PSIxIiB4bWxucz0iaHR0cDovL3d3dy53My5vcmcvMjAwMC9zdmciPjwvc3ZnPg==\" style=\"--smush-placeholder-width: 1024px; --smush-placeholder-aspect-ratio: 1024\/768;\" \/><\/figure>\n\n\n\n<figure class=\"wp-block-image size-large\"><img decoding=\"async\" width=\"1024\" height=\"683\" data-src=\"https:\/\/cirque-intense.de\/wp-content\/uploads\/2023\/11\/Heinz-Herrmann_Im-Reifen_Fotograf-Bernd-Schumacher-1-1024x683.jpg\" alt=\"\" class=\"wp-image-2543 lazyload\" data-srcset=\"https:\/\/cirque-intense.de\/wp-content\/uploads\/2023\/11\/Heinz-Herrmann_Im-Reifen_Fotograf-Bernd-Schumacher-1-1024x683.jpg 1024w, https:\/\/cirque-intense.de\/wp-content\/uploads\/2023\/11\/Heinz-Herrmann_Im-Reifen_Fotograf-Bernd-Schumacher-1-300x200.jpg 300w, https:\/\/cirque-intense.de\/wp-content\/uploads\/2023\/11\/Heinz-Herrmann_Im-Reifen_Fotograf-Bernd-Schumacher-1-768x512.jpg 768w, https:\/\/cirque-intense.de\/wp-content\/uploads\/2023\/11\/Heinz-Herrmann_Im-Reifen_Fotograf-Bernd-Schumacher-1-1536x1024.jpg 1536w, https:\/\/cirque-intense.de\/wp-content\/uploads\/2023\/11\/Heinz-Herrmann_Im-Reifen_Fotograf-Bernd-Schumacher-1-2048x1366.jpg 2048w\" data-sizes=\"(max-width: 767px) 89vw, (max-width: 1000px) 54vw, (max-width: 1071px) 543px, 580px\" src=\"data:image\/svg+xml;base64,PHN2ZyB3aWR0aD0iMSIgaGVpZ2h0PSIxIiB4bWxucz0iaHR0cDovL3d3dy53My5vcmcvMjAwMC9zdmciPjwvc3ZnPg==\" style=\"--smush-placeholder-width: 1024px; --smush-placeholder-aspect-ratio: 1024\/683;\" \/><\/figure>\n\n\n\n\n\n<figure class=\"wp-block-gallery has-nested-images columns-default is-cropped wp-block-gallery-3 is-layout-flex wp-block-gallery-is-layout-flex\"><\/figure>","protected":false},"excerpt":{"rendered":"<p>Neues Festival im Rahmen eines Bundesweiten Aktionstages am 17. und 18. November 2023 &nbsp; \u201eZeit f\u00fcr Zirkus\u201c in Neuenburg am Rhein Wir bieten am \u201eTag der offenen T\u00fcr\u201c mit vielseitigem Programm unter anderem Einblicke in unsere Berufsvorbereitende Zirkusschule Auf der B\u00fchne stehen neben den Teilnehmern dieses Mal auch zwei professionelle K\u00fcnstler mit ihren Soloprogrammen. Die &hellip; <\/p>\n<p class=\"link-more\"><a href=\"https:\/\/cirque-intense.de\/en\/auffuehrungen\/zeit-fuer-zirkus\/\" class=\"more-link\">Continue reading<span class=\"screen-reader-text\"> &#8222;Zeit f\u00fcr Zirkus 2023&#8220;<\/span><\/a><\/p>","protected":false},"author":3,"featured_media":0,"parent":761,"menu_order":1,"comment_status":"closed","ping_status":"closed","template":"","meta":{"ngg_post_thumbnail":0,"footnotes":""},"class_list":["post-2537","page","type-page","status-publish","hentry"],"_links":{"self":[{"href":"https:\/\/cirque-intense.de\/en\/wp-json\/wp\/v2\/pages\/2537","targetHints":{"allow":["GET"]}}],"collection":[{"href":"https:\/\/cirque-intense.de\/en\/wp-json\/wp\/v2\/pages"}],"about":[{"href":"https:\/\/cirque-intense.de\/en\/wp-json\/wp\/v2\/types\/page"}],"author":[{"embeddable":true,"href":"https:\/\/cirque-intense.de\/en\/wp-json\/wp\/v2\/users\/3"}],"replies":[{"embeddable":true,"href":"https:\/\/cirque-intense.de\/en\/wp-json\/wp\/v2\/comments?post=2537"}],"version-history":[{"count":3,"href":"https:\/\/cirque-intense.de\/en\/wp-json\/wp\/v2\/pages\/2537\/revisions"}],"predecessor-version":[{"id":2749,"href":"https:\/\/cirque-intense.de\/en\/wp-json\/wp\/v2\/pages\/2537\/revisions\/2749"}],"up":[{"embeddable":true,"href":"https:\/\/cirque-intense.de\/en\/wp-json\/wp\/v2\/pages\/761"}],"wp:attachment":[{"href":"https:\/\/cirque-intense.de\/en\/wp-json\/wp\/v2\/media?parent=2537"}],"curies":[{"name":"wp","href":"https:\/\/api.w.org\/{rel}","templated":true}]}}