{"id":2590,"date":"2024-04-27T10:05:26","date_gmt":"2024-04-27T10:05:26","guid":{"rendered":"https:\/\/cirque-intense.de\/?page_id=2590"},"modified":"2026-01-09T12:08:51","modified_gmt":"2026-01-09T12:08:51","slug":"tournee-halt-2024","status":"publish","type":"page","link":"https:\/\/cirque-intense.de\/en\/tournee-halt-2024\/","title":{"rendered":"Halt. &#8211; Zeitgen\u00f6ssisches Zirkustheater \u00fcbers Halten und Loslassen"},"content":{"rendered":"<h4 class=\"western\"><span style=\"color: #000000;\">Abschlussprogramm 2024, Cirque Intense 6.0<\/span><\/h4>\n<p><span style=\"color: #000000;\">Freundschaften und Beziehungen geben uns Halt.&nbsp;&nbsp;<\/span><\/p>\n<p><span style=\"color: #000000;\">Aber was macht eine Begegnung interessant und lebendig? Wann treten wir mit einem anderen Menschen in Resonanz? Und wo entsteht daraus Zusammenhalt? Was zieht uns an oder st\u00f6\u00dft uns ab? Durch Begegnung entsteht Bewegung, im Inneren wie im \u00c4u\u00dferen. Es entsteht ein Austausch zwischen den K\u00f6rpern mit allen Sinnen. Er l\u00e4sst uns vertraut sein und erzeugt zugleich Reibung. Wir entwickeln uns und stellen uns der Herausforderung, nicht festzuhalten, nicht anzuhalten. Doch in welche Arme k\u00f6nnen wir uns fallen lassen? Was gibt uns wirklich Halt und Sicherheit in unserer bewegten Welt?&nbsp;<\/span><\/p>\n<p><span style=\"color: #000000;\">In \u201cHalt.\u201d begibt sich das Ensemble des Berufsorientierungsjahres Cirque Intense aus Neuenburg am Rhein in S\u00fcdbaden, auf eine gemeinsame Reise, in der individuelle, biografische Gedanken und Themen der Gruppe mittels Live-Musik, theatralem Ausdruck, Tanz und Artistik in k\u00fcnstlerische Bewegung und Choreografien umgewandelt sind. Das herausfordernde k\u00f6rperliche Training kreiert Grenzerfahrungen und Fragen, die in humorvollen zirzensischen Bildern und im Dialog von ArtistInnen und ihren Zirkusger\u00e4ten gel\u00f6st werden.&nbsp;<\/span><\/p>\n<p><span style=\"color: #000000;\">Es entstehen Bilder von Begegnungen, intensiven Gruppenmomenten und intimen Einzelszenen. Das Publikum wird eingeladen zum Innehalten und Erleben seiner eigenen Resonanz \u00fcber Gewohnheiten und Rollen in verschiedensten Beziehungen.<\/span><\/p>\n<p><span style=\"color: #000000;\">Ensemble: Annika E\u00dfer, Lilach Kashi, Franca Leu, Frida Modrow,<br>He\u0301le\u0300ne Pradal, Mona Schmid, Felix Reinalter.<\/span><\/p>\n<p><span style=\"color: #000000;\">K\u00fcnstlerische Leitung: Robert Eisele<br>Tanz-Choreografie: Karolin Sta\u0308chele<br>Choreografie Luftartistik und Chinese Pole: Isabelle Noe\u0308l<br>Musik: Tilo Wachter<br>Performance Training: Ursula Hildebrand<br>Premiere am 16. Mai 2024 in Neuenburg am Rhein.<\/span><\/p>\n<p><span style=\"color: #000000;\">Auff\u00fchrungen und Tournee vom 16.5.24 bis 28.7.24 nach Schlo\u00df Hamborn, Halle, Leipzig, Z\u00fcrich, Luzern, Wangen im Allg\u00e4u, Freiburg, Karlsruhe, Wiesbaden, Lautenbach und Frankfurt.<\/span><\/p>\n<p>Die diesj\u00e4hrige Tournee mit dem aktuellen Abschlussprogramm f\u00fchrt an diese Orte:<\/p>\n<table style=\"border-collapse: collapse; width: 111.869436%; height: 905px;\">\n<tbody>\n<tr style=\"height: 40px;\">\n<td style=\"width: 12.462909%; height: 40px;\"><strong>Datum<\/strong><\/td>\n<td style=\"width: 14.51133%; height: 40px;\"><strong>Uhrzeit<\/strong><\/td>\n<td style=\"width: 23.507465%; height: 40px;\"><strong>Ort<\/strong><\/td>\n<td style=\"width: 34.058356%; height: 40px;\"><strong>Adresse<\/strong><\/td>\n<\/tr>\n<tr style=\"height: 40px;\">\n<td class=\"xl63\" style=\"width: 12.462909%; height: 40px;\" align=\"right\" width=\"100\" height=\"23\">16.05.24<\/td>\n<td class=\"xl65\" style=\"width: 14.51133%; height: 40px;\" width=\"201\">19:30 Uhr<\/td>\n<td class=\"xl66\" style=\"width: 23.507465%; height: 40px;\" width=\"212\">Neuenburg am Rhein<\/td>\n<td style=\"width: 34.058356%; height: 40px;\">&nbsp;Rheinwaldstrasse<\/td>\n<\/tr>\n<tr style=\"height: 40px;\">\n<td class=\"xl63\" style=\"width: 12.462909%; height: 40px;\" align=\"right\" height=\"23\">\n<p>17.05.24<\/p>\n<\/td>\n<td class=\"xl65\" style=\"width: 14.51133%; height: 40px;\">19:30 Uhr<\/td>\n<td class=\"xl66\" style=\"width: 23.507465%; height: 40px;\">\n<p>Neuenburg am Rhein<\/p>\n<\/td>\n<td style=\"width: 34.058356%; height: 40px;\">Cirque Intense Zelt Rheinwaldstrasse<\/td>\n<\/tr>\n<tr style=\"height: 40px;\">\n<td class=\"xl63\" style=\"width: 12.462909%; height: 40px;\" align=\"right\" height=\"23\">19.05.24<\/td>\n<td class=\"xl65\" style=\"width: 14.51133%; height: 40px;\">13:30 Uhr<\/td>\n<td class=\"xl66\" style=\"width: 23.507465%; height: 40px;\">\n<p>Schlo\u00df Hamborn<\/p>\n<\/td>\n<td style=\"width: 34.058356%; height: 40px;\">Bildungsfestival<\/td>\n<\/tr>\n<tr style=\"height: 23px;\">\n<td class=\"xl63\" style=\"width: 12.462909%; height: 23px;\" align=\"right\" height=\"23\">02.06.24<\/td>\n<td class=\"xl65\" style=\"width: 14.51133%; height: 23px;\">15:30 Uhr<\/td>\n<td class=\"xl66\" style=\"width: 23.507465%; height: 23px;\">\n<p style=\"text-align: left;\">Kirnhalden<\/p>\n<\/td>\n<td style=\"width: 34.058356%; height: 23px;\">\n<p style=\"text-align: left;\">Austra\u00dfe 1<br>Kenzingen<\/p>\n<\/td>\n<\/tr>\n<tr style=\"height: 40px;\">\n<td class=\"xl63\" style=\"width: 12.462909%; height: 40px;\" align=\"right\" height=\"23\">05.06.24<\/td>\n<td class=\"xl65\" style=\"width: 14.51133%; height: 40px;\">20 Uhr<\/td>\n<td class=\"xl66\" style=\"width: 23.507465%; height: 40px;\">Halle<\/td>\n<td style=\"width: 34.058356%; height: 40px;\">Galle, Am Galgenberg 2<\/td>\n<\/tr>\n<tr style=\"height: 23px;\">\n<td class=\"xl63\" style=\"width: 12.462909%; height: 23px;\" align=\"right\" height=\"23\">06.06.24<\/td>\n<td class=\"xl65\" style=\"width: 14.51133%; height: 23px;\">19 Uhr<\/td>\n<td class=\"xl66\" style=\"width: 23.507465%; height: 23px;\">Leipzig<\/td>\n<td style=\"width: 34.058356%; height: 23px;\">Feinkost eG, Karl-Liebknecht-Stra\u00dfe 36<\/td>\n<\/tr>\n<tr style=\"height: 23px;\">\n<td class=\"xl63\" style=\"width: 12.462909%; height: 23px;\" align=\"right\" height=\"23\">07.06.24<\/td>\n<td class=\"xl65\" style=\"width: 14.51133%; height: 23px;\">19 Uhr<\/td>\n<td class=\"xl66\" style=\"width: 23.507465%; height: 23px;\">Leipzig<\/td>\n<td style=\"width: 34.058356%; height: 23px;\">&nbsp;Feinkost eG, Karl-Liebknecht-Stra\u00dfe 36<\/td>\n<\/tr>\n<tr style=\"height: 40px;\">\n<td class=\"xl63\" style=\"width: 12.462909%; height: 40px;\" align=\"right\" height=\"23\">09.06.24<\/td>\n<td class=\"xl65\" style=\"width: 14.51133%; height: 40px;\">17 Uhr<\/td>\n<td class=\"xl66\" style=\"width: 23.507465%; height: 40px;\">Luzern\/CH<\/td>\n<td style=\"width: 34.058356%; height: 40px;\">Zirkusschule Luzern, Grossmatte 7<br>6014 Luzern-Littau<\/td>\n<\/tr>\n<tr style=\"height: 40px;\">\n<td class=\"xl63\" style=\"width: 12.462909%; height: 40px;\" align=\"right\" height=\"23\">15.06.24<\/td>\n<td class=\"xl65\" style=\"width: 14.51133%; height: 40px;\">19:30 Uhr<\/td>\n<td class=\"xl66\" style=\"width: 23.507465%; height: 40px;\">Z\u00fcrich\/CH<\/td>\n<td style=\"width: 34.058356%; height: 40px;\">Zirkusquartier, Hohlstrasse 256 Z\u00fcrich<\/td>\n<\/tr>\n<tr style=\"height: 40px;\">\n<td class=\"xl63\" style=\"width: 12.462909%; height: 40px;\" align=\"right\" height=\"23\">22.06.24<\/td>\n<td class=\"xl65\" style=\"width: 14.51133%; height: 40px;\">19:30 Uhr<\/td>\n<td class=\"xl66\" style=\"width: 23.507465%; height: 40px;\">Stuttgart<\/td>\n<td style=\"width: 34.058356%; height: 40px;\">\n<p>Circus Circuli,<br>In den Wanneneckern 27<br>70374 Stuttgart<\/p>\n<\/td>\n<\/tr>\n<tr style=\"height: 40px;\">\n<td class=\"xl68\" style=\"width: 12.462909%; height: 40px;\" align=\"right\" height=\"23\">27.06.24<\/td>\n<td class=\"xl65\" style=\"width: 14.51133%; height: 40px;\">19:30 Uhr<\/td>\n<td class=\"xl66\" style=\"width: 23.507465%; height: 40px;\">\n<p>Wangen<\/p>\n<\/td>\n<td style=\"width: 34.058356%; height: 40px;\">Freie Waldorfschule,<br>Rudolf Steiner Str.<\/td>\n<\/tr>\n<tr style=\"height: 40px;\">\n<td class=\"xl63\" style=\"width: 12.462909%; height: 40px;\" align=\"right\" height=\"23\">28.06.24<\/td>\n<td class=\"xl65\" style=\"width: 14.51133%; height: 40px;\">20 Uhr<\/td>\n<td class=\"xl66\" style=\"width: 23.507465%; height: 40px;\">Freiburg im Breisgau<\/td>\n<td style=\"width: 34.058356%; height: 40px;\">Haus 37<br>Alfred-D\u00f6blin-Platz<\/td>\n<\/tr>\n<tr style=\"height: 40px;\">\n<td class=\"xl63\" style=\"width: 12.462909%; height: 40px;\" align=\"right\" height=\"23\">29.06.24<\/td>\n<td class=\"xl65\" style=\"width: 14.51133%; height: 40px;\">20 Uhr<\/td>\n<td class=\"xl66\" style=\"width: 23.507465%; height: 40px;\">Freiburg im Breisgau<\/td>\n<td style=\"width: 34.058356%; height: 40px;\">\n<p>Haus 37<br>Alfred-D\u00f6blin-Platz<\/p>\n<\/td>\n<\/tr>\n<tr style=\"height: 40px;\">\n<td class=\"xl63\" style=\"width: 12.462909%; height: 40px;\" align=\"right\" height=\"23\">01.07.24<\/td>\n<td class=\"xl65\" style=\"width: 14.51133%; height: 40px;\">19 Uhr<\/td>\n<td class=\"xl66\" style=\"width: 23.507465%; height: 40px;\">Karlsruhe<\/td>\n<td style=\"width: 34.058356%; height: 40px;\">Zirkus Maccaroni,<br>Otto-Dullenkopf Park<\/td>\n<\/tr>\n<tr style=\"height: 96px;\">\n<td class=\"xl63\" style=\"width: 12.462909%; height: 96px;\" align=\"right\" height=\"43\">09.07.24<\/td>\n<td class=\"xl65\" style=\"width: 14.51133%; height: 96px;\">19 Uhr<\/td>\n<td class=\"xl70\" style=\"width: 23.507465%; height: 96px;\" width=\"212\">Wiesbaden<\/td>\n<td style=\"width: 34.058356%; height: 96px;\">\n<p class=\"evo_location_name\">Wandertheater der<br>Compagnie Pas de Deux<br>Schlo\u00df Freudenberg,<br>Freudenbergstr. 224<\/p>\n<\/td>\n<\/tr>\n<tr style=\"height: 140px;\">\n<td class=\"xl63\" style=\"width: 12.462909%; height: 140px;\" align=\"right\" height=\"43\">17.07.24<\/td>\n<td class=\"xl71\" style=\"width: 14.51133%; height: 140px;\" width=\"201\">19 Uhr<\/td>\n<td class=\"xl70\" style=\"width: 23.507465%; height: 140px;\" width=\"212\">Lautenbach\/Bodensee<\/td>\n<td style=\"width: 34.058356%; height: 140px;\">Lebens- und Arbeitsgemeinschaft Lautenbach, Dorfgemeinschaft Lautenbach 1, 88634 Herdwangen-Sch\u00f6nach<\/td>\n<\/tr>\n<tr style=\"height: 40px;\">\n<td class=\"xl63\" style=\"width: 12.462909%; height: 40px;\" align=\"right\" height=\"23\">20.07.24<\/td>\n<td class=\"xl65\" style=\"width: 14.51133%; height: 40px;\">19:30 Uhr<\/td>\n<td class=\"xl66\" style=\"width: 23.507465%; height: 40px;\">Neuenburg<\/td>\n<td style=\"width: 34.058356%; height: 40px;\">Cirque Intense Zelt, Rheinwaldstrasse<\/td>\n<\/tr>\n<tr style=\"height: 40px;\">\n<td class=\"xl63\" style=\"width: 12.462909%; height: 40px;\" align=\"right\" height=\"23\">21.07.24<\/td>\n<td class=\"xl65\" style=\"width: 14.51133%; height: 40px;\">17 Uhr<\/td>\n<td class=\"xl66\" style=\"width: 23.507465%; height: 40px;\">Neuenburg<\/td>\n<td style=\"width: 34.058356%; height: 40px;\">Cirque Intense Zelt, Rheinwaldstrasse<\/td>\n<\/tr>\n<tr style=\"height: 40px;\">\n<td class=\"xl63\" style=\"width: 12.462909%; height: 40px;\" align=\"right\" height=\"23\">26.07.24<\/td>\n<td class=\"xl65\" style=\"width: 14.51133%; height: 40px;\">17 Uhr<\/td>\n<td class=\"xl66\" style=\"width: 23.507465%; height: 40px;\">\n<p>Frankfurt<\/p>\n<\/td>\n<td style=\"width: 34.058356%; height: 40px;\">Sommerwerft Festival am Mainufer<\/td>\n<\/tr>\n<\/tbody>\n<\/table>","protected":false},"excerpt":{"rendered":"<p>Abschlussprogramm 2024, Cirque Intense 6.0 Freundschaften und Beziehungen geben uns Halt.&nbsp;&nbsp; Aber was macht eine Begegnung interessant und lebendig? Wann treten wir mit einem anderen Menschen in Resonanz? Und wo entsteht daraus Zusammenhalt? Was zieht uns an oder st\u00f6\u00dft uns ab? Durch Begegnung entsteht Bewegung, im Inneren wie im \u00c4u\u00dferen. Es entsteht ein Austausch zwischen &hellip; <\/p>\n<p class=\"link-more\"><a href=\"https:\/\/cirque-intense.de\/en\/tournee-halt-2024\/\" class=\"more-link\">Continue reading<span class=\"screen-reader-text\"> &#8222;Halt. &#8211; Zeitgen\u00f6ssisches Zirkustheater \u00fcbers Halten und Loslassen&#8220;<\/span><\/a><\/p>","protected":false},"author":3,"featured_media":0,"parent":0,"menu_order":0,"comment_status":"closed","ping_status":"closed","template":"","meta":{"ngg_post_thumbnail":0,"footnotes":""},"class_list":["post-2590","page","type-page","status-publish","hentry"],"_links":{"self":[{"href":"https:\/\/cirque-intense.de\/en\/wp-json\/wp\/v2\/pages\/2590","targetHints":{"allow":["GET"]}}],"collection":[{"href":"https:\/\/cirque-intense.de\/en\/wp-json\/wp\/v2\/pages"}],"about":[{"href":"https:\/\/cirque-intense.de\/en\/wp-json\/wp\/v2\/types\/page"}],"author":[{"embeddable":true,"href":"https:\/\/cirque-intense.de\/en\/wp-json\/wp\/v2\/users\/3"}],"replies":[{"embeddable":true,"href":"https:\/\/cirque-intense.de\/en\/wp-json\/wp\/v2\/comments?post=2590"}],"version-history":[{"count":24,"href":"https:\/\/cirque-intense.de\/en\/wp-json\/wp\/v2\/pages\/2590\/revisions"}],"predecessor-version":[{"id":2883,"href":"https:\/\/cirque-intense.de\/en\/wp-json\/wp\/v2\/pages\/2590\/revisions\/2883"}],"wp:attachment":[{"href":"https:\/\/cirque-intense.de\/en\/wp-json\/wp\/v2\/media?parent=2590"}],"curies":[{"name":"wp","href":"https:\/\/api.w.org\/{rel}","templated":true}]}}