{"id":2602,"date":"2024-04-27T10:23:13","date_gmt":"2024-04-27T10:23:13","guid":{"rendered":"https:\/\/cirque-intense.de\/?page_id=2602"},"modified":"2025-01-08T22:34:51","modified_gmt":"2025-01-08T22:34:51","slug":"bisherige-produktionen","status":"publish","type":"page","link":"https:\/\/cirque-intense.de\/en\/bisherige-produktionen\/","title":{"rendered":"Produktionen"},"content":{"rendered":"<h1>Abschlussprogramme<\/h1>\n\n\n\n<h5><a href=\"https:\/\/cirque-intense.de\/en\/tournee-halt-2024\/\">2024 HALT! &#8211; ZIRKUSTHEATER<\/a><\/h5>\n<h5><a href=\"https:\/\/cirque-intense.de\/en\/2023-von-sinnen-kopfkino-und-bauchgefuehl\/\">2023 VON SINNEN &#8211; KOPFKINO UND BAUCHGEF\u00dcHL<\/a><\/h5>\n<h5>2022 DeVelop\u00e9<\/h5>\n<h5>2021 Osteria<\/h5>\n<h5>2020 Evinus<\/h5>\n<h5>2019 IN and OUT<\/h5>\n\n\n\n<h1>Werkstattauff\u00fchrungen<\/h1>\n<p><strong><a href=\"https:\/\/cirque-intense.de\/en\/zeit-fuer-zirkus-2023\/\">Zeit f\u00fcr Zirkus 2023 &#8211; Werkstattauff\u00fchrung 6.0<\/a><\/strong><\/p>\n<h5>&nbsp;<\/h5>\n<p>&nbsp;<\/p>","protected":false},"excerpt":{"rendered":"<p>Abschlussprogramme 2024 HALT! &#8211; ZIRKUSTHEATER 2023 VON SINNEN &#8211; KOPFKINO UND BAUCHGEF\u00dcHL 2022 DeVelop\u00e9 2021 Osteria 2020 Evinus 2019 IN and OUT Werkstattauff\u00fchrungen Zeit f\u00fcr Zirkus 2023 &#8211; Werkstattauff\u00fchrung 6.0 &nbsp; &nbsp;<\/p>","protected":false},"author":3,"featured_media":0,"parent":0,"menu_order":0,"comment_status":"closed","ping_status":"closed","template":"","meta":{"ngg_post_thumbnail":0,"footnotes":""},"class_list":["post-2602","page","type-page","status-publish","hentry"],"_links":{"self":[{"href":"https:\/\/cirque-intense.de\/en\/wp-json\/wp\/v2\/pages\/2602","targetHints":{"allow":["GET"]}}],"collection":[{"href":"https:\/\/cirque-intense.de\/en\/wp-json\/wp\/v2\/pages"}],"about":[{"href":"https:\/\/cirque-intense.de\/en\/wp-json\/wp\/v2\/types\/page"}],"author":[{"embeddable":true,"href":"https:\/\/cirque-intense.de\/en\/wp-json\/wp\/v2\/users\/3"}],"replies":[{"embeddable":true,"href":"https:\/\/cirque-intense.de\/en\/wp-json\/wp\/v2\/comments?post=2602"}],"version-history":[{"count":9,"href":"https:\/\/cirque-intense.de\/en\/wp-json\/wp\/v2\/pages\/2602\/revisions"}],"predecessor-version":[{"id":2752,"href":"https:\/\/cirque-intense.de\/en\/wp-json\/wp\/v2\/pages\/2602\/revisions\/2752"}],"wp:attachment":[{"href":"https:\/\/cirque-intense.de\/en\/wp-json\/wp\/v2\/media?parent=2602"}],"curies":[{"name":"wp","href":"https:\/\/api.w.org\/{rel}","templated":true}]}}