{"id":2613,"date":"2024-04-27T10:45:44","date_gmt":"2024-04-27T10:45:44","guid":{"rendered":"https:\/\/cirque-intense.de\/?page_id=2613"},"modified":"2026-01-09T12:05:57","modified_gmt":"2026-01-09T12:05:57","slug":"2023-von-sinnen-kopfkino-und-bauchgefuehl","status":"publish","type":"page","link":"https:\/\/cirque-intense.de\/en\/2023-von-sinnen-kopfkino-und-bauchgefuehl\/","title":{"rendered":"VON SINNEN \u2013 KOPFKINO UND BAUCHGEF\u00dcHL"},"content":{"rendered":"<p style=\"font-weight: 400;\"><strong>Abschlussprogramm 2023, Cirque Intense 6.0<\/strong><\/p>\n<p>Zirkustheater<\/p>\n<p style=\"font-weight: 400;\">Eine Stra\u00dfenszene an einer Hausecke, mitten auf einem kleinen Platz. Menschen schlendern dar\u00fcber, mal hastig auf der Suche nach etwas oder spielend ohne Ziel. Interessante Charaktere bev\u00f6lkern die lebendige Szenerie. Die sechs ArtistInnen dieses abwechslungsreichen Zirkus-Theater-Spektakels zaubern Tanzchoreographien, artistische Einlagen und Szenen auf die B\u00fchne. Mit Live Musik und verbl\u00fcffenden und lustigen Einf\u00e4llen wird die eigene Phantasie angeregt im Kopfkino herumzuschweifen, eigene Sinneseindr\u00fccke zu genie\u00dfen und denen der DarstellerInnen zu folgen. In einem Gesamtguss entwickeln sich Szenen, in denen Fragen leben: Welche neuen Freiheiten ergeben sich aus verschlossenen Sinnen? Wieso schauen, wenn man spielen kann?<\/p>\n<p>Eins flie\u00dft ins Andere &#8211; Sinneswahrnehmung zu Sinneswandel. Da sind W\u00e4nde irgendwo, im Blickfeld, im Kopf. Und andere Sinne sch\u00e4rfen sich. Da sind Objekte im Wandel, die sich erg\u00e4nzen, zu Bildern f\u00fcgen und sich wieder freilassen. Es entwickeln sich Szenen, in denen Fragen leben: Welche neuen Freiheiten ergeben sich aus verschlossenen Sinnen? Wieso schauen, wenn man spielen kann?<\/p>\n<p style=\"font-weight: 400;\">Das aktuelle Cirque Intense-St\u00fcck mit dem Arbeitstitel \u201eVon Sinnen &#8211; Kopfkino &amp; Bauchgef\u00fchl\u201c wurde gemeinsam von den Artist:innen des aktuellen Jahrganges entwickelt. In Improvisationen und gemeinsamer Research mit (Zirkus-) Requisiten und B\u00fchnenbild entstehen Szenen, Gesten, Haltungen und Kl\u00e4nge. Artistische Kunstt\u00fccke verbinden sich mit lebendigen Sinnbildern und Momenten intimer Individualit\u00e4t. Im Wechsel mit kraftvollen Gruppenmomenten er\u00f6ffnen sich Spannungsebenen, in denen wir alle tagt\u00e4glich leben.<\/p>\n<p style=\"font-weight: 400;\">Darsteller:innen: &nbsp;Amelie Kuhle, Anastasia Faller, Jana M\u00f6ller, Manja K\u00f6hmstedt, Sabine Liebmann, Willi Hohnwald<\/p>\n<p style=\"font-weight: 400;\">Robert Eisele &nbsp; &nbsp; &nbsp; &nbsp; &nbsp; &nbsp; &nbsp; &nbsp; &nbsp; &nbsp; K\u00fcnstlerische Leitung<br>Isabelle Noel &nbsp; &nbsp; &nbsp; &nbsp; &nbsp; &nbsp; &nbsp; &nbsp; &nbsp; &nbsp; &nbsp;Luftartistik, Chinese Pole, Cyr Wheel<br>Karolin St\u00e4chele &nbsp; &nbsp; &nbsp; &nbsp; &nbsp; &nbsp; &nbsp; Choreografie Tanz<br>Tilo Wachter &nbsp; &nbsp; &nbsp; &nbsp; &nbsp; &nbsp; &nbsp; &nbsp; &nbsp; &nbsp; &nbsp; Musik<\/p>\n<p style=\"font-weight: 400;\">Premiere am 26. Mai 2023 in Neuenburg am Rhein.<\/p>\n<p>zur Galerie<\/p>\n<h4>Auff\u00fchrungs- und Tourneedaten:<\/h4>\n<table style=\"width: 100%; height: 390px;\" border=\"0\" width=\"542\" cellspacing=\"0\" cellpadding=\"0\"><colgroup><col width=\"81\"><col width=\"119\"><col width=\"155\"><col width=\"187\"><\/colgroup>\n<tbody>\n<tr style=\"height: 20px;\">\n<td class=\"xl70\" style=\"height: 20px;\" align=\"right\" width=\"81\" height=\"20\">26.05.23<\/td>\n<td style=\"height: 20px;\" width=\"119\">20 Uhr<\/td>\n<td class=\"xl65\" style=\"height: 20px;\" width=\"155\">Neuenburg, Premiere<\/td>\n<td class=\"xl65\" style=\"height: 20px;\" width=\"187\">Cirque Intense Zelt, Neuenburg am Rhein<\/td>\n<\/tr>\n<tr style=\"height: 20px;\">\n<td class=\"xl70\" style=\"height: 20px;\" align=\"right\" height=\"20\">27.05.23<\/td>\n<td style=\"height: 20px;\">19:30 Uhr<\/td>\n<td class=\"xl65\" style=\"height: 20px;\">Neuenburg<\/td>\n<td class=\"xl65\" style=\"height: 20px;\">Cirque Intense Zelt, Neuenburg am Rhein<\/td>\n<\/tr>\n<tr style=\"height: 20px;\">\n<td class=\"xl71\" style=\"height: 20px;\" align=\"right\" height=\"20\">06.06.23<\/td>\n<td class=\"xl65\" style=\"height: 20px;\">19 Uhr (ge\u00e4ndert!)<\/td>\n<td class=\"xl65\" style=\"height: 20px;\">Leipzig<\/td>\n<td class=\"xl65\" style=\"height: 20px;\">\n<p>Feinkost, Karl-Liebknecht-Strasse 36<\/p>\n<\/td>\n<\/tr>\n<tr style=\"height: 40px;\">\n<td class=\"xl71\" style=\"height: 40px;\" align=\"right\" height=\"20\">08.06.23<\/td>\n<td class=\"xl65\" style=\"height: 40px;\">16 Uhr<\/td>\n<td class=\"xl65\" style=\"height: 40px;\">Leipzig<\/td>\n<td class=\"xl65\" style=\"height: 40px;\">Wandertheater Pas de Deux,&nbsp; Clara Zetkin Park<\/td>\n<\/tr>\n<tr style=\"height: 40px;\">\n<td class=\"xl71\" style=\"height: 40px;\" align=\"right\" height=\"20\">08.06.23<\/td>\n<td class=\"xl65\" style=\"height: 40px;\">20 Uhr<\/td>\n<td class=\"xl65\" style=\"height: 40px;\">Leipzig<\/td>\n<td class=\"xl65\" style=\"height: 40px;\">Wandertheater Pas de Deux,&nbsp; Clara Zetkin Park<\/td>\n<\/tr>\n<tr style=\"height: 20px;\">\n<td class=\"xl70\" style=\"height: 20px;\" align=\"right\" height=\"20\">10.06.23<\/td>\n<td class=\"xl68\" style=\"height: 20px;\">10-17 Uhr<\/td>\n<td class=\"xl65\" style=\"height: 20px;\">Aarau\/CH<\/td>\n<td class=\"xl65\" style=\"height: 20px;\">Cirqu&#8216; Aarau, Festival, Kooperation mit der Compagnie XY<\/td>\n<\/tr>\n<tr style=\"height: 20px;\">\n<td class=\"xl70\" style=\"height: 20px;\" align=\"right\" height=\"20\">11.06.23<\/td>\n<td class=\"xl68\" style=\"height: 20px;\">10-17 Uhr<\/td>\n<td class=\"xl65\" style=\"height: 20px;\">Aarau\/CH<\/td>\n<td class=\"xl65\" style=\"height: 20px;\">Cirqu&#8216; Aarau, Festival, Kooperation mit der Compagnie XY<\/td>\n<\/tr>\n<tr style=\"height: 20px;\">\n<td class=\"xl72\" style=\"height: 20px;\" align=\"right\" height=\"20\">14.06.23<\/td>\n<td class=\"xl67\" style=\"height: 20px;\">10 Uhr (Schulvorstellung)<\/td>\n<td class=\"xl65\" style=\"height: 20px;\">Wangen<\/td>\n<td class=\"xl67\" style=\"height: 20px;\">Freie Waldorfschule<\/td>\n<\/tr>\n<tr style=\"height: 20px;\">\n<td class=\"xl72\" style=\"height: 10px;\" align=\"right\" height=\"20\">14.06.23<\/td>\n<td class=\"xl67\" style=\"height: 10px;\">\n<p><br>20 Uhr<\/p>\n<\/td>\n<td class=\"xl65\" style=\"height: 10px;\">Wangen<\/td>\n<td class=\"xl67\" style=\"height: 10px;\">Freie Waldorfschule<\/td>\n<\/tr>\n<tr style=\"height: 20px;\">\n<td class=\"xl70\" style=\"height: 20px;\" align=\"right\" height=\"20\">16.06.23<\/td>\n<td class=\"xl68\" style=\"height: 20px;\">18 Uhr<\/td>\n<td class=\"xl65\" style=\"height: 20px;\">Aarau\/CH<\/td>\n<td class=\"xl65\" style=\"height: 20px;\">Cirqu&#8216; Aarau, Festival, Kooperation mit der Compagnie XY<\/td>\n<\/tr>\n<tr style=\"height: 20px;\">\n<td class=\"xl70\" style=\"height: 20px;\" align=\"right\" height=\"20\">17.06.23<\/td>\n<td class=\"xl74\" style=\"height: 20px;\">20 Uhr (ge\u00e4ndert)<\/td>\n<td class=\"xl65\" style=\"height: 20px;\">Z\u00fcrich\/CH<\/td>\n<td class=\"xl65\" style=\"height: 20px;\">Zirkusquartier<\/td>\n<\/tr>\n<tr style=\"height: 20px;\">\n<td class=\"xl73\" style=\"text-align: right; height: 20px;\" height=\"20\">18.06.23<\/td>\n<td class=\"xl66\" style=\"height: 20px;\">abgesagt<\/td>\n<td class=\"xl65\" style=\"height: 20px;\">Friedrichshafen<\/td>\n<td class=\"xl66\" style=\"height: 20px;\">Kulturcaserne<\/td>\n<\/tr>\n<tr style=\"height: 20px;\">\n<td class=\"xl71\" style=\"height: 20px;\" align=\"right\" height=\"20\">07.07.23<\/td>\n<td class=\"xl65\" style=\"height: 20px;\">16 Uhr<\/td>\n<td class=\"xl65\" style=\"height: 20px;\">Freiburg Vauban<\/td>\n<td class=\"xl65\" style=\"height: 20px;\">Haus 37 Open Air<\/td>\n<\/tr>\n<tr style=\"height: 20px;\">\n<td class=\"xl71\" style=\"height: 20px;\" align=\"right\" height=\"20\">07.07.23<\/td>\n<td class=\"xl69\" style=\"height: 20px;\">20 Uhr<\/td>\n<td class=\"xl65\" style=\"height: 20px;\">Freiburg Vauban<\/td>\n<td class=\"xl65\" style=\"height: 20px;\">Haus 37 Open Air<\/td>\n<\/tr>\n<tr style=\"height: 20px;\">\n<td class=\"xl70\" style=\"height: 20px;\" align=\"right\" height=\"20\">14.07.23<\/td>\n<td style=\"height: 20px;\">19:30 Uhr<\/td>\n<td class=\"xl65\" style=\"height: 20px;\">Neuenburg<\/td>\n<td class=\"xl65\" style=\"height: 20px;\">Cirque Intense Zelt, Neuenburg am Rhein<\/td>\n<\/tr>\n<tr style=\"height: 20px;\">\n<td class=\"xl70\" style=\"height: 20px;\" align=\"right\" height=\"20\">15.07.23<\/td>\n<td style=\"height: 20px;\">19:30 Uhr<\/td>\n<td class=\"xl65\" style=\"height: 20px;\">Neuenburg<\/td>\n<td class=\"xl65\" style=\"height: 20px;\">Cirque Intense Zelt, Neuenburg am Rhein<\/td>\n<\/tr>\n<tr style=\"height: 20px;\">\n<td class=\"xl70\" style=\"height: 20px;\" align=\"right\" height=\"20\">19.07.23<\/td>\n<td class=\"xl68\" style=\"height: 20px;\">19:30 Uhr<\/td>\n<td class=\"xl65\" style=\"height: 20px;\">Schw\u00e4bisch Hall<\/td>\n<td class=\"xl68\" style=\"height: 20px;\">Wandertheater Pas de Deux, Wilhelm-Lotze-Weg<\/td>\n<\/tr>\n<tr style=\"height: 20px;\">\n<td class=\"xl71\" style=\"height: 20px;\" align=\"right\" height=\"20\">23.07.23<\/td>\n<td class=\"xl65\" style=\"height: 20px;\">20 Uhr<\/td>\n<td class=\"xl65\" style=\"height: 20px;\">Frankfurt am Main<\/td>\n<td class=\"xl65\" style=\"height: 20px;\">Sommerwerft Festival<\/td>\n<\/tr>\n<\/tbody>\n<\/table>","protected":false},"excerpt":{"rendered":"<p>Abschlussprogramm 2023, Cirque Intense 6.0 Zirkustheater Eine Stra\u00dfenszene an einer Hausecke, mitten auf einem kleinen Platz. Menschen schlendern dar\u00fcber, mal hastig auf der Suche nach etwas oder spielend ohne Ziel. Interessante Charaktere bev\u00f6lkern die lebendige Szenerie. Die sechs ArtistInnen dieses abwechslungsreichen Zirkus-Theater-Spektakels zaubern Tanzchoreographien, artistische Einlagen und Szenen auf die B\u00fchne. Mit Live Musik und &hellip; <\/p>\n<p class=\"link-more\"><a href=\"https:\/\/cirque-intense.de\/en\/2023-von-sinnen-kopfkino-und-bauchgefuehl\/\" class=\"more-link\">Continue reading<span class=\"screen-reader-text\"> &#8222;VON SINNEN \u2013 KOPFKINO UND BAUCHGEF\u00dcHL&#8220;<\/span><\/a><\/p>","protected":false},"author":3,"featured_media":0,"parent":0,"menu_order":0,"comment_status":"closed","ping_status":"closed","template":"","meta":{"ngg_post_thumbnail":0,"footnotes":""},"class_list":["post-2613","page","type-page","status-publish","hentry"],"_links":{"self":[{"href":"https:\/\/cirque-intense.de\/en\/wp-json\/wp\/v2\/pages\/2613","targetHints":{"allow":["GET"]}}],"collection":[{"href":"https:\/\/cirque-intense.de\/en\/wp-json\/wp\/v2\/pages"}],"about":[{"href":"https:\/\/cirque-intense.de\/en\/wp-json\/wp\/v2\/types\/page"}],"author":[{"embeddable":true,"href":"https:\/\/cirque-intense.de\/en\/wp-json\/wp\/v2\/users\/3"}],"replies":[{"embeddable":true,"href":"https:\/\/cirque-intense.de\/en\/wp-json\/wp\/v2\/comments?post=2613"}],"version-history":[{"count":7,"href":"https:\/\/cirque-intense.de\/en\/wp-json\/wp\/v2\/pages\/2613\/revisions"}],"predecessor-version":[{"id":2881,"href":"https:\/\/cirque-intense.de\/en\/wp-json\/wp\/v2\/pages\/2613\/revisions\/2881"}],"wp:attachment":[{"href":"https:\/\/cirque-intense.de\/en\/wp-json\/wp\/v2\/media?parent=2613"}],"curies":[{"name":"wp","href":"https:\/\/api.w.org\/{rel}","templated":true}]}}