{"id":271,"date":"2018-05-27T14:08:09","date_gmt":"2018-05-27T14:08:09","guid":{"rendered":"http:\/\/cirque-intense.de\/?page_id=271"},"modified":"2026-02-17T18:06:45","modified_gmt":"2026-02-17T18:06:45","slug":"infoveranstaltungen-2021","status":"publish","type":"page","link":"https:\/\/cirque-intense.de\/en\/infoveranstaltungen-2021\/","title":{"rendered":"Infoveranstaltungen"},"content":{"rendered":"<p>&nbsp;<\/p>\n<p><span class=\"TextRun SCXW200757643 BCX0\" lang=\"DE-DE\" xml:lang=\"DE-DE\" data-contrast=\"auto\"><span class=\"NormalTextRun SCXW200757643 BCX0\">Kennst du jemanden der\/die sich f\u00fcr Cirque <\/span><span class=\"NormalTextRun SCXW200757643 BCX0\">Intense<\/span><span class=\"NormalTextRun SCXW200757643 BCX0\"> interessiert? Oder hast du selber Lust, bist dir aber nicht <\/span><span class=\"NormalTextRun SCXW200757643 BCX0\">sicher,<\/span><span class=\"NormalTextRun SCXW200757643 BCX0\">&nbsp;ob du unsere Voraussetzungen erf\u00fcllst?<\/span><span class=\"NormalTextRun SCXW200757643 BCX0\">&nbsp;Dann&nbsp;<\/span><\/span><a class=\"Hyperlink SCXW200757643 BCX0\" href=\"https:\/\/cirque-intense.de\/en\/bewerben\/\" target=\"_blank\" rel=\"noreferrer noopener\"><span class=\"TextRun Underlined SCXW200757643 BCX0\" lang=\"DE-DE\" xml:lang=\"DE-DE\" data-contrast=\"none\"><span class=\"NormalTextRun SCXW200757643 BCX0\" data-ccp-charstyle=\"Hyperlink\">melde dich gerne bei uns<\/span><\/span><\/a><span class=\"TextRun SCXW200757643 BCX0\" lang=\"DE-DE\" xml:lang=\"DE-DE\" data-contrast=\"auto\"><span class=\"NormalTextRun SCXW200757643 BCX0\">&nbsp;und wir finden es gemeinsam<\/span><span class=\"NormalTextRun SCXW200757643 BCX0\">&nbsp;heraus!<\/span><\/span><span class=\"EOP SCXW200757643 BCX0\" data-ccp-props=\"{&quot;201341983&quot;:0,&quot;335559739&quot;:160,&quot;335559740&quot;:259}\">&nbsp;<\/span><\/p>\n<p>Um Cirque Intense kennen zu lernen kannst Du bei uns zum hospitieren kommen. Schreib dazu einfach ein Mail.<\/p>\n<p>Zudem bieten wir Schnupper-Workshops an. Der n\u00e4chste ist am:<\/p>\n<p><span style=\"font-family: Avenir;\"><u><b>21. und 22. Februar 2026:<br><\/b><\/u><\/span><span style=\"font-family: Avenir;\"><u><b>Z\u00fcrich, Zirkusquartier Zirkus Chnopf<br><\/b><\/u><\/span><span style=\"font-family: Avenir;\">Hohlstrasse 256, CH-8004 Z\u00fcrich<br><\/span><span style=\"font-family: Avenir;\">zweit\u00e4giger Workshop, Training jeweils 6 Stunden mit Mittagspause<br>Anmeldung, Ablauf und Kursgeb\u00fchr \u00fcber das <a href=\"https:\/\/zirkusquartier.ch\/veranstaltungen\/cirque-intense-workshop-2\/?vorstellung=23899\">Zirkusquartier Z\u00fcrich.<\/a><\/span><\/p>\n<p>Meldet Euch gerne wenn Ihr einen Info-Workshop bei Euch veranstalten wollt.<\/p>","protected":false},"excerpt":{"rendered":"<p>&nbsp; Kennst du jemanden der\/die sich f\u00fcr Cirque Intense interessiert? Oder hast du selber Lust, bist dir aber nicht sicher,&nbsp;ob du unsere Voraussetzungen erf\u00fcllst?&nbsp;Dann&nbsp;melde dich gerne bei uns&nbsp;und wir finden es gemeinsam&nbsp;heraus!&nbsp; Um Cirque Intense kennen zu lernen kannst Du bei uns zum hospitieren kommen. Schreib dazu einfach ein Mail. Zudem bieten wir Schnupper-Workshops an. &hellip; <\/p>\n<p class=\"link-more\"><a href=\"https:\/\/cirque-intense.de\/en\/infoveranstaltungen-2021\/\" class=\"more-link\">Continue reading<span class=\"screen-reader-text\"> &#8222;Infoveranstaltungen&#8220;<\/span><\/a><\/p>","protected":false},"author":1,"featured_media":1703,"parent":0,"menu_order":0,"comment_status":"closed","ping_status":"closed","template":"","meta":{"ngg_post_thumbnail":0,"footnotes":""},"class_list":["post-271","page","type-page","status-publish","has-post-thumbnail","hentry"],"_links":{"self":[{"href":"https:\/\/cirque-intense.de\/en\/wp-json\/wp\/v2\/pages\/271","targetHints":{"allow":["GET"]}}],"collection":[{"href":"https:\/\/cirque-intense.de\/en\/wp-json\/wp\/v2\/pages"}],"about":[{"href":"https:\/\/cirque-intense.de\/en\/wp-json\/wp\/v2\/types\/page"}],"author":[{"embeddable":true,"href":"https:\/\/cirque-intense.de\/en\/wp-json\/wp\/v2\/users\/1"}],"replies":[{"embeddable":true,"href":"https:\/\/cirque-intense.de\/en\/wp-json\/wp\/v2\/comments?post=271"}],"version-history":[{"count":31,"href":"https:\/\/cirque-intense.de\/en\/wp-json\/wp\/v2\/pages\/271\/revisions"}],"predecessor-version":[{"id":2957,"href":"https:\/\/cirque-intense.de\/en\/wp-json\/wp\/v2\/pages\/271\/revisions\/2957"}],"wp:featuredmedia":[{"embeddable":true,"href":"https:\/\/cirque-intense.de\/en\/wp-json\/wp\/v2\/media\/1703"}],"wp:attachment":[{"href":"https:\/\/cirque-intense.de\/en\/wp-json\/wp\/v2\/media?parent=271"}],"curies":[{"name":"wp","href":"https:\/\/api.w.org\/{rel}","templated":true}]}}