{"id":2750,"date":"2025-01-08T22:33:22","date_gmt":"2025-01-08T22:33:22","guid":{"rendered":"https:\/\/cirque-intense.de\/?page_id=2750"},"modified":"2025-01-08T22:38:26","modified_gmt":"2025-01-08T22:38:26","slug":"zeit-fuer-zirkus-2023","status":"publish","type":"page","link":"https:\/\/cirque-intense.de\/en\/zeit-fuer-zirkus-2023\/","title":{"rendered":"Zeit f\u00fcr Zirkus 2023"},"content":{"rendered":"<h1>Werkstattauff\u00fchrung 6.0<\/h1>\n<h4 class=\"western\"><span style=\"color: #000000;\">Neues Festival im Rahmen eines Bundesweiten Aktionstages am 17. und 18. November 2023<\/span><\/h4>\n<p><strong><span style=\"color: #000000;\">\u201e<\/span><\/strong><strong><span style=\"color: #000000;\">Zeit f\u00fcr Zirkus\u201c in Neuenburg am Rhein, der \u201eTag der offenen T\u00fcr\u201c bietet&nbsp;<\/span><\/strong><strong><span style=\"color: #000000;\">Einblicke in die Preparatoryschule Cirque Intense mit einem vielseitigen Programm<\/span><\/strong><\/p>\n<p><span style=\"color: #000000;\">Auf der B\u00fchne stehen neben den Teilnehmern dieses Mal auch zwei professionelle K\u00fcnstler mit ihren Soloprogrammen.&nbsp;<br>Die Veranstaltung findet im Rahmen des europaweiten Aktionstages f\u00fcr Zeitgen\u00f6ssischen Zirkus statt, der an diesem Wochenende in Deutschland in allen gro\u00dfen St\u00e4dten unter dem Titel \u201eZeit f\u00fcr Zirkus\u201c f\u00fcr das innovative Genre wirbt.<br>Zeitgen\u00f6ssischer Zirkus, der ohne die Mitwirkung von Tieren auskommt und genre\u00fcbergreifend arbeitet, erneuert und aktualisiert den traditionellen Zirkus. So wird er zur gleichberechtigten Kultursparte neben Theater, Tanz und Oper.<\/span><\/p>\n<p><span style=\"color: #000000;\">Nach einem Begr\u00fc\u00dfungs-Apero am Freitag gibt es einen Dokumentarfilm \u00fcber die Ausbildungsst\u00e4tte Cirque Intense, die in Ihrer Art in Deutschland einmalig ist. Die Studierenden des Berufsorientierungs- und Vorbereitungsjahres f\u00fcr Zeitgen\u00f6ssischen Zirkus, das seit 2018 in Neuenburg beheimatet ist, zeigen darin ihr Deb\u00fct auf der B\u00fchne.<\/span><\/p>\n<p><span style=\"color: #000000;\">Das Hauptevent finden abends statt; so ist am Freitagabend um 20 Uhr die Premiere des neuen B\u00fchnenprogrammes der Freiburger K\u00fcnstlerin Larissa Dingler \u201eFrau Hirschberg allein zu Haus\u201c kuratiert- ein St\u00fcck mit Artistik und Puppenspiel, bei dem G\u00fcnter Klingler, ebenfalls aus Freiburg, Regie f\u00fchrte.<\/span><\/p>\n<p><span style=\"color: #000000;\">Am Samstag beginnt das Programm ab 17 Uhr mit einem Zirkus-Angebot f\u00fcr Kinder und Eltern. Am Abend wird dann G\u00fcnter Klingler auf der B\u00fchne stehen mit einer Wiederaufnahme seines Erfolgsst\u00fcckes \u201eHeinz Herrmann: Viel z\u2018 kreativ\u201c, einer humorvollen Hommage an die Vielfalt der Zirkuskunst.<\/span><\/p>\n<p><span style=\"color: #000000;\">Beide Abende werden abgerundet durch eine Open-Air Feuershow der Cirque Intense ArtistInnen.<\/span><\/p>\n<p><span style=\"color: #000000;\">The&nbsp;<\/span><strong><span style=\"color: #000000;\">Rahmenprogramm<\/span><\/strong><span style=\"color: #000000;\">&nbsp;(Apero, Film, Variet\u00e9, Feuershow, Besichtigung) findet auf&nbsp;<\/span><strong><span style=\"color: #000000;\">Spendenbasis<\/span><\/strong><span style=\"color: #000000;\">&nbsp;statt und ist f\u00fcr Mensch ab 9 Jahren empfohlen.<br>Eintrittskarten f\u00fcr die&nbsp;<\/span><strong><span style=\"color: #000000;\">Abendveranstaltungen<\/span><\/strong><span style=\"color: #000000;\">&nbsp;der Kulturwerkstatt S\u00fcdbaden GmbH ab 20 Uhr im&nbsp;<\/span><strong><span style=\"color: #000000;\">VVK \u20ac 18,- \/erm\u00e4\u00dfigt \u20ac 10,<\/span><\/strong><span style=\"color: #000000;\">&#8211; bei der Touristik-Information in Neuenburg, Rathausplatz.<br>Online sind bei&nbsp;<a href=\"http:\/\/www.marktkram.bio\/produkte\/zirkus\/eintrittskarten\">www.marktkram.bio\/produkte\/zirkus\/eintrittskarten<\/a>, zus\u00e4tzlich Karten mit F\u00f6rderbeitrag erh\u00e4ltlich.<\/span><\/p>\n<p><span style=\"color: #000000;\">Das Zelt ist beheizt, die Pl\u00e4tze nicht nummeriert. Auch an der Abendkasse sind noch Karten erh\u00e4ltlich.<br><\/span><strong><span style=\"color: #000000;\">Ort<\/span><\/strong><span style=\"color: #000000;\">: Zirkuszelt gegen\u00fcber Camping Gugel, Oberer Wald 1 (Industriegebiet S\u00fcd).<\/span><\/p>\n<p><span style=\"color: #000000;\">Die Kulturwerkstatt S\u00fcdbaden GmbH ist Veranstalterin in Kooperation mit der Zirkus-Kunst gGmbH.<\/span><\/p>\n<p><span style=\"color: #000000;\">Weitere Informationen zum Programm und zum bundesweiten Aktionstag Zirkus unter&nbsp;<a href=\"http:\/\/www.zeitfuerzirkus.de\/\">www.zeitfuerzirkus.de<\/a>.<\/span><\/p>\n<p><span style=\"color: #000000;\">&nbsp;<\/span><\/p>\n<p><strong><span style=\"color: #000000;\">Der Programmablauf:<\/span><\/strong><\/p>\n<p><strong><span style=\"color: #000000;\">Freitag, 17.11.23:<\/span><\/strong><\/p>\n<p><span style=\"color: #000000;\">18:00 Uhr Ap\u00e9ro\/Besichtigung<\/span><\/p>\n<p><span style=\"color: #000000;\">18:30 Uhr Werkstattauff\u00fchrung 6.0 &#8211; Variet\u00e9 der Teilnehmenden von Cirque Intense<\/span><\/p>\n<p><span style=\"color: #000000;\">19:15 Uhr Dokumentarfilm \u00fcber die Ausbildung bei Cirque Intense<\/span><\/p>\n<p><span style=\"color: #000000;\">20:00 Uhr \u201eFrau Hirschberg allein zu Haus\u201c, Larissa Dingler Solo (Premiere), eine Veranstaltung der Kulturwerkstatt S\u00fcdbaden GmbH<\/span><\/p>\n<p><span style=\"color: #000000;\">21:30 Uhr Open Air Feuershow<\/span><\/p>\n<p><span style=\"color: #000000;\">&nbsp;<\/span><\/p>\n<p><strong><span style=\"color: #000000;\">Samstag 18.11.23:<\/span><\/strong><\/p>\n<p><span style=\"color: #000000;\">17:00 Uhr Zirkusangebote f\u00fcr Kinder und Eltern<\/span><\/p>\n<p><span style=\"color: #000000;\">18:00 Uhr Ap\u00e9ro\/Besichtigung<\/span><\/p>\n<p><span style=\"color: #000000;\">18:30 Uhr Werkstattauff\u00fchrung 6.0 &#8211; Variet\u00e9 der Teilnehmenden von Cirque Intense<\/span><\/p>\n<p><span style=\"color: #000000;\">19:15 Uhr Dokumentarfilm \u00fcber die Ausbildung bei Cirque Intense<\/span><\/p>\n<p><span style=\"color: #000000;\">20:00 Uhr \u201eHeinz Herrmann &#8211; Viel z\u2019 kreativ\u201c, G\u00fcnter Klingler Solo, Eine Veranstaltung der Kulturwerkstatt S\u00fcdbaden GmbH<\/span><\/p>\n<p><span style=\"color: #000000;\">21:30 Uhr Open Air Feuershow<\/span><\/p>\n<p>&nbsp;<\/p>","protected":false},"excerpt":{"rendered":"<p>Werkstattauff\u00fchrung 6.0 Neues Festival im Rahmen eines Bundesweiten Aktionstages am 17. und 18. November 2023 \u201eZeit f\u00fcr Zirkus\u201c in Neuenburg am Rhein, der \u201eTag der offenen T\u00fcr\u201c bietet&nbsp;Einblicke in die Preparatoryschule Cirque Intense mit einem vielseitigen Programm Auf der B\u00fchne stehen neben den Teilnehmern dieses Mal auch zwei professionelle K\u00fcnstler mit ihren Soloprogrammen.&nbsp;Die Veranstaltung findet &hellip; <\/p>\n<p class=\"link-more\"><a href=\"https:\/\/cirque-intense.de\/en\/zeit-fuer-zirkus-2023\/\" class=\"more-link\">Continue reading<span class=\"screen-reader-text\"> &#8222;Zeit f\u00fcr Zirkus 2023&#8220;<\/span><\/a><\/p>","protected":false},"author":3,"featured_media":0,"parent":0,"menu_order":0,"comment_status":"closed","ping_status":"closed","template":"","meta":{"ngg_post_thumbnail":0,"footnotes":""},"class_list":["post-2750","page","type-page","status-publish","hentry"],"_links":{"self":[{"href":"https:\/\/cirque-intense.de\/en\/wp-json\/wp\/v2\/pages\/2750","targetHints":{"allow":["GET"]}}],"collection":[{"href":"https:\/\/cirque-intense.de\/en\/wp-json\/wp\/v2\/pages"}],"about":[{"href":"https:\/\/cirque-intense.de\/en\/wp-json\/wp\/v2\/types\/page"}],"author":[{"embeddable":true,"href":"https:\/\/cirque-intense.de\/en\/wp-json\/wp\/v2\/users\/3"}],"replies":[{"embeddable":true,"href":"https:\/\/cirque-intense.de\/en\/wp-json\/wp\/v2\/comments?post=2750"}],"version-history":[{"count":2,"href":"https:\/\/cirque-intense.de\/en\/wp-json\/wp\/v2\/pages\/2750\/revisions"}],"predecessor-version":[{"id":2754,"href":"https:\/\/cirque-intense.de\/en\/wp-json\/wp\/v2\/pages\/2750\/revisions\/2754"}],"wp:attachment":[{"href":"https:\/\/cirque-intense.de\/en\/wp-json\/wp\/v2\/media?parent=2750"}],"curies":[{"name":"wp","href":"https:\/\/api.w.org\/{rel}","templated":true}]}}