{"id":2789,"date":"2025-03-10T07:22:19","date_gmt":"2025-03-10T07:22:19","guid":{"rendered":"https:\/\/cirque-intense.de\/?page_id=2789"},"modified":"2026-01-09T12:05:39","modified_gmt":"2026-01-09T12:05:39","slug":"abschlussprogramm-2025","status":"publish","type":"page","link":"https:\/\/cirque-intense.de\/en\/abschlussprogramm-2025\/","title":{"rendered":"Due Punti: Der Raum dazwischen"},"content":{"rendered":"<h4>Abschlussprogramm 2025, Cirque Intense 7.0<\/h4>\n<p>Als Menschen stehen wir alle an verschiedenen Punkten im Leben. Als Einzelne unter Vielen k\u00f6nnen wir anderen begegnen, unsere Standpunkte ver\u00e4ndern und uns zwischen ihnen bewegen.<\/p>\n<p>Aber wer, was oder wo sind diese Punkte? Und was ist oder was passiert eigentlich im Raum dazwischen? Was bedeutet es, als Mensch \u201edazwischen\u201c zu sein? Welche Herausforderungen und Chancen sind damit verbunden?<\/p>\n<p>Das Abschlussst\u00fcck des 7. Jahrganges von Cirque Intense bewegt mit den Mitteln des zeitgen\u00f6ssischen Zirkus\u2018 diese pers\u00f6nlichen und kollektiven Fragen. Entstanden ist ein vielschichtiges St\u00fcck, eine Einladung, gemeinsam zu erleben, wie sich der Raum dazwischen bewegt.<\/p>\n<p>\u201eDue Punti: Der Raum dazwischen\u201c ist das Abschlussst\u00fcck des 7. Jahrganges von Cirque Intense. Es ist das Ergebnis einen intensiven Trainingsjahres, Ausdruck pers\u00f6nlicher und kollektiver Entwicklung. Gedanken und Fragen werden mit Zirkusartistik, zeitgen\u00f6ssischem Tanz, Live-Musik und Theater<span class=\"Apple-converted-space\"> zu einer wagemutigen Zirkusshow.<\/span><\/p>\n<p>Am 6. Juni 2025 wird das neue Cirque Intense Zirkustheater-St\u00fcck Premiere im Zirkus-Zelt in Neuenburg uraufgef\u00fchrt.<\/p>\n<p><a href=\"https:\/\/cirque-intense.de\/wp-content\/uploads\/2025\/05\/Flyer-web.pdf\" target=\"_blank\" rel=\"noopener\">Zum Flyer<\/a><\/p>\n<p>Unsere Tourdaten:<\/p>\n<table style=\"border-collapse: collapse; width: 100%; height: 340px;\">\n<tbody>\n<tr style=\"height: 20px;\">\n<td style=\"width: 33.333333%; height: 20px;\">Ort<\/td>\n<td style=\"width: 33.333333%; height: 20px;\">Datum<\/td>\n<td style=\"width: 16.666667%; height: 20px;\">Adresse<\/td>\n<td style=\"width: 16.666667%; height: 20px;\">Karten\/Vorverkauf<\/td>\n<\/tr>\n<tr style=\"height: 40px;\">\n<td style=\"width: 33.333333%; height: 40px;\">Neuenburg am Rhein<\/td>\n<td style=\"width: 33.333333%; height: 40px;\">06.06.25, 20:00 Uhr<\/td>\n<td style=\"width: 16.666667%; height: 40px;\">Zirkuszelt in der Rheinwaldstrasse<\/td>\n<td style=\"width: 16.666667%; height: 40px;\"><a href=\"https:\/\/marktkram.bio\/produkte\/Zirkus\/Eintrittskarten\">Vorverkauf<\/a>\/Abendkasse<\/td>\n<\/tr>\n<tr style=\"height: 20px;\">\n<td style=\"width: 33.333333%; height: 20px;\">Neuenburg am Rhein<\/td>\n<td style=\"width: 33.333333%; height: 20px;\">07.06.25, 19:30 Uhr<\/td>\n<td style=\"width: 16.666667%; height: 20px;\">Zirkuszelt in der Rheinwaldstrasse<\/td>\n<td style=\"width: 16.666667%; height: 20px;\"><a href=\"https:\/\/marktkram.bio\/produkte\/Zirkus\/Eintrittskarten\">Vorverkauf<\/a>\/Abendkasse<\/td>\n<\/tr>\n<tr>\n<td style=\"width: 33.333333%;\">Basel<\/td>\n<td style=\"width: 33.333333%;\">20.06.25, 19:30 Uhr<\/td>\n<td style=\"width: 16.666667%;\">Zirkusschule Basel, Dornacherstr. 192<\/td>\n<td style=\"width: 16.666667%;\">Hutsammlung<\/td>\n<\/tr>\n<tr style=\"height: 20px;\">\n<td style=\"width: 33.333333%; height: 20px;\">Z\u00fcrich<\/td>\n<td style=\"width: 33.333333%; height: 20px;\">21.06.25, 20:00 Uhr<\/td>\n<td style=\"width: 16.666667%; height: 20px;\">Zirkusquartier, Hohlstr. 256<\/td>\n<td style=\"width: 16.666667%; height: 20px;\">Hutsammlung<\/td>\n<\/tr>\n<tr style=\"height: 20px;\">\n<td style=\"width: 33.333333%; height: 20px;\">Freiburg<\/td>\n<td style=\"width: 33.333333%; height: 20px;\">27.\/28.06.25, 20 Uhr<\/td>\n<td style=\"width: 16.666667%; height: 20px;\">Haus 37, Vauban<\/td>\n<td style=\"width: 16.666667%; height: 20px;\">Hutsammlung<\/td>\n<\/tr>\n<tr style=\"height: 20px;\">\n<td style=\"width: 33.333333%; height: 20px;\">Wahlwies<\/td>\n<td style=\"width: 33.333333%; height: 20px;\">09.07.25, 19:30 Uhr<\/td>\n<td style=\"width: 16.666667%; height: 20px;\">Wandertheater Pas de Deux<\/td>\n<td style=\"width: 16.666667%; height: 20px;\">Hutsammlung<\/td>\n<\/tr>\n<tr style=\"height: 20px;\">\n<td style=\"width: 33.333333%; height: 20px;\">Stuttgart<\/td>\n<td style=\"width: 33.333333%; height: 20px;\">11.07.25, 10:00 Uhr<\/td>\n<td style=\"width: 16.666667%; height: 20px;\">Circus Circuli<\/td>\n<td style=\"width: 16.666667%; height: 20px;\">Schulauff\u00fchrung<\/td>\n<\/tr>\n<tr style=\"height: 20px;\">\n<td style=\"width: 33.333333%; height: 20px;\">Stuttgart<\/td>\n<td style=\"width: 33.333333%; height: 20px;\">\n<p>12.07.25,<\/p>\n<p><span style=\"background-color: #ff6600;\">wurde verschoben auf 19:30 Uhr<\/span><\/p>\n<\/td>\n<td style=\"width: 16.666667%; height: 20px;\">Circus Circuli<\/td>\n<td style=\"width: 16.666667%; height: 20px;\"><a href=\"https:\/\/widgets.yolawo.de\/w\/0\/bookables\/682aefa10f47e85b932e5881?t=1747644854469\">Vorverkauf<\/a>\/Abendkasse<\/td>\n<\/tr>\n<tr style=\"height: 20px;\">\n<td style=\"width: 33.333333%; height: 20px;\">Karlsruhe<\/td>\n<td style=\"width: 33.333333%; height: 20px;\">13.07.25, 19:00 Uhr<\/td>\n<td style=\"width: 16.666667%; height: 20px;\">Zirkus Maccaroni<\/td>\n<td style=\"width: 16.666667%; height: 20px;\"><a href=\"https:\/\/eveeno.com\/258523780\">Vorverkauf<\/a>\/Abendkasse<\/td>\n<\/tr>\n<tr style=\"height: 20px;\">\n<td style=\"width: 33.333333%; height: 20px;\">\u00dcberlingen<\/td>\n<td style=\"width: 33.333333%; height: 20px;\">16.07.25, 19:30 Uhr<\/td>\n<td style=\"width: 16.666667%; height: 20px;\">Wandertheater Pas de Deux<\/td>\n<td style=\"width: 16.666667%; height: 20px;\">Hutsammlung<\/td>\n<\/tr>\n<tr style=\"height: 40px;\">\n<td style=\"width: 33.333333%; height: 40px;\">Neuenburg am Rhein<\/td>\n<td style=\"width: 33.333333%; height: 40px;\">18.07.25, 19:30 Uhr<\/td>\n<td style=\"width: 16.666667%; height: 40px;\">Zirkuszelt Rheinwaldstrasse<\/td>\n<td style=\"width: 16.666667%; height: 40px;\"><a href=\"https:\/\/marktkram.bio\/produkte\/Zirkus\/Eintrittskarten\">Vorverkauf<\/a>\/Abendkasse<\/td>\n<\/tr>\n<tr style=\"height: 20px;\">\n<td style=\"width: 33.333333%; height: 20px;\">Neuenburg am Rhein<\/td>\n<td style=\"width: 33.333333%; height: 20px;\">19.07.25, 19:30Uhr<\/td>\n<td style=\"width: 16.666667%; height: 20px;\">Zirkuszelt Rheinwaldstrasse<\/td>\n<td style=\"width: 16.666667%; height: 20px;\"><a href=\"https:\/\/marktkram.bio\/produkte\/Zirkus\/Eintrittskarten\">Vorverkauf<\/a>\/Abendkasse<\/td>\n<\/tr>\n<tr style=\"height: 40px;\">\n<td style=\"width: 33.333333%; height: 40px;\">Frankfurt<\/td>\n<td style=\"width: 33.333333%; height: 40px;\">25.07.25, 18:00 Uhr<\/td>\n<td style=\"width: 16.666667%; height: 40px;\">Sommerwerft am Main Ufer<\/td>\n<td style=\"width: 16.666667%; height: 40px;\">Hutsammlung<\/td>\n<\/tr>\n<\/tbody>\n<\/table>\n\n\n\n<p>Ensemble: Pascale Eberschweiler, Annika E\u00dfer, Finja Hollacher, Anna Kasper,<br>Ronja L\u00e4mmlein, Franca Leu, Felix Reinalter, Mona Schmid, Verena Vieider, Yago Weicker, Teresa Zanetti<br>K\u00fcnstlerische Leitung: Ursula Hildebrand &amp; Robert Eisele&nbsp;<br>Artistik: Robert Eisele<br>Luftartistik\/Chinese Pole\/Cyr Wheel: Isabelle No\u00ebl<br>Tanz: Karolin St\u00e4chele<br>Musik: Tilo Wachter<\/p>","protected":false},"excerpt":{"rendered":"<p>Abschlussprogramm 2025, Cirque Intense 7.0 Als Menschen stehen wir alle an verschiedenen Punkten im Leben. Als Einzelne unter Vielen k\u00f6nnen wir anderen begegnen, unsere Standpunkte ver\u00e4ndern und uns zwischen ihnen bewegen. Aber wer, was oder wo sind diese Punkte? Und was ist oder was passiert eigentlich im Raum dazwischen? Was bedeutet es, als Mensch \u201edazwischen\u201c &hellip; <\/p>\n<p class=\"link-more\"><a href=\"https:\/\/cirque-intense.de\/en\/abschlussprogramm-2025\/\" class=\"more-link\">Continue reading<span class=\"screen-reader-text\"> &#8222;Due Punti: Der Raum dazwischen&#8220;<\/span><\/a><\/p>","protected":false},"author":3,"featured_media":0,"parent":0,"menu_order":0,"comment_status":"closed","ping_status":"closed","template":"","meta":{"ngg_post_thumbnail":0,"footnotes":""},"class_list":["post-2789","page","type-page","status-publish","hentry"],"_links":{"self":[{"href":"https:\/\/cirque-intense.de\/en\/wp-json\/wp\/v2\/pages\/2789","targetHints":{"allow":["GET"]}}],"collection":[{"href":"https:\/\/cirque-intense.de\/en\/wp-json\/wp\/v2\/pages"}],"about":[{"href":"https:\/\/cirque-intense.de\/en\/wp-json\/wp\/v2\/types\/page"}],"author":[{"embeddable":true,"href":"https:\/\/cirque-intense.de\/en\/wp-json\/wp\/v2\/users\/3"}],"replies":[{"embeddable":true,"href":"https:\/\/cirque-intense.de\/en\/wp-json\/wp\/v2\/comments?post=2789"}],"version-history":[{"count":13,"href":"https:\/\/cirque-intense.de\/en\/wp-json\/wp\/v2\/pages\/2789\/revisions"}],"predecessor-version":[{"id":2882,"href":"https:\/\/cirque-intense.de\/en\/wp-json\/wp\/v2\/pages\/2789\/revisions\/2882"}],"wp:attachment":[{"href":"https:\/\/cirque-intense.de\/en\/wp-json\/wp\/v2\/media?parent=2789"}],"curies":[{"name":"wp","href":"https:\/\/api.w.org\/{rel}","templated":true}]}}