{"id":2802,"date":"2025-04-30T08:40:47","date_gmt":"2025-04-30T08:40:47","guid":{"rendered":"https:\/\/cirque-intense.de\/?page_id=2802"},"modified":"2025-04-30T08:50:04","modified_gmt":"2025-04-30T08:50:04","slug":"werkstattauffuehrung-7-0-zirkustheater-und-variete","status":"publish","type":"page","link":"https:\/\/cirque-intense.de\/en\/werkstattauffuehrung-7-0-zirkustheater-und-variete\/","title":{"rendered":"Werkstattauff\u00fchrung 7.0  &#8211; Zirkustheater und Variet\u00e9"},"content":{"rendered":"<h4>Die Absolventinnen von Cirque Intense 7.0 (Jahrgang 2024\/25) zeigen Ihre Abschlussnummern<\/h4>\n<p><span style=\"color: #000000;\"><span style=\"font-family: Avenir Next;\"><span style=\"font-size: medium;\">Cirque Intense in Neuenburg l\u00e4dt wieder zu einer Auff\u00fchrung ein.<\/span><\/span><\/span><\/p>\n<p><span style=\"color: #000000;\"><span style=\"font-family: Avenir Next;\"><span style=\"font-size: medium;\">Der Abschlussjahrgang 2024\/2025 zeigt am Sonntag, den 4.5. um 11 Uhr eine Auswahl neuer Zirkusnummern in Form eines Variet\u00e9s.<\/span><\/span><\/span><\/p>\n<p><span style=\"color: #000000; font-family: Avenir Next; font-size: medium;\">Wir beginnen mit einem kleinen <span style=\"caret-color: #000000;\">Ap\u00e9ro<\/span> um 10:30 f\u00fcr unsere G\u00e4ste. Neben den Acts, die die TeilnehmerInnen der aktuellen zweiten Klasse f\u00fcr ihre Bewerbung an Zirkushochschulen entwickelt haben, bereichern Darbietungen von G\u00e4sten das vielseitige Variet\u00e9-Programm.<\/span><\/p>\n<p><img decoding=\"async\" class=\"alignnone size-medium wp-image-2803 lazyload\" data-src=\"https:\/\/cirque-intense.de\/wp-content\/uploads\/2025\/04\/Duo-Jana-und-Zoe-1-1-200x300.jpeg\" alt=\"\" width=\"200\" height=\"300\" data-srcset=\"https:\/\/cirque-intense.de\/wp-content\/uploads\/2025\/04\/Duo-Jana-und-Zoe-1-1-200x300.jpeg 200w, https:\/\/cirque-intense.de\/wp-content\/uploads\/2025\/04\/Duo-Jana-und-Zoe-1-1-684x1024.jpeg 684w, https:\/\/cirque-intense.de\/wp-content\/uploads\/2025\/04\/Duo-Jana-und-Zoe-1-1-768x1150.jpeg 768w, https:\/\/cirque-intense.de\/wp-content\/uploads\/2025\/04\/Duo-Jana-und-Zoe-1-1-8x12.jpeg 8w, https:\/\/cirque-intense.de\/wp-content\/uploads\/2025\/04\/Duo-Jana-und-Zoe-1-1.jpeg 855w\" data-sizes=\"(max-width: 200px) 100vw, 200px\" src=\"data:image\/svg+xml;base64,PHN2ZyB3aWR0aD0iMSIgaGVpZ2h0PSIxIiB4bWxucz0iaHR0cDovL3d3dy53My5vcmcvMjAwMC9zdmciPjwvc3ZnPg==\" style=\"--smush-placeholder-width: 200px; --smush-placeholder-aspect-ratio: 200\/300;\" \/><\/p>\n<p><span style=\"color: #000000; font-family: Avenir Next; font-size: medium;\">Die Tanzschule &#8222;Tanzbasis&#8220; aus M\u00fcllheim zeigt zwei energiegeladen HipHop Choreografien. Und einige ehemaligen Studentinnen von Cirque Intense bringen ihre Zirkusnummern mit: Anastasia am Aerial Hoop und das Duo Jana und Zoe sind ebenfalls dabei. Die beiden absolvieren zur Zeit ihre Berufsausbildung in Chambery.<\/span><\/p>\n<p><span style=\"color: #000000; font-family: Avenir Next; font-size: medium;\">Der Eintritt erfolgt auf Spendenbasis. <\/span><span style=\"color: #000000;\"><span style=\"font-family: Avenir Next;\"><span style=\"font-size: medium;\">Die Vorstellung ist geeignet f\u00fcr Menschen ab dem Grundschulalter, f\u00fcr Bewirtung ist gesorgt.<\/span><\/span><\/span><\/p>","protected":false},"excerpt":{"rendered":"<p>Die Absolventinnen von Cirque Intense 7.0 (Jahrgang 2024\/25) zeigen Ihre Abschlussnummern Cirque Intense in Neuenburg l\u00e4dt wieder zu einer Auff\u00fchrung ein. Der Abschlussjahrgang 2024\/2025 zeigt am Sonntag, den 4.5. um 11 Uhr eine Auswahl neuer Zirkusnummern in Form eines Variet\u00e9s. Wir beginnen mit einem kleinen Ap\u00e9ro um 10:30 f\u00fcr unsere G\u00e4ste. Neben den Acts, die &hellip; <\/p>\n<p class=\"link-more\"><a href=\"https:\/\/cirque-intense.de\/en\/werkstattauffuehrung-7-0-zirkustheater-und-variete\/\" class=\"more-link\">Continue reading<span class=\"screen-reader-text\"> &#8222;Werkstattauff\u00fchrung 7.0  &#8211; Zirkustheater und Variet\u00e9&#8220;<\/span><\/a><\/p>","protected":false},"author":3,"featured_media":0,"parent":0,"menu_order":0,"comment_status":"closed","ping_status":"closed","template":"","meta":{"ngg_post_thumbnail":0,"footnotes":""},"class_list":["post-2802","page","type-page","status-publish","hentry"],"_links":{"self":[{"href":"https:\/\/cirque-intense.de\/en\/wp-json\/wp\/v2\/pages\/2802","targetHints":{"allow":["GET"]}}],"collection":[{"href":"https:\/\/cirque-intense.de\/en\/wp-json\/wp\/v2\/pages"}],"about":[{"href":"https:\/\/cirque-intense.de\/en\/wp-json\/wp\/v2\/types\/page"}],"author":[{"embeddable":true,"href":"https:\/\/cirque-intense.de\/en\/wp-json\/wp\/v2\/users\/3"}],"replies":[{"embeddable":true,"href":"https:\/\/cirque-intense.de\/en\/wp-json\/wp\/v2\/comments?post=2802"}],"version-history":[{"count":2,"href":"https:\/\/cirque-intense.de\/en\/wp-json\/wp\/v2\/pages\/2802\/revisions"}],"predecessor-version":[{"id":2806,"href":"https:\/\/cirque-intense.de\/en\/wp-json\/wp\/v2\/pages\/2802\/revisions\/2806"}],"wp:attachment":[{"href":"https:\/\/cirque-intense.de\/en\/wp-json\/wp\/v2\/media?parent=2802"}],"curies":[{"name":"wp","href":"https:\/\/api.w.org\/{rel}","templated":true}]}}