{"id":2848,"date":"2025-10-15T11:47:51","date_gmt":"2025-10-15T11:47:51","guid":{"rendered":"https:\/\/cirque-intense.de\/?page_id=2848"},"modified":"2025-11-14T11:08:24","modified_gmt":"2025-11-14T11:08:24","slug":"zeit-fuer-zirkus-2025","status":"publish","type":"page","link":"https:\/\/cirque-intense.de\/en\/zeit-fuer-zirkus-2025\/","title":{"rendered":"Zeit f\u00fcr Zirkus 2025"},"content":{"rendered":"<p>Zum internationalen Aktionstag f\u00fcr den Zeitgen\u00f6ssischen Zirkus ist Cirque Intense wir wieder mit einem vielf\u00e4ltigen Programm dabei:<\/p>\n<p>Wir feiern den Zirkus mit einem Tag der offenen T\u00fcr und heissen unser Publikum, Gro\u00df und Klein willkommen in unserem Zirkuszelt in Neuenburg in der Rheinwaldstrasse.<\/p>\n<p>Der Eintritt f\u00fcr das Abendprogramm erfolgt auf Spendenbasis mit Empfehlung.<br>Info und Reservation per Mail \u00fcber robert@zirkus-kunst.gmbh.<\/p>\n<h5>Das Programm:<\/h5>\n<p>15 bis 17 Uhr kostenloses Schnuppertraining f\u00fcr Kinder und Jugendliche.<\/p>\n<p>ab 18:30 Tag der offenen T\u00fcr<\/p>\n<p>Bewirtung, Besichtigung unserer Trainingsr\u00e4ume, Filmvorf\u00fchrungen und Gespr\u00e4ch.<\/p>\n<p>19:30 Uhr Compagnie &#8222;Curijo&#8220; aus Freiburg<\/p>\n<p>Isabelle Noel, G\u00fcnter Klingler, Milena Hofmann , Lena W\u00fcrzburger und Christian Dittmann, spielen ihr neues Zirkus-St\u00fcck &#8222;Verwoben&#8220;:<\/p>\n<p><em><span style=\"color: #993300;\">&#8222;Curijo&#8220; sucht spielerisch im Unbekannten nach Verbindungen zwischen K\u00f6rpern, Objekten und Chaos. Was h\u00e4lt uns zusammen, und was entsteht, wenn ein kleines Stolpern das ganze Zusammenspiel kippt?<\/span><\/em><\/p>\n<p>20:30 Uhr Variet\u00e9 und offene B\u00fchne<\/p>\n<p>Spannende, aktuelle Zirkusnummern der Cirque Intense Student:innen unseres aktuellen Studiengangs sowie neue Acts unserer Alumni-Artist:innen. Und als Gast zeigt die Newcomer-Company MODULAR CIRCUS Ausz\u00fcge aus ihrem Debutprogramm \u201eInnenleben \u2013 Geschichten von Leichtigkeit und Last\u201c.<\/p>\n<p><a href=\"https:\/\/zeitfuerzirkus.de\/programm-2025\" target=\"_blank\" rel=\"noopener\">Und hier findet ihr das Programm von Zeit f\u00fcr Zirkus bundesweit.<\/a><\/p>","protected":false},"excerpt":{"rendered":"<p>Zum internationalen Aktionstag f\u00fcr den Zeitgen\u00f6ssischen Zirkus ist Cirque Intense wir wieder mit einem vielf\u00e4ltigen Programm dabei: Wir feiern den Zirkus mit einem Tag der offenen T\u00fcr und heissen unser Publikum, Gro\u00df und Klein willkommen in unserem Zirkuszelt in Neuenburg in der Rheinwaldstrasse. Der Eintritt f\u00fcr das Abendprogramm erfolgt auf Spendenbasis mit Empfehlung.Info und Reservation &hellip; <\/p>\n<p class=\"link-more\"><a href=\"https:\/\/cirque-intense.de\/en\/zeit-fuer-zirkus-2025\/\" class=\"more-link\">Continue reading<span class=\"screen-reader-text\"> &#8222;Zeit f\u00fcr Zirkus 2025&#8220;<\/span><\/a><\/p>","protected":false},"author":3,"featured_media":0,"parent":0,"menu_order":0,"comment_status":"closed","ping_status":"closed","template":"","meta":{"ngg_post_thumbnail":0,"footnotes":""},"class_list":["post-2848","page","type-page","status-publish","hentry"],"_links":{"self":[{"href":"https:\/\/cirque-intense.de\/en\/wp-json\/wp\/v2\/pages\/2848","targetHints":{"allow":["GET"]}}],"collection":[{"href":"https:\/\/cirque-intense.de\/en\/wp-json\/wp\/v2\/pages"}],"about":[{"href":"https:\/\/cirque-intense.de\/en\/wp-json\/wp\/v2\/types\/page"}],"author":[{"embeddable":true,"href":"https:\/\/cirque-intense.de\/en\/wp-json\/wp\/v2\/users\/3"}],"replies":[{"embeddable":true,"href":"https:\/\/cirque-intense.de\/en\/wp-json\/wp\/v2\/comments?post=2848"}],"version-history":[{"count":6,"href":"https:\/\/cirque-intense.de\/en\/wp-json\/wp\/v2\/pages\/2848\/revisions"}],"predecessor-version":[{"id":2865,"href":"https:\/\/cirque-intense.de\/en\/wp-json\/wp\/v2\/pages\/2848\/revisions\/2865"}],"wp:attachment":[{"href":"https:\/\/cirque-intense.de\/en\/wp-json\/wp\/v2\/media?parent=2848"}],"curies":[{"name":"wp","href":"https:\/\/api.w.org\/{rel}","templated":true}]}}