{"id":2869,"date":"2026-01-09T11:48:35","date_gmt":"2026-01-09T11:48:35","guid":{"rendered":"https:\/\/cirque-intense.de\/?page_id=2869"},"modified":"2026-01-09T11:56:11","modified_gmt":"2026-01-09T11:56:11","slug":"cirque-intense-praesentiert","status":"publish","type":"page","link":"https:\/\/cirque-intense.de\/en\/cirque-intense-praesentiert\/","title":{"rendered":"Portrait &#8211; Zirkus-Variete 8.0"},"content":{"rendered":"<h5>das neue Cirque Intense Programm<\/h5>\n\n\n\n<p><span style=\"font-family: Avenir;\"><span style=\"font-size: medium;\">Am Freitag, den 16. Januar 2026 um 19:30 Uhr und am Samstag, den 17. Januar 2026 um 17 Uhr gibt es im Cirque Intense Zirkuszelt in Neuenburg am Rhein die Premiere unseres neuen Zirkusvariet\u00e9-Programmes zu entdecken.<\/span><\/span><\/p>\n<p><span style=\"font-family: Avenir;\"><span style=\"font-size: medium;\">Ein neuer Jahrgang des Berufsorientierungsjahres Cirque Intense in Neuenburg bereitet sich seit September auf die Aufnahmepr\u00fcfungen an den Zirkushochschulen in ganz Europa vor. Die Teilnehmenden proben eine Solonummer, die dort gezeigt wird.<br>Das Variet\u00e9 8.0 im Zirkuszelt in Neuenburg ist die Gelegenheit, diese Nummern vor Publikum zu erproben.<\/span><\/span><\/p>\n<p><span style=\"font-family: Avenir; font-size: medium;\">Zu sehen gibt es spannende Zirkus-Acts &#8211; Miniaturen, die wie ein Portr\u00e4t das Bild, die Facetten und Eigenschaften eines Charakters, einer Person mit zirzensischen Mitteln darstellen. Bemerkenswerte und anspruchsvolle Ger\u00e4te wie der Flying Pole oder das Cyr-Wheel, ein gro\u00dfer Ring aus Stahlrohr, in dem die Ausf\u00fchrende sich festh\u00e4lt und sich um alle m\u00f6glichen Achsen dreht, werden einem neugierigen Publikum pr\u00e4sentiert. Mit abwechslungsreichen Jonglage- und Akrobatikkunstst\u00fccken ist das moderne Zirkus-Programm, unter der Leitung von Robert Eisele, vielf\u00e4ltig und spannend gestaltet.<\/span><\/p>\n<p><span style=\"font-family: Avenir;\"><span style=\"font-size: medium;\">Das Zelt ist beheizt. Es gibt Getr\u00e4nke, Cr\u00eapes und leckeres Popcorn. Eintritt auf Spendenbasis.<\/span><\/span><\/p>\n<p><span style=\"font-family: Avenir;\"><span style=\"font-size: medium;\">Weitere Termine: 17. Januar 2026 um 17 Uhr.<\/span><\/span><\/p>\n<p>&nbsp;<\/p>\n<p><span style=\"font-family: Avenir;\"><span style=\"font-size: medium;\">Es spielen: Lisa Bolliger, Emma Buddeberg, Tabea Helfert, Janosch Ott, Raphaela Rieder, Saskia Sauer<\/span><\/span><\/p>\n<p><span style=\"font-family: Avenir;\"><span style=\"font-size: medium;\">Regie: Robert Eisele<\/span><\/span><\/p>\n<p><span style=\"font-family: Avenir;\"><span style=\"font-size: medium;\">Artistiktraining: Isabelle Noel, Nadiia Marchenko, Robert Eisele<\/span><\/span><\/p>\n<p><span style=\"font-family: Avenir;\"><span style=\"font-size: medium;\">Tanztraining: Karolin St\u00e4chele<\/span><\/span><\/p>\n<p><span style=\"font-family: Avenir;\"><span style=\"font-size: medium;\">Musiktraining: Tilo Wachter<\/span><\/span><\/p>\n<p><span style=\"font-family: Avenir;\"><span style=\"font-size: medium;\">Theatertraining: Ursula Hildebrand<\/span><\/span><\/p>\n<p>&nbsp;<\/p>","protected":false},"excerpt":{"rendered":"<p>das neue Cirque Intense Programm Am Freitag, den 16. Januar 2026 um 19:30 Uhr und am Samstag, den 17. Januar 2026 um 17 Uhr gibt es im Cirque Intense Zirkuszelt in Neuenburg am Rhein die Premiere unseres neuen Zirkusvariet\u00e9-Programmes zu entdecken. Ein neuer Jahrgang des Berufsorientierungsjahres Cirque Intense in Neuenburg bereitet sich seit September auf &hellip; <\/p>\n<p class=\"link-more\"><a href=\"https:\/\/cirque-intense.de\/en\/cirque-intense-praesentiert\/\" class=\"more-link\">Continue reading<span class=\"screen-reader-text\"> &#8222;Portrait &#8211; Zirkus-Variete 8.0&#8220;<\/span><\/a><\/p>","protected":false},"author":3,"featured_media":0,"parent":0,"menu_order":0,"comment_status":"closed","ping_status":"closed","template":"","meta":{"ngg_post_thumbnail":0,"footnotes":""},"class_list":["post-2869","page","type-page","status-publish","hentry"],"_links":{"self":[{"href":"https:\/\/cirque-intense.de\/en\/wp-json\/wp\/v2\/pages\/2869","targetHints":{"allow":["GET"]}}],"collection":[{"href":"https:\/\/cirque-intense.de\/en\/wp-json\/wp\/v2\/pages"}],"about":[{"href":"https:\/\/cirque-intense.de\/en\/wp-json\/wp\/v2\/types\/page"}],"author":[{"embeddable":true,"href":"https:\/\/cirque-intense.de\/en\/wp-json\/wp\/v2\/users\/3"}],"replies":[{"embeddable":true,"href":"https:\/\/cirque-intense.de\/en\/wp-json\/wp\/v2\/comments?post=2869"}],"version-history":[{"count":2,"href":"https:\/\/cirque-intense.de\/en\/wp-json\/wp\/v2\/pages\/2869\/revisions"}],"predecessor-version":[{"id":2873,"href":"https:\/\/cirque-intense.de\/en\/wp-json\/wp\/v2\/pages\/2869\/revisions\/2873"}],"wp:attachment":[{"href":"https:\/\/cirque-intense.de\/en\/wp-json\/wp\/v2\/media?parent=2869"}],"curies":[{"name":"wp","href":"https:\/\/api.w.org\/{rel}","templated":true}]}}