{"id":2885,"date":"2026-01-09T12:37:12","date_gmt":"2026-01-09T12:37:12","guid":{"rendered":"https:\/\/cirque-intense.de\/?page_id=2885"},"modified":"2026-01-09T13:08:46","modified_gmt":"2026-01-09T13:08:46","slug":"gastspiel-hoch-hinaus-und-tief-verbunden","status":"publish","type":"page","link":"https:\/\/cirque-intense.de\/en\/gastspiel-hoch-hinaus-und-tief-verbunden\/","title":{"rendered":"Gastspiel: &#8222;Hoch hinaus und tief verbunden&#8220;"},"content":{"rendered":"<p>Zirkustheater von und mit Shunya &amp; Carina<\/p>\n<h4 class=\"p1\">Hoch hinaus<\/h4>\n<p class=\"p1\">Ein Zirkustheater, das ohne viel Worte auskommt &#8211; daf\u00fcr mit Trapez, Einrad und Luftring. Mit Partnerakrobatik, Jonglage und nicht zuletzt mit Musik, mit Geige und Akkordeon, erz\u00e4hlen die beiden Darstellerin beredet ihre Geschichte.<\/p>\n<p class=\"p1\">Was passiert, wenn sich zwei ArtistInnen nach Jahren der Funkstille wieder auf der B\u00fchne begegnen? Richtig: Es wird poetisch, Abenteuerlustig, spannend &#8211; und vielleicht ein bisschen melancholisch.<\/p>\n<h4>Tief verbunden<\/h4>\n<p class=\"p1\">Carina und Shunya lernten sich 2019 an der Zirkusschule Vertigo in Italien kennen. Dann kam das Leben dazwischen. Jahre vergehen, die Zeit zieht weiter &#8211; letztes Jahr kreuzten sich ihre Wege erneut, Aber diesmal auf der B\u00fchne.<\/p>\n<p class=\"p1\">Ihr 45-min\u00fctiges St\u00fcck erz\u00e4hlt in kraftvollen Bildern und feinen Zwischent\u00f6nen von Freundschaft, Vertrautheit und dem unausweichlichen Wandel der Zeit. Die beiden begegnen sich in der Luft und am Boden, jonglieren mit Erinnerungen und balancieren auf dem schmalen Grat zwischen N\u00e4he und Distanz. Und ganz ehrlich: Wenn Man einmal richtig Freundschaft geschlossen Hat, kann nichts mehr schief gehen!<\/p>\n<p>&nbsp;<\/p>\n<p>Auff\u00fchrungen am<\/p>\n<p class=\"p1\">S A 7 . &nbsp;F E B R U A R 2 0 2 6 &nbsp;U M &nbsp;1 6 U H R &nbsp;&amp;<\/p>\n<p class=\"p1\">S O 8 . &nbsp;F E B R U A R 2 0 2 6 &nbsp;U M &nbsp;1 5 U H R<\/p>\n<p>Im beheizten Zirkuszelt in Neuenburg, Rheinwaldstr. 2<\/p>\n<p class=\"p1\">Reservation: anmeldung@cirque-intense.de<\/p>\n<p class=\"p1\">Eintritt: Kinder 7 Euro, Erwachsene 10 Euro<\/p>","protected":false},"excerpt":{"rendered":"<p>Zirkustheater von und mit Shunya &amp; Carina Hoch hinaus Ein Zirkustheater, das ohne viel Worte auskommt &#8211; daf\u00fcr mit Trapez, Einrad und Luftring. Mit Partnerakrobatik, Jonglage und nicht zuletzt mit Musik, mit Geige und Akkordeon, erz\u00e4hlen die beiden Darstellerin beredet ihre Geschichte. Was passiert, wenn sich zwei ArtistInnen nach Jahren der Funkstille wieder auf der &hellip; <\/p>\n<p class=\"link-more\"><a href=\"https:\/\/cirque-intense.de\/en\/gastspiel-hoch-hinaus-und-tief-verbunden\/\" class=\"more-link\">Continue reading<span class=\"screen-reader-text\"> &#8222;Gastspiel: &#8222;Hoch hinaus und tief verbunden&#8220;&#8220;<\/span><\/a><\/p>","protected":false},"author":3,"featured_media":0,"parent":0,"menu_order":0,"comment_status":"closed","ping_status":"closed","template":"","meta":{"ngg_post_thumbnail":0,"footnotes":""},"class_list":["post-2885","page","type-page","status-publish","hentry"],"_links":{"self":[{"href":"https:\/\/cirque-intense.de\/en\/wp-json\/wp\/v2\/pages\/2885","targetHints":{"allow":["GET"]}}],"collection":[{"href":"https:\/\/cirque-intense.de\/en\/wp-json\/wp\/v2\/pages"}],"about":[{"href":"https:\/\/cirque-intense.de\/en\/wp-json\/wp\/v2\/types\/page"}],"author":[{"embeddable":true,"href":"https:\/\/cirque-intense.de\/en\/wp-json\/wp\/v2\/users\/3"}],"replies":[{"embeddable":true,"href":"https:\/\/cirque-intense.de\/en\/wp-json\/wp\/v2\/comments?post=2885"}],"version-history":[{"count":2,"href":"https:\/\/cirque-intense.de\/en\/wp-json\/wp\/v2\/pages\/2885\/revisions"}],"predecessor-version":[{"id":2907,"href":"https:\/\/cirque-intense.de\/en\/wp-json\/wp\/v2\/pages\/2885\/revisions\/2907"}],"wp:attachment":[{"href":"https:\/\/cirque-intense.de\/en\/wp-json\/wp\/v2\/media?parent=2885"}],"curies":[{"name":"wp","href":"https:\/\/api.w.org\/{rel}","templated":true}]}}