{"id":2944,"date":"2026-02-17T17:50:29","date_gmt":"2026-02-17T17:50:29","guid":{"rendered":"https:\/\/cirque-intense.de\/?page_id=2944"},"modified":"2026-02-17T17:52:48","modified_gmt":"2026-02-17T17:52:48","slug":"qualifizierung-jugendtrainerin","status":"publish","type":"page","link":"https:\/\/cirque-intense.de\/en\/qualifizierung-jugendtrainerin\/","title":{"rendered":"Qualifizierung Jugendtrainer:in"},"content":{"rendered":"<p><img decoding=\"async\" class=\"alignnone size-medium wp-image-2943 alignright lazyload\" data-src=\"https:\/\/cirque-intense.de\/wp-content\/uploads\/2026\/02\/6A2A1782-172x300.jpg\" alt=\"\" width=\"172\" height=\"300\" data-srcset=\"https:\/\/cirque-intense.de\/wp-content\/uploads\/2026\/02\/6A2A1782-172x300.jpg 172w, https:\/\/cirque-intense.de\/wp-content\/uploads\/2026\/02\/6A2A1782-587x1024.jpg 587w, https:\/\/cirque-intense.de\/wp-content\/uploads\/2026\/02\/6A2A1782-768x1339.jpg 768w, https:\/\/cirque-intense.de\/wp-content\/uploads\/2026\/02\/6A2A1782-881x1536.jpg 881w, https:\/\/cirque-intense.de\/wp-content\/uploads\/2026\/02\/6A2A1782-1175x2048.jpg 1175w, https:\/\/cirque-intense.de\/wp-content\/uploads\/2026\/02\/6A2A1782-7x12.jpg 7w, https:\/\/cirque-intense.de\/wp-content\/uploads\/2026\/02\/6A2A1782-scaled.jpg 1469w\" data-sizes=\"(max-width: 172px) 100vw, 172px\" src=\"data:image\/svg+xml;base64,PHN2ZyB3aWR0aD0iMSIgaGVpZ2h0PSIxIiB4bWxucz0iaHR0cDovL3d3dy53My5vcmcvMjAwMC9zdmciPjwvc3ZnPg==\" style=\"--smush-placeholder-width: 172px; --smush-placeholder-aspect-ratio: 172\/300;\" \/><\/p>\n<p>Die Kurswochenenden folgen dem Curriculum f\u00fcr die Qualifizierung zum\/zur Jugendtrainer*in gem\u00e4\u00df dem Curriculum und den Richtlinien der <a href=\"https:\/\/www.bag-zirkus.de\" target=\"_blank\" rel=\"noopener\">BAG Zirkusp\u00e4dagogik<\/a> und der <a href=\"https:\/\/lag-zirkuskuenste-bw.de\" target=\"_blank\" rel=\"noopener\">LAG Zirkusk\u00fcnste Baden-W\u00fcrttemberg<\/a>.<\/p>\n<div id=\"content\" class=\"site-content\">\n<div class=\"wrap\">\n<div id=\"primary\" class=\"content-area\"><main role=\"main\"><main id=\"main\" class=\"site-main\" role=\"main\"><span class=\"edit-link\"><span class=\"screen-reader-text\">Unsere<a class=\"post-edit-link\" href=\"https:\/\/cirque-intense.de\/wp-admin\/post.php?post=783&amp;action=edit\">\u201eJugend\u00fcbungsleiterschei<\/a><\/span><\/span><\/main><\/main><main role=\"main\"><main role=\"main\"><main role=\"main\"><main role=\"main\"><main role=\"main\"><main role=\"main\"><main role=\"main\">\n<h4>2026<\/h4>\n<\/main><\/main><\/main><\/main><main role=\"main\"><\/main><main role=\"main\"><main role=\"main\"><main role=\"main\">\n<h5 role=\"main\">BAUSTEIN 5 VERTIEFUNG ZIRKUSTECHNIK (AKROBATIK\/JONGLIEREN\/BALANCE)<\/h5>\n<main role=\"main\">\n<p>28.02. \u2013 01.03.2026<br>und<br>25. \u2013 26.04.2026<\/p>\n<p>Weitere Informationen:&nbsp;<a href=\"https:\/\/cirque-intense.de\/en\/jt5_zirkustechnik-2\/\" target=\"_blank\" rel=\"noopener\">Baustein 5<\/a><br>Hier geht es zum <a href=\"https:\/\/nc-3625094473573480094.nextcloud-ionos.com\/index.php\/apps\/forms\/s\/iHQXHzLaMWYPdP3E5Dq6mo67\">Anmeldeformular f\u00fcr dieses Modul.<\/a><\/p>\n<\/main><\/main><\/main><main role=\"main\"><main role=\"main\">\n<h5>BAUSTEIN 6 BIS 8<\/h5>\n<p role=\"main\">Diese Bausteine bieten wir an bei Interesse. Bitte meldet euch zu den jeweiligen Bausteinen unverbindlich an. Sobald die Mindestteilnehmerzahl erreicht ist, geben wir einen Termin bekannt.<\/p>\n<h5 role=\"main\">BAUSTEIN 6 THEATER\/ REGIE UND SPIEL<\/h5>\n<main role=\"main\"><\/main><main role=\"main\">Weitere Informationen:&nbsp;<a href=\"https:\/\/cirque-intense.de\/en\/jt6_theater\/\" target=\"_blank\" rel=\"noopener\">Baustein 6<\/a><\/main><main role=\"main\"><\/main>\n<h5 role=\"main\">BAUSTEIN 7 CHOREOGRAFIE<\/h5>\n<main role=\"main\"><\/main><main role=\"main\">Weitere Informationen:&nbsp;<a href=\"https:\/\/cirque-intense.de\/en\/jt7_choreografie\/\" target=\"_blank\" rel=\"noopener\">Baustein 7<\/a><\/main><main role=\"main\"><\/main><\/main><main role=\"main\"><\/main><\/main><\/main><\/main><\/main><\/main><main role=\"main\"><main role=\"main\"><main role=\"main\"><main role=\"main\">\n<h5 role=\"main\">BAUSTEIN 8 TECHNIK UND MANAGEMENT<\/h5>\n<main role=\"main\"><\/main><\/main><\/main><\/main><main role=\"main\"><\/main><main role=\"main\"><\/main><main role=\"main\"><main role=\"main\"><main role=\"main\"><main role=\"main\">Die Kursgeb\u00fchren f\u00fcr die Bausteine 5, 6, 7 und 8 betragen jeweils 70\u20ac je Wochenende.<\/main><\/main><\/main><main role=\"main\"><main role=\"main\"><main role=\"main\">\n<h4 role=\"main\">&nbsp;<\/h4>\n<main role=\"main\">\n<h4 role=\"main\">Links<\/h4>\n<p role=\"main\"><a href=\"https:\/\/www.google.com\/maps\/place\/Cirque+Intense+Zelt+Standort\/@47.797868,7.5486583,17z\/data=!3m1!4b1!4m5!3m4!1s0x0:0xe74cf1caf133b716!8m2!3d47.797868!4d7.550847?hl=de&amp;authuser=1\" target=\"_blank\" rel=\"noopener\">Kursorte<\/a><\/p>\n<\/main><\/main><\/main><\/main><\/main><\/main><\/div>\n<\/div>\n<\/div>\n<p>Weitere Infos zur Qualifizierung f\u00fcr <a href=\"https:\/\/lag-zirkuskuenste-bw.de\/qualifizierung-2\/zirkus-jugenduebungsleiterin\/\" target=\"_blank\" rel=\"noopener\">Jugend\u00fcbungsleiterIn<\/a> oder <a href=\"https:\/\/lag-zirkuskuenste-bw.de\/qualifizierung-2\/erwachsene\/\" target=\"_blank\" rel=\"noopener\">JugendtrainerIn<\/a> und die aktuellen Termine der Einrichtungen, die Bausteine anbietenden findest du auf der Webseite der <a href=\"https:\/\/lag-zirkuskuenste-bw.de\/\" target=\"_blank\" rel=\"noopener\">LAG<\/a>Zirkusp\u00e4dagogik Baden-W\u00fcrttemberg.<\/p>\n<p><a href=\"mailto:anmeldung@cirque-intense.de\" target=\"_blank\" rel=\"noopener\">Anmeldung zu allen Kurswochenenden<\/a>&nbsp;<\/p>","protected":false},"excerpt":{"rendered":"<p>Die Kurswochenenden folgen dem Curriculum f\u00fcr die Qualifizierung zum\/zur Jugendtrainer*in gem\u00e4\u00df dem Curriculum und den Richtlinien der BAG Zirkusp\u00e4dagogik und der LAG Zirkusk\u00fcnste Baden-W\u00fcrttemberg. Unsere\u201eJugend\u00fcbungsleiterschei 2026 BAUSTEIN 5 VERTIEFUNG ZIRKUSTECHNIK (AKROBATIK\/JONGLIEREN\/BALANCE) 28.02. \u2013 01.03.2026und25. \u2013 26.04.2026 Weitere Informationen:&nbsp;Baustein 5Hier geht es zum Anmeldeformular f\u00fcr dieses Modul. BAUSTEIN 6 BIS 8 Diese Bausteine bieten wir an &hellip; <\/p>\n<p class=\"link-more\"><a href=\"https:\/\/cirque-intense.de\/en\/qualifizierung-jugendtrainerin\/\" class=\"more-link\">Continue reading<span class=\"screen-reader-text\"> &#8222;Qualifizierung Jugendtrainer:in&#8220;<\/span><\/a><\/p>","protected":false},"author":3,"featured_media":0,"parent":0,"menu_order":0,"comment_status":"closed","ping_status":"closed","template":"","meta":{"ngg_post_thumbnail":0,"footnotes":""},"class_list":["post-2944","page","type-page","status-publish","hentry"],"_links":{"self":[{"href":"https:\/\/cirque-intense.de\/en\/wp-json\/wp\/v2\/pages\/2944","targetHints":{"allow":["GET"]}}],"collection":[{"href":"https:\/\/cirque-intense.de\/en\/wp-json\/wp\/v2\/pages"}],"about":[{"href":"https:\/\/cirque-intense.de\/en\/wp-json\/wp\/v2\/types\/page"}],"author":[{"embeddable":true,"href":"https:\/\/cirque-intense.de\/en\/wp-json\/wp\/v2\/users\/3"}],"replies":[{"embeddable":true,"href":"https:\/\/cirque-intense.de\/en\/wp-json\/wp\/v2\/comments?post=2944"}],"version-history":[{"count":3,"href":"https:\/\/cirque-intense.de\/en\/wp-json\/wp\/v2\/pages\/2944\/revisions"}],"predecessor-version":[{"id":2948,"href":"https:\/\/cirque-intense.de\/en\/wp-json\/wp\/v2\/pages\/2944\/revisions\/2948"}],"wp:attachment":[{"href":"https:\/\/cirque-intense.de\/en\/wp-json\/wp\/v2\/media?parent=2944"}],"curies":[{"name":"wp","href":"https:\/\/api.w.org\/{rel}","templated":true}]}}