{"id":2958,"date":"2026-02-17T18:10:02","date_gmt":"2026-02-17T18:10:02","guid":{"rendered":"https:\/\/cirque-intense.de\/?page_id=2958"},"modified":"2026-02-17T18:10:05","modified_gmt":"2026-02-17T18:10:05","slug":"zirkus-basics-lag","status":"publish","type":"page","link":"https:\/\/cirque-intense.de\/en\/zirkus-basics-lag\/","title":{"rendered":"Zirkus-Basics LAG"},"content":{"rendered":"<h2 class=\"content-header\">&nbsp;<\/h2>\n<div>\n<p>Diese Mini-Fortbildung richtet sich an erwachsene Quereinsteiger<em>innen, Eltern und Lehrer<\/em>innen, die im Zirkustraining mithelfen m\u00f6chten. Die Inhalte und deren Gewichtung werden in enger Absprache mit den Referentinnen vor Ort festgelegt. Teilnehmer*innen erlernen die Grundlagen der Vermittlung von Basistechniken, darunter Balance\u00fcbungen auf Kugel, Seil, Einrad oder Rola-Bola, Jonglieren mit T\u00fcchern, B\u00e4llen oder Diabolo sowie Akrobatik (bitte beachten: keine Luftartistik).<\/p>\n<\/div>\n<div>\n<div class=\"info-row\">\n<div class=\"info-row-icon\" role=\"img\" aria-label=\"Wo findet diese Veranstaltung statt?\">&nbsp;<\/div>\n<p>Kursort: Circus Circuli, In den Wannen\u00e4ckern 27, 70374 Stuttgart<br><span style=\"font-size: revert;\">Kursdatum: Sa, 19. September 2026<br><\/span><span style=\"font-size: revert;\">Beginn: <\/span><time style=\"font-size: revert;\" datetime=\"10:00\">10:00<\/time><span style=\"font-size: revert;\"> Uhr<br><\/span><span style=\"font-size: revert;\">Ende: <\/span><time style=\"font-size: revert;\" datetime=\"16:00\">16:00<\/time><span style=\"font-size: revert;\"> Uhr<br><\/span><span style=\"font-size: revert;\">Einlass: <\/span><time style=\"font-size: revert;\" datetime=\"09:30\">09:30<\/time><span style=\"font-size: revert;\"> Uhr<\/span><\/p>\n<\/div>\n<\/div>","protected":false},"excerpt":{"rendered":"<p>&nbsp; Diese Mini-Fortbildung richtet sich an erwachsene Quereinsteigerinnen, Eltern und Lehrerinnen, die im Zirkustraining mithelfen m\u00f6chten. Die Inhalte und deren Gewichtung werden in enger Absprache mit den Referentinnen vor Ort festgelegt. Teilnehmer*innen erlernen die Grundlagen der Vermittlung von Basistechniken, darunter Balance\u00fcbungen auf Kugel, Seil, Einrad oder Rola-Bola, Jonglieren mit T\u00fcchern, B\u00e4llen oder Diabolo sowie Akrobatik &hellip; <\/p>\n<p class=\"link-more\"><a href=\"https:\/\/cirque-intense.de\/en\/zirkus-basics-lag\/\" class=\"more-link\">Continue reading<span class=\"screen-reader-text\"> &#8222;Zirkus-Basics LAG&#8220;<\/span><\/a><\/p>","protected":false},"author":3,"featured_media":0,"parent":0,"menu_order":0,"comment_status":"closed","ping_status":"closed","template":"","meta":{"ngg_post_thumbnail":0,"footnotes":""},"class_list":["post-2958","page","type-page","status-publish","hentry"],"_links":{"self":[{"href":"https:\/\/cirque-intense.de\/en\/wp-json\/wp\/v2\/pages\/2958","targetHints":{"allow":["GET"]}}],"collection":[{"href":"https:\/\/cirque-intense.de\/en\/wp-json\/wp\/v2\/pages"}],"about":[{"href":"https:\/\/cirque-intense.de\/en\/wp-json\/wp\/v2\/types\/page"}],"author":[{"embeddable":true,"href":"https:\/\/cirque-intense.de\/en\/wp-json\/wp\/v2\/users\/3"}],"replies":[{"embeddable":true,"href":"https:\/\/cirque-intense.de\/en\/wp-json\/wp\/v2\/comments?post=2958"}],"version-history":[{"count":1,"href":"https:\/\/cirque-intense.de\/en\/wp-json\/wp\/v2\/pages\/2958\/revisions"}],"predecessor-version":[{"id":2959,"href":"https:\/\/cirque-intense.de\/en\/wp-json\/wp\/v2\/pages\/2958\/revisions\/2959"}],"wp:attachment":[{"href":"https:\/\/cirque-intense.de\/en\/wp-json\/wp\/v2\/media?parent=2958"}],"curies":[{"name":"wp","href":"https:\/\/api.w.org\/{rel}","templated":true}]}}