{"id":2975,"date":"2026-05-07T23:17:05","date_gmt":"2026-05-07T23:17:05","guid":{"rendered":"https:\/\/cirque-intense.de\/?page_id=2975"},"modified":"2026-05-07T23:36:25","modified_gmt":"2026-05-07T23:36:25","slug":"abschlussprogramm-2026","status":"publish","type":"page","link":"https:\/\/cirque-intense.de\/en\/abschlussprogramm-2026\/","title":{"rendered":"Ich messe, also bin ich. 10 m Zirkustheater"},"content":{"rendered":"<h4>Abschlussprogramm 2026, Cirque Intense 8.0<\/h4>\n\n\n\n<p>St\u00e4ndig im Vergleich. Bewertet, gemessen, optimiert.<br>Die Artist:innen von Cirque Intense stellen sich im Abschlussst\u00fcck \u201eIch messe, also bin ich.\u201c den Fragen unserer Zeit: \u201eBin ich genug?\u201c \u201eWie viel Leistung z\u00e4hlt?\u201c \u201eWann reicht es eigentlich?\u201c<\/p>\n\n\n\n<p>Mit Akrobatik, Bewegung und den Mitteln des zeitgen\u00f6ssischen Zirkus entstand ein kraftvolles, energiegeladenes St\u00fcck \u00fcber Druck, Selbstbild und gesellschaftliche Erwartungen \u2013 und dar\u00fcber, sich davon nicht (nur) definieren zu lassen.<\/p>\n\n\n\n<p>Das St\u00fcck ist der Abschluss des 8. Jahrgangs von Cirque Intense und das Ergebnis eines intensiven Trainingsjahres voller pers\u00f6nlicher und gemeinsamer Entwicklung.<\/p>\n\n\n\n<p>Wie freuen uns auf Euren Besuch!<\/p>\n\n\n\n<p>Unsere Tourdaten:<\/p>\n<table style=\"border-collapse: collapse; width: 104.896142%; height: 380px;\">\n<tbody>\n<tr style=\"height: 20px;\">\n<td style=\"width: 33.333333%; height: 20px;\">Ort<\/td>\n<td style=\"width: 33.333333%; height: 20px;\">Datum<\/td>\n<td style=\"width: 16.666667%; height: 20px;\">Adresse<\/td>\n<td style=\"width: 21.562809%; height: 20px;\">Karten\/Vorverkauf<\/td>\n<\/tr>\n<tr style=\"height: 40px;\">\n<td style=\"width: 33.333333%; height: 40px;\">Neuenburg am Rhein<\/td>\n<td style=\"width: 33.333333%; height: 40px;\">11.06.26, 19:30 Uhr<\/td>\n<td style=\"width: 16.666667%; height: 40px;\">Zirkuszelt in der Rheinwaldstrasse<\/td>\n<td style=\"width: 21.562809%; height: 40px;\"><a href=\"https:\/\/marktkram.bio\/produkte\/Zirkus\/Eintrittskarten\">Vorverkauf<\/a>\/Abendkasse<\/td>\n<\/tr>\n<tr style=\"height: 20px;\">\n<td style=\"width: 33.333333%; height: 20px;\">Neuenburg am Rhein<\/td>\n<td style=\"width: 33.333333%; height: 20px;\">12.06.26, 19:30 Uhr<\/td>\n<td style=\"width: 16.666667%; height: 20px;\">Zirkuszelt in der Rheinwaldstrasse<\/td>\n<td style=\"width: 21.562809%; height: 20px;\"><a href=\"https:\/\/marktkram.bio\/produkte\/Zirkus\/Eintrittskarten\">Vorverkauf<\/a>\/Abendkasse<\/td>\n<\/tr>\n<tr style=\"height: 20px;\">\n<td style=\"width: 33.333333%; height: 20px;\">Karlsruhe<\/td>\n<td style=\"width: 33.333333%; height: 20px;\">14.06.26, 19:00 Uhr<\/td>\n<td style=\"width: 16.666667%; height: 20px;\">Zirkus Maccaroni<\/td>\n<td style=\"width: 21.562809%; height: 20px;\"><a href=\"https:\/\/eveeno.com\/258523780\">Vorverkauf<\/a>\/Abendkasse<\/td>\n<\/tr>\n<tr style=\"height: 20px;\">\n<td style=\"width: 33.333333%; height: 20px;\">Z\u00fcrich<\/td>\n<td style=\"width: 33.333333%; height: 20px;\">20.06.26, 20:00 Uhr<\/td>\n<td style=\"width: 16.666667%; height: 20px;\">Zirkusquartier, Hohlstr. 256<\/td>\n<td style=\"width: 21.562809%; height: 20px;\">Hutsammlung<\/td>\n<\/tr>\n<tr style=\"height: 20px;\">\n<td style=\"width: 33.333333%; height: 20px;\">Freiburg<\/td>\n<td style=\"width: 33.333333%; height: 20px;\">26.\/27.06.26, 20 Uhr<\/td>\n<td style=\"width: 16.666667%; height: 20px;\">Haus 37, Vauban<\/td>\n<td style=\"width: 21.562809%; height: 20px;\">Hutsammlung<\/td>\n<\/tr>\n<tr style=\"height: 20px;\">\n<td style=\"width: 33.333333%; height: 20px;\">Stuttgart<\/td>\n<td style=\"width: 33.333333%; height: 20px;\">10.07.26, 10:00 Uhr<\/td>\n<td style=\"width: 16.666667%; height: 20px;\">Circus Circuli<\/td>\n<td style=\"width: 21.562809%; height: 20px;\">Schulauff\u00fchrung<\/td>\n<\/tr>\n<tr style=\"height: 20px;\">\n<td style=\"width: 33.333333%; height: 20px;\">Stuttgart<\/td>\n<td style=\"width: 33.333333%; height: 20px;\">\n<p>11.07.26, 19:30 Uhr<\/p>\n<\/td>\n<td style=\"width: 16.666667%; height: 20px;\">Circus Circuli<\/td>\n<td style=\"width: 21.562809%; height: 20px;\"><a href=\"https:\/\/widgets.yolawo.de\/w\/0\/bookables\/682aefa10f47e85b932e5881?t=1747644854469\">Vorverkauf<\/a>\/Abendkasse<\/td>\n<\/tr>\n<tr style=\"height: 20px;\">\n<td style=\"width: 33.333333%; height: 20px;\">Schw\u00e4bisch Hall<\/td>\n<td style=\"width: 33.333333%; height: 20px;\">15.07.26, 19:30 Uhr<\/td>\n<td style=\"width: 16.666667%; height: 20px;\">Wandertheater Pas de Deux<\/td>\n<td style=\"width: 21.562809%; height: 20px;\">Hutsammlung<\/td>\n<\/tr>\n<tr style=\"height: 40px;\">\n<td style=\"width: 33.333333%; height: 40px;\">Neuenburg am Rhein<\/td>\n<td style=\"width: 33.333333%; height: 40px;\">17.07.26, 19:30 Uhr<\/td>\n<td style=\"width: 16.666667%; height: 40px;\">Zirkuszelt Rheinwaldstrasse<\/td>\n<td style=\"width: 21.562809%; height: 40px;\"><a href=\"https:\/\/marktkram.bio\/produkte\/Zirkus\/Eintrittskarten\">Vorverkauf<\/a>\/Abendkasse<\/td>\n<\/tr>\n<tr style=\"height: 20px;\">\n<td style=\"width: 33.333333%; height: 20px;\">Neuenburg am Rhein<\/td>\n<td style=\"width: 33.333333%; height: 20px;\">18.07.26, 19:30Uhr<\/td>\n<td style=\"width: 16.666667%; height: 20px;\">Zirkuszelt Rheinwaldstrasse<\/td>\n<td style=\"width: 21.562809%; height: 20px;\"><a href=\"https:\/\/marktkram.bio\/produkte\/Zirkus\/Eintrittskarten\">Vorverkauf<\/a>\/Abendkasse<\/td>\n<\/tr>\n<tr style=\"height: 40px;\">\n<td style=\"width: 33.333333%; height: 40px;\">Frankfurt<\/td>\n<td style=\"width: 33.333333%; height: 40px;\">N.N.<\/td>\n<td style=\"width: 16.666667%; height: 40px;\">Sommerwerft Festival am Main Ufer<\/td>\n<td style=\"width: 21.562809%; height: 40px;\">Hutsammlung<\/td>\n<\/tr>\n<\/tbody>\n<\/table>\n\n\n\n<p>Ensemble: Lisa Bolliger, Emma Buddeberg, Janosch Ott, Raphaela Rieder, Saskia Sauer<br>K\u00fcnstlerische Leitung: Robert Eisele<br>Theater: Uschi Hildebrand<br>Artistik: Robert Eisele<br>Luftartistik\/Flying Pole: Isabelle No\u00ebl<br>Tanz: Karolin St\u00e4chele<br>Musik: Tilo Wachter<\/p>","protected":false},"excerpt":{"rendered":"<p>Abschlussprogramm 2026, Cirque Intense 8.0 St\u00e4ndig im Vergleich. Bewertet, gemessen, optimiert.Die Artist:innen von Cirque Intense stellen sich im Abschlussst\u00fcck \u201eIch messe, also bin ich.\u201c den Fragen unserer Zeit: \u201eBin ich genug?\u201c \u201eWie viel Leistung z\u00e4hlt?\u201c \u201eWann reicht es eigentlich?\u201c Mit Akrobatik, Bewegung und den Mitteln des zeitgen\u00f6ssischen Zirkus entstand ein kraftvolles, energiegeladenes St\u00fcck \u00fcber Druck, &hellip; <\/p>\n<p class=\"link-more\"><a href=\"https:\/\/cirque-intense.de\/en\/abschlussprogramm-2026\/\" class=\"more-link\">Continue reading<span class=\"screen-reader-text\"> &#8222;Ich messe, also bin ich. 10 m Zirkustheater&#8220;<\/span><\/a><\/p>","protected":false},"author":3,"featured_media":2995,"parent":0,"menu_order":0,"comment_status":"closed","ping_status":"closed","template":"","meta":{"ngg_post_thumbnail":0,"footnotes":""},"class_list":["post-2975","page","type-page","status-publish","has-post-thumbnail","hentry"],"_links":{"self":[{"href":"https:\/\/cirque-intense.de\/en\/wp-json\/wp\/v2\/pages\/2975","targetHints":{"allow":["GET"]}}],"collection":[{"href":"https:\/\/cirque-intense.de\/en\/wp-json\/wp\/v2\/pages"}],"about":[{"href":"https:\/\/cirque-intense.de\/en\/wp-json\/wp\/v2\/types\/page"}],"author":[{"embeddable":true,"href":"https:\/\/cirque-intense.de\/en\/wp-json\/wp\/v2\/users\/3"}],"replies":[{"embeddable":true,"href":"https:\/\/cirque-intense.de\/en\/wp-json\/wp\/v2\/comments?post=2975"}],"version-history":[{"count":9,"href":"https:\/\/cirque-intense.de\/en\/wp-json\/wp\/v2\/pages\/2975\/revisions"}],"predecessor-version":[{"id":2987,"href":"https:\/\/cirque-intense.de\/en\/wp-json\/wp\/v2\/pages\/2975\/revisions\/2987"}],"wp:featuredmedia":[{"embeddable":true,"href":"https:\/\/cirque-intense.de\/en\/wp-json\/wp\/v2\/media\/2995"}],"wp:attachment":[{"href":"https:\/\/cirque-intense.de\/en\/wp-json\/wp\/v2\/media?parent=2975"}],"curies":[{"name":"wp","href":"https:\/\/api.w.org\/{rel}","templated":true}]}}