{"id":380,"date":"2019-02-16T09:07:45","date_gmt":"2019-02-16T09:07:45","guid":{"rendered":"http:\/\/cirque-intense.de\/?page_id=380"},"modified":"2025-01-07T19:33:00","modified_gmt":"2025-01-07T19:33:00","slug":"trainer-team","status":"publish","type":"page","link":"https:\/\/cirque-intense.de\/en\/trainer-team\/","title":{"rendered":"TrainerInnen-Team"},"content":{"rendered":"<h2 class=\"wp-block-heading\">Isabelle No\u00ebl, Freiburg<\/h2>\n\n\n\n<p>Isabelle hat mit 11 Jahren ihre Begeisterung f\u00fcr den Zirkus entdeckt und sich seitdem der Zirkuswelt verschrieben. Sie hat Kunstp\u00e4dagogik mit Schwerpunkt &#8222;Darstellende Kunst&#8220; studiert und arbeitete von 2004-2019 als Trainerin im Circus Harlekin \/ Freiburg. Isabelle hat bei Jojo die zirkusp\u00e4dagogische Weiterbildung und die Clownfortbildung absolviert. Sie ist anerkannte Zirkusp\u00e4dagogin (BAG). Neben ihrer eigenen Compagnie VoiliVoil\u00e0 ist sie noch in verschiedenen anderen k\u00fcnstlerischen Projekten t\u00e4tig. Ihre Schwerpunkte liegen in Luftartistik und Akrobatik. Seit Sommer 2019 hat Isabelle die Leitung von Jojo Freiburg \u00fcbernommen, begleitet einzelne Module und ist Ansprechpartnerin rund um die Weiterbildung Freiburg.<\/p>\n\n\n<div class=\"wp-block-image\">\n<figure class=\"aligncenter size-large is-resized\"><img decoding=\"async\" width=\"1024\" height=\"1022\" data-src=\"https:\/\/cirque-intense.de\/wp-content\/uploads\/2022\/03\/Unbenannt-1024x1022.jpg\" alt=\"\" class=\"wp-image-2116 lazyload\" style=\"--smush-placeholder-width: 1024px; --smush-placeholder-aspect-ratio: 1024\/1022;width:419px;height:417px\" data-srcset=\"https:\/\/cirque-intense.de\/wp-content\/uploads\/2022\/03\/Unbenannt-1024x1022.jpg 1024w, https:\/\/cirque-intense.de\/wp-content\/uploads\/2022\/03\/Unbenannt-300x300.jpg 300w, https:\/\/cirque-intense.de\/wp-content\/uploads\/2022\/03\/Unbenannt-150x150.jpg 150w, https:\/\/cirque-intense.de\/wp-content\/uploads\/2022\/03\/Unbenannt-768x767.jpg 768w, https:\/\/cirque-intense.de\/wp-content\/uploads\/2022\/03\/Unbenannt-1536x1533.jpg 1536w, https:\/\/cirque-intense.de\/wp-content\/uploads\/2022\/03\/Unbenannt-2048x2044.jpg 2048w, https:\/\/cirque-intense.de\/wp-content\/uploads\/2022\/03\/Unbenannt-100x100.jpg 100w\" data-sizes=\"(max-width: 767px) 89vw, (max-width: 1000px) 54vw, (max-width: 1071px) 543px, 580px\" src=\"data:image\/svg+xml;base64,PHN2ZyB3aWR0aD0iMSIgaGVpZ2h0PSIxIiB4bWxucz0iaHR0cDovL3d3dy53My5vcmcvMjAwMC9zdmciPjwvc3ZnPg==\" \/><\/figure>\n<\/div>\n\n\n<p class=\"has-text-align-center\"><a href=\"http:\/\/www.voilivoila.de\/VoiliVoila_la_compagnie.html\" target=\"_blank\" rel=\"noreferrer noopener\">www.voilivoila.de<\/a><\/p>\n\n\n\n<p class=\"has-text-align-center\">***<\/p>\n\n\n\n<h2 class=\"wp-block-heading\">Karolin St\u00e4chele, Freiburg<\/h2>\n\n\n\n<p>Karolin St\u00e4chele (*1984)&nbsp;trainierte bei TIP \u2013 der Freiburger Schule f\u00fcr Tanz, Improvisation und Performance (2009-2011). Seit 2013 arbeitet sie freischaffend als T\u00e4nzerin, Performerin, Choreografin und Tanzdozentin. 2014 gr\u00fcndete sie die DAGADA dance company.<\/p>\n\n\n<div class=\"wp-block-image\">\n<figure class=\"aligncenter size-large is-resized\"><img decoding=\"async\" width=\"1024\" height=\"683\" data-src=\"https:\/\/cirque-intense.de\/wp-content\/uploads\/2019\/10\/JG_2249-1024x683.jpg\" alt=\"\" class=\"wp-image-548 lazyload\" style=\"--smush-placeholder-width: 1024px; --smush-placeholder-aspect-ratio: 1024\/683;width:406px;height:270px\" data-srcset=\"https:\/\/cirque-intense.de\/wp-content\/uploads\/2019\/10\/JG_2249-1024x683.jpg 1024w, https:\/\/cirque-intense.de\/wp-content\/uploads\/2019\/10\/JG_2249-300x200.jpg 300w, https:\/\/cirque-intense.de\/wp-content\/uploads\/2019\/10\/JG_2249-768x512.jpg 768w\" data-sizes=\"(max-width: 767px) 89vw, (max-width: 1000px) 54vw, (max-width: 1071px) 543px, 580px\" src=\"data:image\/svg+xml;base64,PHN2ZyB3aWR0aD0iMSIgaGVpZ2h0PSIxIiB4bWxucz0iaHR0cDovL3d3dy53My5vcmcvMjAwMC9zdmciPjwvc3ZnPg==\" \/><\/figure>\n<\/div>\n\n\n<p class=\"has-text-align-center\"><a href=\"http:\/\/www.dagada.org\" target=\"_blank\" rel=\"noreferrer noopener\">http:\/\/www.dagada.org<\/a><\/p>\n\n\n\n<p class=\"has-text-align-center\">***<\/p>\n\n\n\n<h2 class=\"wp-block-heading\">Tilo Wachter, M\u00fcllheim<\/h2>\n\n\n\n<p>Tilo Wachter ist Musiker, Komponist , Choreograph und S\u00e4nger. Er studierte Latin-Percussion am Musikkonservatorium in Rotterdam und arbeitete als Trainer und musikalischer Leiter f\u00fcr zahlreiche Performance-, Tanz- und Musikprojekte, unter anderem mit &#8222;Elan Wales&#8220; und der &#8222;New York Dance Company&#8220;. 1996 gr\u00fcndete er in M\u00fcllheim die Schule f\u00fcr Percussion-Performance. Er tritt seitdem regelm\u00e4\u00dfig mit verschiedenen K\u00fcnstlern auf und spielte unter anderem bei der Basel Sinfonietta sowie bei MTV unplugged.<br>Tilo unterrichtet im Cirque Intense Projekt in monatlichen Abst\u00e4nden Musik.<\/p>\n\n\n<div class=\"wp-block-image\">\n<figure class=\"aligncenter is-resized\"><img decoding=\"async\" width=\"866\" height=\"768\" data-src=\"https:\/\/cirque-intense.de\/wp-content\/uploads\/2019\/02\/Foto-Tilo-Wachter.jpg\" alt=\"\" class=\"wp-image-383 lazyload\" style=\"--smush-placeholder-width: 866px; --smush-placeholder-aspect-ratio: 866\/768;width:346px;height:307px\" data-srcset=\"https:\/\/cirque-intense.de\/wp-content\/uploads\/2019\/02\/Foto-Tilo-Wachter.jpg 866w, https:\/\/cirque-intense.de\/wp-content\/uploads\/2019\/02\/Foto-Tilo-Wachter-300x266.jpg 300w, https:\/\/cirque-intense.de\/wp-content\/uploads\/2019\/02\/Foto-Tilo-Wachter-768x681.jpg 768w\" data-sizes=\"(max-width: 767px) 89vw, (max-width: 1000px) 54vw, (max-width: 1071px) 543px, 580px\" src=\"data:image\/svg+xml;base64,PHN2ZyB3aWR0aD0iMSIgaGVpZ2h0PSIxIiB4bWxucz0iaHR0cDovL3d3dy53My5vcmcvMjAwMC9zdmciPjwvc3ZnPg==\" \/><\/figure>\n<\/div>\n\n\n<p class=\"has-text-align-center\"><a rel=\"noreferrer noopener\" aria-label=\"www.hang-in-concert.de (\u00f6ffnet in neuem Tab)\" href=\"https:\/\/www.hang-in-concert.de\/\" target=\"_blank\">www.hang-in-concert.de<\/a><\/p>\n\n\n\n<p class=\"has-text-align-center\">***<\/p>\n\n\n\n<h2 class=\"wp-block-heading\">Ursula Hildebrand, Luzern<\/h2>\n\n\n\n<p>Ursula ist Theaterschaffende, Schauspielerin, Regisseurin und Trainerin in Luzern\/CH. Sie unterrichtet bei Cirque Intense Physical Theatre.<\/p>\n<p>&nbsp;<\/p>\n<p style=\"text-align: center;\">***<\/p>\n\n\n\n<h2 class=\"wp-block-heading\">David Eisele, Freiburg<\/h2>\n\n\n\n<p>Davids Biografie ist <a href=\"https:\/\/cirque-intense.de\/en\/referenzen-artisten\/\" target=\"_blank\" rel=\"noreferrer noopener\">hier<\/a> zu finden.<\/p>\n\n\n\n<p>David unterrichtet bei Cirque Intense Cyr Wheel, Schleuderbrett sowie &#8222;Research mit einem Zirkusger\u00e4t&#8220; ZIRKUSPRAXIS WORKSHOPS. Er coacht Artisten und kreiert neue Zirkusacts.<\/p>\n\n\n<div class=\"wp-block-image\">\n<figure class=\"aligncenter size-large\"><img decoding=\"async\" width=\"1024\" height=\"970\" data-src=\"https:\/\/cirque-intense.de\/wp-content\/uploads\/2023\/02\/picture-2600-1024x970.jpg\" alt=\"\" class=\"wp-image-2395 lazyload\" data-srcset=\"https:\/\/cirque-intense.de\/wp-content\/uploads\/2023\/02\/picture-2600-1024x970.jpg 1024w, https:\/\/cirque-intense.de\/wp-content\/uploads\/2023\/02\/picture-2600-300x284.jpg 300w, https:\/\/cirque-intense.de\/wp-content\/uploads\/2023\/02\/picture-2600-768x728.jpg 768w, https:\/\/cirque-intense.de\/wp-content\/uploads\/2023\/02\/picture-2600-1536x1455.jpg 1536w, https:\/\/cirque-intense.de\/wp-content\/uploads\/2023\/02\/picture-2600-2048x1940.jpg 2048w\" data-sizes=\"(max-width: 767px) 89vw, (max-width: 1000px) 54vw, (max-width: 1071px) 543px, 580px\" src=\"data:image\/svg+xml;base64,PHN2ZyB3aWR0aD0iMSIgaGVpZ2h0PSIxIiB4bWxucz0iaHR0cDovL3d3dy53My5vcmcvMjAwMC9zdmciPjwvc3ZnPg==\" style=\"--smush-placeholder-width: 1024px; --smush-placeholder-aspect-ratio: 1024\/970;\" \/><\/figure>\n<\/div>\n\n\n<p class=\"has-text-align-center\"><a href=\"http:\/\/www.davideisele.com\" target=\"_blank\" rel=\"noreferrer noopener\">www.davideisele.com<\/a><\/p>\n\n\n\n<p class=\"has-text-align-center\">***<\/p>\n\n\n\n<h2 class=\"wp-block-heading\">Fenja Barteldres, Rotterdam<\/h2>\n\n\n\n<p><br>Fenjas Biografie ist <a href=\"https:\/\/cirque-intense.de\/en\/referenzen-artisten\/\" target=\"_blank\" rel=\"noreferrer noopener\">hier<\/a> zu finden.<\/p>\n\n\n\n<p>Fenja unterrichtet bei Cirque Intense Cyr-Wheel.<\/p>\n\n\n\n<p><\/p>\n\n\n\n<p>Fenja&nbsp;ist seit zehn Jahren auf das&nbsp;Cyr-Wheel spezialisiert, welches ihr als&nbsp;Solok\u00fcnstlerin ein Gef\u00e4hrte&nbsp;und Freund&nbsp;geworden ist, den sie bis ins kleinste Detail kennt. Ihre enge Beziehung zeigt sich in ihrer Performance durch tiefes Verst\u00e4ndnis und spielerischen Tanz, ohne jegliche Hierarchie zwischen ihrem Tanzpartner und ihr selbst.<\/p>\n\n\n<div class=\"wp-block-image\">\n<figure class=\"aligncenter size-large\"><img decoding=\"async\" width=\"1024\" height=\"683\" data-src=\"https:\/\/cirque-intense.de\/wp-content\/uploads\/2023\/02\/Cyrrealism-Photo-by-Tessa-Veldhorst_De-Schaapjesfabriek-1-1024x683.jpg\" alt=\"\" class=\"wp-image-2397 lazyload\" data-srcset=\"https:\/\/cirque-intense.de\/wp-content\/uploads\/2023\/02\/Cyrrealism-Photo-by-Tessa-Veldhorst_De-Schaapjesfabriek-1-1024x683.jpg 1024w, https:\/\/cirque-intense.de\/wp-content\/uploads\/2023\/02\/Cyrrealism-Photo-by-Tessa-Veldhorst_De-Schaapjesfabriek-1-300x200.jpg 300w, https:\/\/cirque-intense.de\/wp-content\/uploads\/2023\/02\/Cyrrealism-Photo-by-Tessa-Veldhorst_De-Schaapjesfabriek-1-768x512.jpg 768w, https:\/\/cirque-intense.de\/wp-content\/uploads\/2023\/02\/Cyrrealism-Photo-by-Tessa-Veldhorst_De-Schaapjesfabriek-1-1536x1024.jpg 1536w, https:\/\/cirque-intense.de\/wp-content\/uploads\/2023\/02\/Cyrrealism-Photo-by-Tessa-Veldhorst_De-Schaapjesfabriek-1-2048x1365.jpg 2048w\" data-sizes=\"(max-width: 767px) 89vw, (max-width: 1000px) 54vw, (max-width: 1071px) 543px, 580px\" src=\"data:image\/svg+xml;base64,PHN2ZyB3aWR0aD0iMSIgaGVpZ2h0PSIxIiB4bWxucz0iaHR0cDovL3d3dy53My5vcmcvMjAwMC9zdmciPjwvc3ZnPg==\" style=\"--smush-placeholder-width: 1024px; --smush-placeholder-aspect-ratio: 1024\/683;\" \/><\/figure>\n<\/div>\n\n\n<p class=\"has-text-align-center\"><a href=\"https:\/\/fenja-circus.com\">https:\/\/fenja-circus.com<\/a><\/p>\n\n\n\n<p class=\"has-text-align-center\">***<\/p>\n\n\n\n<p class=\"has-text-align-center\"><\/p>","protected":false},"excerpt":{"rendered":"<p>Isabelle No\u00ebl, Freiburg Isabelle hat mit 11 Jahren ihre Begeisterung f\u00fcr den Zirkus entdeckt und sich seitdem der Zirkuswelt verschrieben. Sie hat Kunstp\u00e4dagogik mit Schwerpunkt &#8222;Darstellende Kunst&#8220; studiert und arbeitete von 2004-2019 als Trainerin im Circus Harlekin \/ Freiburg. Isabelle hat bei Jojo die zirkusp\u00e4dagogische Weiterbildung und die Clownfortbildung absolviert. Sie ist anerkannte Zirkusp\u00e4dagogin (BAG). &hellip; <\/p>\n<p class=\"link-more\"><a href=\"https:\/\/cirque-intense.de\/en\/trainer-team\/\" class=\"more-link\">Continue reading<span class=\"screen-reader-text\"> &#8222;TrainerInnen-Team&#8220;<\/span><\/a><\/p>","protected":false},"author":1,"featured_media":0,"parent":0,"menu_order":0,"comment_status":"closed","ping_status":"closed","template":"","meta":{"ngg_post_thumbnail":0,"footnotes":""},"class_list":["post-380","page","type-page","status-publish","hentry"],"_links":{"self":[{"href":"https:\/\/cirque-intense.de\/en\/wp-json\/wp\/v2\/pages\/380","targetHints":{"allow":["GET"]}}],"collection":[{"href":"https:\/\/cirque-intense.de\/en\/wp-json\/wp\/v2\/pages"}],"about":[{"href":"https:\/\/cirque-intense.de\/en\/wp-json\/wp\/v2\/types\/page"}],"author":[{"embeddable":true,"href":"https:\/\/cirque-intense.de\/en\/wp-json\/wp\/v2\/users\/1"}],"replies":[{"embeddable":true,"href":"https:\/\/cirque-intense.de\/en\/wp-json\/wp\/v2\/comments?post=380"}],"version-history":[{"count":24,"href":"https:\/\/cirque-intense.de\/en\/wp-json\/wp\/v2\/pages\/380\/revisions"}],"predecessor-version":[{"id":2742,"href":"https:\/\/cirque-intense.de\/en\/wp-json\/wp\/v2\/pages\/380\/revisions\/2742"}],"wp:attachment":[{"href":"https:\/\/cirque-intense.de\/en\/wp-json\/wp\/v2\/media?parent=380"}],"curies":[{"name":"wp","href":"https:\/\/api.w.org\/{rel}","templated":true}]}}