{"id":392,"date":"2019-02-16T09:22:07","date_gmt":"2019-02-16T09:22:07","guid":{"rendered":"http:\/\/cirque-intense.de\/?page_id=392"},"modified":"2026-02-17T18:02:44","modified_gmt":"2026-02-17T18:02:44","slug":"zirkuspraxis-workshops","status":"publish","type":"page","link":"https:\/\/cirque-intense.de\/en\/zirkuspraxis-workshops\/","title":{"rendered":"ZIRKUSPRAXIS Workshops"},"content":{"rendered":"<p>Unsere Kurse sind offen f\u00fcr Menschen, die Vorerfahrung mit K\u00f6rperarbeit haben, und bieten sich an als Fortbildung, zum Kennenlernen neuer k\u00fcnstlerischer Ans\u00e4tze und Choreographie oder als intensive Trainingserfahrung.<\/p>\n<h4>Aktuelle Termine f\u00fcr Workshops im Schuljahr 2025\/26<\/h4>\n\n\n\n\n\n<figure class=\"wp-block-table\"><table><tbody><tr><td>Disziplinen<\/td><td>Von<\/td><td>Bis<\/td><\/tr><tr><td>Cyr Wheel und Schleuderbrett\/Teeterboard<br>Grundlagen (Level: Beginner) mit <a href=\"http:\/\/www.davideisele.com\/\" target=\"_blank\" rel=\"noreferrer noopener\">David Eisele<\/a><\/td><td>27. 11.25<\/td><td>29.11.25<\/td><\/tr><tr><td>Salto, Flic Flac und mehr (Level: Intermediate)<br>mit Robert Eisele<\/td><td>N.N.<\/td><td>N.N.<\/td><\/tr><tr><td>Seiltanz auf dem Steiffseil mit Robert Eisele (Level: Intermediate)<\/td><td>N.N.<\/td><td>N.N.<\/td><\/tr><tr><td>Cyr Wheel 2 (Level: Intermediate) mit Fenja Barteldres<\/td><td>N.N.<\/td><td>N.N.<\/td><\/tr><\/tbody><\/table><\/figure>\n\n\n\n<h4 class=\"wp-block-heading\">Anmeldung\/Info zu den Kursen<\/h4>\n\n\n\n<p>Weitere Infos findet ihr <a href=\"https:\/\/cirque-intense.de\/en\/workshop-disziplinen\/\" data-type=\"page\" data-id=\"773\">hier<\/a>.<\/p>\n\n\n\n<p>Bitte sendet uns ein Mail und gebt eure vollst\u00e4ndigen Kontaktdaten und den Kurs an f\u00fcr den ihr Euch anmelden wollt:<\/p>\n\n\n\n<p><a href=\"mailto: anmeldung@cirque-intense.de\" data-type=\"page\" data-id=\"2667\">Anmeldung Kompaktworkshops<\/a><\/p>","protected":false},"excerpt":{"rendered":"<p>Unsere Kurse sind offen f\u00fcr Menschen, die Vorerfahrung mit K\u00f6rperarbeit haben, und bieten sich an als Fortbildung, zum Kennenlernen neuer k\u00fcnstlerischer Ans\u00e4tze und Choreographie oder als intensive Trainingserfahrung. Aktuelle Termine f\u00fcr Workshops im Schuljahr 2025\/26 Disziplinen Von Bis Cyr Wheel und Schleuderbrett\/TeeterboardGrundlagen (Level: Beginner) mit David Eisele 27. 11.25 29.11.25 Salto, Flic Flac und mehr &hellip; <\/p>\n<p class=\"link-more\"><a href=\"https:\/\/cirque-intense.de\/en\/zirkuspraxis-workshops\/\" class=\"more-link\">Continue reading<span class=\"screen-reader-text\"> &#8222;ZIRKUSPRAXIS Workshops&#8220;<\/span><\/a><\/p>","protected":false},"author":1,"featured_media":1828,"parent":0,"menu_order":0,"comment_status":"closed","ping_status":"closed","template":"","meta":{"ngg_post_thumbnail":0,"footnotes":""},"class_list":["post-392","page","type-page","status-publish","has-post-thumbnail","hentry"],"_links":{"self":[{"href":"https:\/\/cirque-intense.de\/en\/wp-json\/wp\/v2\/pages\/392","targetHints":{"allow":["GET"]}}],"collection":[{"href":"https:\/\/cirque-intense.de\/en\/wp-json\/wp\/v2\/pages"}],"about":[{"href":"https:\/\/cirque-intense.de\/en\/wp-json\/wp\/v2\/types\/page"}],"author":[{"embeddable":true,"href":"https:\/\/cirque-intense.de\/en\/wp-json\/wp\/v2\/users\/1"}],"replies":[{"embeddable":true,"href":"https:\/\/cirque-intense.de\/en\/wp-json\/wp\/v2\/comments?post=392"}],"version-history":[{"count":104,"href":"https:\/\/cirque-intense.de\/en\/wp-json\/wp\/v2\/pages\/392\/revisions"}],"predecessor-version":[{"id":2954,"href":"https:\/\/cirque-intense.de\/en\/wp-json\/wp\/v2\/pages\/392\/revisions\/2954"}],"wp:featuredmedia":[{"embeddable":true,"href":"https:\/\/cirque-intense.de\/en\/wp-json\/wp\/v2\/media\/1828"}],"wp:attachment":[{"href":"https:\/\/cirque-intense.de\/en\/wp-json\/wp\/v2\/media?parent=392"}],"curies":[{"name":"wp","href":"https:\/\/api.w.org\/{rel}","templated":true}]}}