{"id":497,"date":"2019-07-21T05:38:13","date_gmt":"2019-07-21T05:38:13","guid":{"rendered":"http:\/\/cirque-intense.de\/?page_id=497"},"modified":"2021-04-09T20:45:17","modified_gmt":"2021-04-09T20:45:17","slug":"testimonials","status":"publish","type":"page","link":"https:\/\/cirque-intense.de\/en\/testimonials\/","title":{"rendered":"Teilnehmer-Feedback"},"content":{"rendered":"<p>Stimmen von unseren Cirque Intense TeilnehmerInnen:<\/p>\n<p>&nbsp;<\/p>\n<p><strong>Julia:<\/strong><\/p>\n<p><img decoding=\"async\" class=\"wp-image-1731 alignleft lazyload\" data-src=\"https:\/\/cirque-intense.de\/wp-content\/uploads\/2021\/04\/50E8F59C-F3F4-46F0-AB69-A03EF84921B3-209x300.jpeg\" alt=\"\" width=\"210\" height=\"302\" data-srcset=\"https:\/\/cirque-intense.de\/wp-content\/uploads\/2021\/04\/50E8F59C-F3F4-46F0-AB69-A03EF84921B3-209x300.jpeg 209w, https:\/\/cirque-intense.de\/wp-content\/uploads\/2021\/04\/50E8F59C-F3F4-46F0-AB69-A03EF84921B3-712x1024.jpeg 712w, https:\/\/cirque-intense.de\/wp-content\/uploads\/2021\/04\/50E8F59C-F3F4-46F0-AB69-A03EF84921B3-768x1104.jpeg 768w, https:\/\/cirque-intense.de\/wp-content\/uploads\/2021\/04\/50E8F59C-F3F4-46F0-AB69-A03EF84921B3-1069x1536.jpeg 1069w, https:\/\/cirque-intense.de\/wp-content\/uploads\/2021\/04\/50E8F59C-F3F4-46F0-AB69-A03EF84921B3-1425x2048.jpeg 1425w, https:\/\/cirque-intense.de\/wp-content\/uploads\/2021\/04\/50E8F59C-F3F4-46F0-AB69-A03EF84921B3.jpeg 1536w\" data-sizes=\"(max-width: 210px) 100vw, 210px\" src=\"data:image\/svg+xml;base64,PHN2ZyB3aWR0aD0iMSIgaGVpZ2h0PSIxIiB4bWxucz0iaHR0cDovL3d3dy53My5vcmcvMjAwMC9zdmciPjwvc3ZnPg==\" style=\"--smush-placeholder-width: 210px; --smush-placeholder-aspect-ratio: 210\/302;\" \/><\/p>\n<p><span lang=\"de-DE\">\u201e<\/span><span lang=\"de-DE\">F\u00fcr mich war die Vielf\u00e4ltigkeit des Jahres eines der besten Dinge. Wir hatten die M\u00f6glichkeit in alle Arten der B\u00fchnenkunst herein zu schnuppern. Alles von Akrobatik, Tanz, Theater \u00fcber Jonglage bis hin zur Musik. Zus\u00e4tzlich konnten wir auch viel mitplanen und organisieren. Man ist aber nicht nur mit den Dingen vor der Kulisse, sondern auch mit vielem dahinter besch\u00e4ftigt. Man lernt wie viele andere Dinge auch noch dazu geh\u00f6ren und wie wichtig es ist, gut zusammen zu arbeiten.<\/span><\/p>\n<p><span lang=\"de-DE\">Ich nehme also sehr viele verschiedene Dinge aus diesem Jahr mit. Nicht nur die technischen Tricks aus dem Zirkus, sondern auch organisatorische Sachen, denn wir haben nicht nur trainiert sondern unter anderem auch unser Zirkus Zelt aufgebaut, Kinder unterrichtet, eine Tournee organisiert und die dazu geh\u00f6rende Werbung gemacht.<\/span><\/p>\n<p><span lang=\"de-DE\">Das t\u00e4gliche Training bei Robert ist sehr vielf\u00e4ltig und abwechslungsreich, dazu kommen noch die ganzen Workshops, welche von anderen professionellen Trainer*innen aus aller Welt geleitet werden. Die Workshops und der Unterricht bei anderen Trainer*innen bietet zus\u00e4tzlichen Austausch. Einerseits mit den externen Teilnehmer*innen anderseits mit den Trainer*innen von denen man verschiedene Einblicke in das Zirkus Leben sowie auch neue Trainings Methoden bekommt.<\/span><\/p>\n<p><span lang=\"de-DE\">Als Teilnehmer*innen haben wir jeden Tag zusammen trainiert und uns langsam immer besser kennen gelernt. Jetzt, schon fast am Ende dieses Jahres angelangt, sind wir mit unserem St\u00fcck, welches wir selber entwickelt haben, auf Tourne\u00e9. Jede Auff\u00fchrung bringt neue Dinge mit sich, wir k\u00f6nnen uns auf der B\u00fchne immer besser verstehen, wenn etwas schief l\u00e4uft k\u00f6nnen wir zusammen improvisieren, je mehr Publikum da ist desto besser f\u00fchlt man sich und all das haben wir in diesem Jahr gelernt. Ich bin sehr gl\u00fccklich, dass ich bei Cirque Intense dabei sein konnte und stolz darauf was wir zusammen geschafft haben. Danke!\u201c<\/span><\/p>\n<p>&nbsp;<\/p>\n<p><strong>Salom\u00e9:<\/strong><\/p>\n<p>\u201eR\u00fcckblickend auf mein Jahr \u00abCirque Intense\u00bb finde ich das Wort \u00abIntense\u00bb ziemlich passend f\u00fcr diese Zeit. Es war ein unglaublich intensives Jahr, mit vielen neuen Eindr\u00fccken, Erfahrungen, Erlebnissen und Begegnungen. Vor allem in der Vielseitigkeit dieses Projekts konnte ich immer wieder Neues lernen und neue Wege entdecken.&nbsp;Der breit gef\u00e4cherte Stundenplan gab mir die M\u00f6glichkeit, viel auszuprobieren und eine gute Grundlage zu erarbeiten.&nbsp;Doch auch die Erfahrungen ausserhalb des Trainings empfinde ich als extrem wichtig. Sie haben mir gezeigt, was es bedeutet ein Zelt auf- und wieder abzubauen, einen \u00fcber 1 m langen Nagel einzuschlagen, eine Kindergruppe zu leiten, eine Tournee zu organisieren, ein St\u00fcck zu erarbeiten, auf der B\u00fchne zu stehen. Dies alles hat mir einen realistischen Einblick in die Artistenwelt gegeben, mit all den Freuden und Aufregungen, aber auch Herausforderungen und Schwierigkeiten.&nbsp;&nbsp;Es hat sich f\u00fcr mich in diesem Jahr eine neue T\u00fcr ge\u00f6ffnet, mit einem neuen m\u00f6glichen Weg. Ich konnte meine Freude f\u00fcr Zirkus und Theater entdecken, die Achtsamkeit und Sorgfalt, welche hinter der k\u00fcnstlerischen Arbeit steckt, die besondere Art und Weise, wie man durch diese Kunstform mit anderen Menschen in Kontakt treten kann.&nbsp;&nbsp;So habe ich gemerkt, dass ich in diesem Bereich weitermachen will, und ich freue mich darauf, den eingeschlagenen Weg an der Dimitrischule weiterzugehen.\u201c<\/p>\n<p>&nbsp;<\/p>\n<p><strong>Ben-Adrian:<\/strong><\/p>\n<p>\u201eDas t\u00e4gliche Training er\u00f6ffnete mir eine neue und vertiefte Herangehensweise, in allem was zu modernem Zirkus geh\u00f6rt. Durchhalteverm\u00f6gen wurde belohnt durch nachhaltige Fortschritte in allen Bereichen des Trainings. Mir gef\u00e4llt die systematische Herangehensweise an ein Kunstst\u00fcck. Es werden viele Vor\u00fcbungen ins Warmup eingebaut. So hatte man die M\u00f6glichkeit selbstst\u00e4ndig zu \u00fcben, da man wei\u00df worauf zu achten ist. Die Bandbreite der verschiedenen F\u00e4cher wie Musik, Theater- und Tanzunterricht sowie die Workshops gaben mir wichtige Anst\u00f6\u00dfe, die ich unbedingt weiter verfolgen will. Die Impros im Theaterunterricht waren oft sehr fordernd f\u00fcr mich aber ich merke langsam, wie es schon besser geht als zu Anfang. Durch das Einrichten von Beleuchtung und B\u00fchnenbild bei Auff\u00fchrungen, lernte ich mit Veranstaltungstechnik umzugehen, was ich auch spannend fand, da es viel zum Gelingen der Show beitr\u00e4gt.<\/p>\n<p>Alles in Allem lie\u00df \u201eCirque Intense\u201c mich \u00fcber den Tellerrand von Zirkus im Allgemeinen blicken, auch in viele andere Bereiche die zu Zirkus geh\u00f6ren. Es zeigte mir wie vielseitig und breit gef\u00e4chert zeitgen\u00f6ssischer Zirkus ist. Es war genau das, was ich mir von dem (in meinem Falle halben) Jahr erhofft hatte.\u201c<\/p>","protected":false},"excerpt":{"rendered":"<p>Stimmen von unseren Cirque Intense TeilnehmerInnen: &nbsp; Julia: \u201eF\u00fcr mich war die Vielf\u00e4ltigkeit des Jahres eines der besten Dinge. Wir hatten die M\u00f6glichkeit in alle Arten der B\u00fchnenkunst herein zu schnuppern. Alles von Akrobatik, Tanz, Theater \u00fcber Jonglage bis hin zur Musik. Zus\u00e4tzlich konnten wir auch viel mitplanen und organisieren. Man ist aber nicht nur &hellip; <\/p>\n<p class=\"link-more\"><a href=\"https:\/\/cirque-intense.de\/en\/testimonials\/\" class=\"more-link\">Continue reading<span class=\"screen-reader-text\"> &#8222;Teilnehmer-Feedback&#8220;<\/span><\/a><\/p>","protected":false},"author":1,"featured_media":1734,"parent":0,"menu_order":0,"comment_status":"closed","ping_status":"closed","template":"","meta":{"ngg_post_thumbnail":0,"footnotes":""},"class_list":["post-497","page","type-page","status-publish","has-post-thumbnail","hentry"],"_links":{"self":[{"href":"https:\/\/cirque-intense.de\/en\/wp-json\/wp\/v2\/pages\/497","targetHints":{"allow":["GET"]}}],"collection":[{"href":"https:\/\/cirque-intense.de\/en\/wp-json\/wp\/v2\/pages"}],"about":[{"href":"https:\/\/cirque-intense.de\/en\/wp-json\/wp\/v2\/types\/page"}],"author":[{"embeddable":true,"href":"https:\/\/cirque-intense.de\/en\/wp-json\/wp\/v2\/users\/1"}],"replies":[{"embeddable":true,"href":"https:\/\/cirque-intense.de\/en\/wp-json\/wp\/v2\/comments?post=497"}],"version-history":[{"count":5,"href":"https:\/\/cirque-intense.de\/en\/wp-json\/wp\/v2\/pages\/497\/revisions"}],"predecessor-version":[{"id":1735,"href":"https:\/\/cirque-intense.de\/en\/wp-json\/wp\/v2\/pages\/497\/revisions\/1735"}],"wp:featuredmedia":[{"embeddable":true,"href":"https:\/\/cirque-intense.de\/en\/wp-json\/wp\/v2\/media\/1734"}],"wp:attachment":[{"href":"https:\/\/cirque-intense.de\/en\/wp-json\/wp\/v2\/media?parent=497"}],"curies":[{"name":"wp","href":"https:\/\/api.w.org\/{rel}","templated":true}]}}