{"id":532,"date":"2019-07-21T18:22:34","date_gmt":"2019-07-21T18:22:34","guid":{"rendered":"http:\/\/cirque-intense.de\/?page_id=532"},"modified":"2025-01-07T19:20:37","modified_gmt":"2025-01-07T19:20:37","slug":"trainingsort","status":"publish","type":"page","link":"https:\/\/cirque-intense.de\/en\/trainingsort\/","title":{"rendered":"Training-space"},"content":{"rendered":"<p>Cirque Intense training takes place in Neuenburg am Rhein. <strong>Neuenburg am Rhein <\/strong>statt.<\/p>\n<p>The <strong>Cirque Intense tent<\/strong> not only provides a \u201creal circus feeling\u201d, but is also indispensable for aerial arts training, Chinese pole, trampoline and tightrope walking. The tent is exclusively available to Cirque Intense participants. Incidentally, two oil heaters ensure pleasant temperatures there, which is a particular advantage in the winter months.&nbsp;<\/p>\n<p>As a second location, we have the opportunity to use the <strong>Altrheinhalle<\/strong> in Neuenburg daily from 9 am to 4 pm. This is mainly used for acrobatic training, juggling and Cyr-Wheel.<\/p>","protected":false},"excerpt":{"rendered":"<p>Das Cirque Intense Training findet in Neuenburg am Rhein statt. Das Cirque Intense Zelt nicht nur &#8222;echtes Zirkus-Feeling&#8220;, sondern ist insbesondere f\u00fcr das Luftartistik-Training, f\u00fcr Chinese Pole, Trampolin und Seiltanz unverzichtbar. Das Zelt steht ausschlie\u00dflich den Cirque Intense Teilnehmenden zur Verf\u00fcgung. Dort sorgen \u00fcbrigens zwei \u00d6l Heizungen f\u00fcr angenehme Temperaturen, was insbesondere in den Winter-Monaten &hellip; <\/p>\n<p class=\"link-more\"><a href=\"https:\/\/cirque-intense.de\/en\/trainingsort\/\" class=\"more-link\">Continue reading<span class=\"screen-reader-text\"> &#8222;Trainingsort&#8220;<\/span><\/a><\/p>","protected":false},"author":1,"featured_media":533,"parent":0,"menu_order":0,"comment_status":"closed","ping_status":"closed","template":"","meta":{"ngg_post_thumbnail":0,"footnotes":""},"class_list":["post-532","page","type-page","status-publish","has-post-thumbnail","hentry"],"_links":{"self":[{"href":"https:\/\/cirque-intense.de\/en\/wp-json\/wp\/v2\/pages\/532","targetHints":{"allow":["GET"]}}],"collection":[{"href":"https:\/\/cirque-intense.de\/en\/wp-json\/wp\/v2\/pages"}],"about":[{"href":"https:\/\/cirque-intense.de\/en\/wp-json\/wp\/v2\/types\/page"}],"author":[{"embeddable":true,"href":"https:\/\/cirque-intense.de\/en\/wp-json\/wp\/v2\/users\/1"}],"replies":[{"embeddable":true,"href":"https:\/\/cirque-intense.de\/en\/wp-json\/wp\/v2\/comments?post=532"}],"version-history":[{"count":5,"href":"https:\/\/cirque-intense.de\/en\/wp-json\/wp\/v2\/pages\/532\/revisions"}],"predecessor-version":[{"id":2737,"href":"https:\/\/cirque-intense.de\/en\/wp-json\/wp\/v2\/pages\/532\/revisions\/2737"}],"wp:featuredmedia":[{"embeddable":true,"href":"https:\/\/cirque-intense.de\/en\/wp-json\/wp\/v2\/media\/533"}],"wp:attachment":[{"href":"https:\/\/cirque-intense.de\/en\/wp-json\/wp\/v2\/media?parent=532"}],"curies":[{"name":"wp","href":"https:\/\/api.w.org\/{rel}","templated":true}]}}