{"id":71,"date":"2018-03-31T06:40:25","date_gmt":"2018-03-31T06:40:25","guid":{"rendered":"http:\/\/cirque-intense.de\/?page_id=71"},"modified":"2021-01-22T15:02:25","modified_gmt":"2021-01-22T15:02:25","slug":"robert-eisele","status":"publish","type":"page","link":"https:\/\/cirque-intense.de\/en\/robert-eisele\/","title":{"rendered":"Robert Eisele"},"content":{"rendered":"<p><img decoding=\"async\" class=\"alignright wp-image-74 lazyload\" data-src=\"https:\/\/cirque-intense.de\/wp-content\/uploads\/2018\/03\/Robert-28-01-2018-04-Blick-nach-links-200x300.jpg\" alt=\"\" width=\"223\" height=\"335\" data-srcset=\"https:\/\/cirque-intense.de\/wp-content\/uploads\/2018\/03\/Robert-28-01-2018-04-Blick-nach-links-200x300.jpg 200w, https:\/\/cirque-intense.de\/wp-content\/uploads\/2018\/03\/Robert-28-01-2018-04-Blick-nach-links.jpg 426w\" data-sizes=\"(max-width: 223px) 100vw, 223px\" src=\"data:image\/svg+xml;base64,PHN2ZyB3aWR0aD0iMSIgaGVpZ2h0PSIxIiB4bWxucz0iaHR0cDovL3d3dy53My5vcmcvMjAwMC9zdmciPjwvc3ZnPg==\" style=\"--smush-placeholder-width: 223px; --smush-placeholder-aspect-ratio: 223\/335;\" \/><\/p>\n<p><span style=\"font-size: 14pt;\"><strong>K\u00fcnstlerische Leitung und Trainingsleitung:<\/strong><\/span><\/p>\n<p><span style=\"font-size: 18pt;\"><strong>Robert Eisele<\/strong><\/span><\/p>\n<p>Robert ist zertifizierter Zirkusp\u00e4dagoge nach den Kriterien der&nbsp;<a href=\"https:\/\/www.bag-zirkus.de\/index.php\/zertifizierung-anerkennung\/anerkennung-zirkuspaedagoge-in-bag.html\" target=\"_blank\" rel=\"noopener noreferrer\">BAG Zirkusp\u00e4dagogik. <\/a>&nbsp;Er ist seit vielen Jahren als Regisseur, Choreograph, K\u00fcnstler und vielseitiger Zirkustrainer aktiv.<\/p>\n<p>Beim Cirque Intense hat er die k\u00fcnstlerische Leitung sowie die Leitung des Trainings.<\/p>\n<p>&nbsp;<\/p>\n<p><strong><span style=\"font-size: 18pt;\">Profil:<\/span><\/strong><\/p>\n<p><strong>Ausbildung:<\/strong><\/p>\n<p>1985-88 Studium an der Schule f\u00fcr Bewegungstheater Scuola Teatro Dimitri im Tessin\/CH, unter anderem bei Dimitri, Szilard Szekely, Richard Weber und Alessandro Marchetti<\/p>\n<p>Fortbildungen bei&nbsp; Ruth Zaporah (Action Theatre),&nbsp; Ariane Mnouchkine (Theatre du soleil) und Szilard Szekely<\/p>\n<p><strong>Lehrt\u00e4tigkeit:<\/strong><\/p>\n<p>1990-2001 Theaterp\u00e4dagogische T\u00e4tigkeit in verschiedenen Schulen mit diversen Inszenierungen (\u201eKom\u00f6die der Eitelkeit\u201c, \u201eDie Zauberfl\u00f6te, \u201eDer gute Mensch von Sezuan\u201c, etc.)<\/p>\n<p>1994-95 Dozent an der Hochschule f\u00fcr Musik und Darstellende Kunst Stuttgart, mit diversen Inszenierungen (\u201eDer Dritte Polizist\u201c, \u201eDie Nibelungen\u201c, etc.)<\/p>\n<p>1997-2017 Jugend-Zirkus-Ragazzi in M\u00fcllheim<\/p>\n<p>1998-2009 Lehrer an der Zirkusschule Basel<\/p>\n<p><strong>K\u00fcnstlerische Leitung:<\/strong><\/p>\n<p>1996 1. Stegener Theatersommer, Stegen am Ammersee<\/p>\n<p>1996 Gr\u00fcndung Theater Belenus<\/p>\n<p>1996-2017 ma\u00dfgeblicher Mit-Aufbau des Zirkus Ragazzi, M\u00fcllheim<\/p>\n<p>2003 Circus Calibastra Stuttgart und Regie Nightshow sowie Hauptprogramm<\/p>\n<p>2015 Konzeption und Er\u00f6ffnung der Kulturwerkstatt Schweighof<\/p>\n<p><strong>Schauspieler, Artist und Ensemblemitglied bei:<\/strong><\/p>\n<p>1988-91 Ensemblemitglied bei Compagnia Teatro Dimitri, Verscio\/CH<\/p>\n<p>1991-93 Ensemblemitglied bei Junges Theater Basel<\/p>\n<p>1994 Ensemblemitglied Musiktheater im Revier Gelsenkirchen<\/p>\n<p>2005 Entstehung des \u201e<a href=\"http:\/\/www.robertagusto.de\/\" target=\"_blank\" rel=\"noopener noreferrer\">Robert Agusto Clowntheater<\/a>\u201c, Solo-Programm mit Artistik und Musik, Regie: Szilard Szekely<\/p>\n<p><strong>Regiet\u00e4tigkeit:<\/strong><\/p>\n<p>1994 \u201eDie Hochzeit des Figaro\u201c, Wolfgang Amadeus Mozart, Hannover<\/p>\n<p>1996 Regie \u201eDido und Aeneas\u201c, Henry Purcell, S\u00fcddeutsche Kammeroper Wei\u00dfenhorn<\/p>\n<p>1997-98 \u201eParzival\u201c, Eigenproduktion, M\u00fcllheim<\/p>\n<p>1998 \u201eParzival\u201c, in italienischer Sprache, eine Auftragsproduktion der Rassegna Teatrale in Bolzano<\/p>\n<p>2006 \u201eBesuch der alten Dame\u201c, Friedrich D\u00fcrrenmatt, M\u00fcllheim\/Badenweiler, Projekt mit Langzeitarbeitslosen<\/p>\n<p>2011 \u201eDie Gl\u00fccksgeige\u201c, Compagnie Pas de Deux, Losone\/CH<\/p>\n<p>2013 \u201eSouvenirs\u201c, Compagnie Pas de Deux, Losone\/CH<\/p>\n<p><strong>Publikationen:<\/strong><\/p>\n<p>2009 Ver\u00f6ffentlichung eines Standard-Werkes im Bereich Zirkusp\u00e4dagogik: \u201e<a href=\"https:\/\/www.at-verlag.ch\/autoren\/1154248-eisele-robert.html\" target=\"_blank\" rel=\"noopener noreferrer\">Zirkuswerkstatt, Ideen, Tricks und Techniken f\u00fcr kleine und gro\u00dfe Zirkusprojekte<\/a>\u201c, Praxisbuch erschienen im AT Verlag, Aarau<\/p>","protected":false},"excerpt":{"rendered":"<p>K\u00fcnstlerische Leitung und Trainingsleitung: Robert Eisele Robert ist zertifizierter Zirkusp\u00e4dagoge nach den Kriterien der&nbsp;BAG Zirkusp\u00e4dagogik. &nbsp;Er ist seit vielen Jahren als Regisseur, Choreograph, K\u00fcnstler und vielseitiger Zirkustrainer aktiv. Beim Cirque Intense hat er die k\u00fcnstlerische Leitung sowie die Leitung des Trainings. &nbsp; Profil: Ausbildung: 1985-88 Studium an der Schule f\u00fcr Bewegungstheater Scuola Teatro Dimitri im &hellip; <\/p>\n<p class=\"link-more\"><a href=\"https:\/\/cirque-intense.de\/en\/robert-eisele\/\" class=\"more-link\">Continue reading<span class=\"screen-reader-text\"> &#8222;Robert Eisele&#8220;<\/span><\/a><\/p>","protected":false},"author":1,"featured_media":0,"parent":0,"menu_order":0,"comment_status":"closed","ping_status":"closed","template":"","meta":{"ngg_post_thumbnail":0,"footnotes":""},"class_list":["post-71","page","type-page","status-publish","hentry"],"_links":{"self":[{"href":"https:\/\/cirque-intense.de\/en\/wp-json\/wp\/v2\/pages\/71","targetHints":{"allow":["GET"]}}],"collection":[{"href":"https:\/\/cirque-intense.de\/en\/wp-json\/wp\/v2\/pages"}],"about":[{"href":"https:\/\/cirque-intense.de\/en\/wp-json\/wp\/v2\/types\/page"}],"author":[{"embeddable":true,"href":"https:\/\/cirque-intense.de\/en\/wp-json\/wp\/v2\/users\/1"}],"replies":[{"embeddable":true,"href":"https:\/\/cirque-intense.de\/en\/wp-json\/wp\/v2\/comments?post=71"}],"version-history":[{"count":7,"href":"https:\/\/cirque-intense.de\/en\/wp-json\/wp\/v2\/pages\/71\/revisions"}],"predecessor-version":[{"id":917,"href":"https:\/\/cirque-intense.de\/en\/wp-json\/wp\/v2\/pages\/71\/revisions\/917"}],"wp:attachment":[{"href":"https:\/\/cirque-intense.de\/en\/wp-json\/wp\/v2\/media?parent=71"}],"curies":[{"name":"wp","href":"https:\/\/api.w.org\/{rel}","templated":true}]}}