{"id":773,"date":"2020-03-11T07:14:06","date_gmt":"2020-03-11T07:14:06","guid":{"rendered":"http:\/\/cirque-intense.de\/?page_id=773"},"modified":"2025-01-27T16:35:18","modified_gmt":"2025-01-27T16:35:18","slug":"workshop-disziplinen","status":"publish","type":"page","link":"https:\/\/cirque-intense.de\/en\/workshop-disziplinen\/","title":{"rendered":"Workshop Disziplinen"},"content":{"rendered":"<h4>ZIRKUSPRAXIS Cyr Wheel 2 (Level: Intermediate)<\/h4>\n<p>mit <a href=\"https:\/\/cirque-intense.de\/en\/trainer-team\/\">Fenja Barteldres<\/a><\/p>\n<p>Datum: 07. bis 09. Februar 2025<br>Zeiten: Freitag 19 bis 22 Uhr, Samstag 12 bis 15 Uhr, Sonntag 10 bis 13 Uhr<br>Ort: Neuenburg am Rhein, Altrheinhalle<br>Kosten: \u20ac 120,- (erm\u00e4ssigt 90,-)<br>Anmeldung: <a href=\"mailto:anmeldung@cirque-intense.de\">anmeldung@cirque-intense.de<\/a><\/p>\n<p>Fenja Barteldres hat 2022 ihre Ausbildung als Artistin an der CODARTS Hochschule in Rotterdam beendet. Seitdem ist sie als Artistin mit Ihrem Cyr-Wheel in GOP Variet\u00e9s und zahlreichen Shows aufgetreten. 2024 hat sie am Wettbewerb Young Stage in Basel den Silbernen Stern gewonnen. Ausserdem ist sie mit ihrem Solost\u00fcck &#8222;Cyrrealism&#8220; in ganz Europa unterwegs.<\/p>\n<p><img decoding=\"async\" class=\"alignnone  wp-image-2397 lazyload\" data-src=\"https:\/\/cirque-intense.de\/wp-content\/uploads\/2023\/02\/Cyrrealism-Photo-by-Tessa-Veldhorst_De-Schaapjesfabriek-1-300x200.jpg\" alt=\"\" width=\"393\" height=\"262\" data-srcset=\"https:\/\/cirque-intense.de\/wp-content\/uploads\/2023\/02\/Cyrrealism-Photo-by-Tessa-Veldhorst_De-Schaapjesfabriek-1-300x200.jpg 300w, https:\/\/cirque-intense.de\/wp-content\/uploads\/2023\/02\/Cyrrealism-Photo-by-Tessa-Veldhorst_De-Schaapjesfabriek-1-1024x683.jpg 1024w, https:\/\/cirque-intense.de\/wp-content\/uploads\/2023\/02\/Cyrrealism-Photo-by-Tessa-Veldhorst_De-Schaapjesfabriek-1-768x512.jpg 768w, https:\/\/cirque-intense.de\/wp-content\/uploads\/2023\/02\/Cyrrealism-Photo-by-Tessa-Veldhorst_De-Schaapjesfabriek-1-1536x1024.jpg 1536w, https:\/\/cirque-intense.de\/wp-content\/uploads\/2023\/02\/Cyrrealism-Photo-by-Tessa-Veldhorst_De-Schaapjesfabriek-1-2048x1365.jpg 2048w\" data-sizes=\"(max-width: 393px) 100vw, 393px\" src=\"data:image\/svg+xml;base64,PHN2ZyB3aWR0aD0iMSIgaGVpZ2h0PSIxIiB4bWxucz0iaHR0cDovL3d3dy53My5vcmcvMjAwMC9zdmciPjwvc3ZnPg==\" style=\"--smush-placeholder-width: 393px; --smush-placeholder-aspect-ratio: 393\/262;\" \/><\/p>\n<h4>ZIRKUSPRAXIS Research mit Zirkusrequisiten (Level: Beginner)<\/h4>\n<p>mit <a href=\"https:\/\/cirque-intense.de\/en\/trainer-team\/\" target=\"_blank\" rel=\"noopener\">David Eisele<\/a><\/p>\n<p>Datum: 21. bis 23. M\u00e4rz 2025<br>Zeiten: Freitag 19 bis 22 Uhr, Samstag 9 bis 16 Uhr, Sonntag 9 bis 16 Uhr<br>Ort: Neuenburg am Rhein, Rheinwaldstrasse<br>Kosten: \u20ac 160,- (erm\u00e4ssigt 140,-)<br>Anmeldung: <a href=\"mailto:anmeldung@cirque-intense.de\">anmeldung@cirque-intense.de<\/a><\/p>\n<p>David Eisele forscht mit den Teilnehmern an spannenden pers\u00f6nlichen Moves und Tricks mit dem eigenen Zirkusger\u00e4t. Alle g\u00e4ngigen Zirkusger\u00e4te sind vorhanden und k\u00f6nnen verwendet werden. Bei besonderen Requisiten bitte anfragen.<\/p>\n<h4>ZIRKUSPRAXIS Cyr Wheel und Teeterboard (Schleuderbrett) (Level: Beginner)<\/h4>\n<p style=\"text-align: left;\">mit <a href=\"https:\/\/cirque-intense.de\/en\/trainer-team\/\" target=\"_blank\" rel=\"noopener\">David Eisele<\/a><\/p>\n<p>Datum: 29.11. bis 01.12.2024<br>Zeiten: Freitag 19 bis 22 Uhr, Samstag 9 bis 16 Uhr, Sonntag 9 bis 16 Uhr<br>Ort: Neuenburg am Rhein, Rheinwaldstasse<br>Kosten: \u20ac 160,- (erm\u00e4ssigt 140,-), Anmeldegeb\u00fchr 70,-<br>Anmeldung: <a href=\"mailto:anmeldung@cirque-intense.de\">anmeldung@cirque-intense.de<\/a><\/p>\n\n\n<div class=\"wp-block-image\">\n<figure class=\"aligncenter size-large is-resized\"><img decoding=\"async\" width=\"1024\" height=\"678\" data-src=\"https:\/\/cirque-intense.de\/wp-content\/uploads\/2019\/11\/David-Eisele-Cyr-Wheel-pic4-1024x678.jpg\" alt=\"\" class=\"wp-image-686 lazyload\" style=\"--smush-placeholder-width: 1024px; --smush-placeholder-aspect-ratio: 1024\/678;width:579px;height:383px\" data-srcset=\"https:\/\/cirque-intense.de\/wp-content\/uploads\/2019\/11\/David-Eisele-Cyr-Wheel-pic4-1024x678.jpg 1024w, https:\/\/cirque-intense.de\/wp-content\/uploads\/2019\/11\/David-Eisele-Cyr-Wheel-pic4-300x199.jpg 300w, https:\/\/cirque-intense.de\/wp-content\/uploads\/2019\/11\/David-Eisele-Cyr-Wheel-pic4-768x509.jpg 768w, https:\/\/cirque-intense.de\/wp-content\/uploads\/2019\/11\/David-Eisele-Cyr-Wheel-pic4-1536x1017.jpg 1536w, https:\/\/cirque-intense.de\/wp-content\/uploads\/2019\/11\/David-Eisele-Cyr-Wheel-pic4-2048x1356.jpg 2048w\" data-sizes=\"(max-width: 767px) 89vw, (max-width: 1000px) 54vw, (max-width: 1071px) 543px, 580px\" src=\"data:image\/svg+xml;base64,PHN2ZyB3aWR0aD0iMSIgaGVpZ2h0PSIxIiB4bWxucz0iaHR0cDovL3d3dy53My5vcmcvMjAwMC9zdmciPjwvc3ZnPg==\" \/><\/figure>\n<\/div>\n\n\n<p><span style=\"font-weight: 400;\">David Eisele trainiert und experimentiert mit Cyr Wheel und Schleuderbrett seit vielen Jahren. Darunter mit bekannten Gr\u00f6\u00dfen wie Valerie Inertie und Aime Morales. Er unterrichtet neben seiner Arbeit als Artist in Holland, Belgien, der Schweiz und Deutschland.&nbsp;<\/span><\/p>\n<p><span style=\"font-weight: 400;\">Was ihn als Trainer auszeichnet ist die F\u00e4higkeit, so zu unterrichten, dass jeder\/jede, unabh\u00e4ngig vom Erfahrungs-Level, mit einsteigen kann, vieles dabei lernt und mitnehmen kann.&nbsp;<\/span><\/p>\n<p>&nbsp;<\/p>\n<p>&nbsp;<\/p>\n<p>&nbsp;<\/p>","protected":false},"excerpt":{"rendered":"<p>ZIRKUSPRAXIS Cyr Wheel 2 (Level: Intermediate) mit Fenja Barteldres Datum: 07. bis 09. Februar 2025Zeiten: Freitag 19 bis 22 Uhr, Samstag 12 bis 15 Uhr, Sonntag 10 bis 13 UhrOrt: Neuenburg am Rhein, AltrheinhalleKosten: \u20ac 120,- (erm\u00e4ssigt 90,-)Anmeldung: anmeldung@cirque-intense.de Fenja Barteldres hat 2022 ihre Ausbildung als Artistin an der CODARTS Hochschule in Rotterdam beendet. Seitdem &hellip; <\/p>\n<p class=\"link-more\"><a href=\"https:\/\/cirque-intense.de\/en\/workshop-disziplinen\/\" class=\"more-link\">Continue reading<span class=\"screen-reader-text\"> &#8222;Workshop Disziplinen&#8220;<\/span><\/a><\/p>","protected":false},"author":1,"featured_media":0,"parent":0,"menu_order":0,"comment_status":"closed","ping_status":"closed","template":"","meta":{"ngg_post_thumbnail":0,"footnotes":""},"class_list":["post-773","page","type-page","status-publish","hentry"],"_links":{"self":[{"href":"https:\/\/cirque-intense.de\/en\/wp-json\/wp\/v2\/pages\/773","targetHints":{"allow":["GET"]}}],"collection":[{"href":"https:\/\/cirque-intense.de\/en\/wp-json\/wp\/v2\/pages"}],"about":[{"href":"https:\/\/cirque-intense.de\/en\/wp-json\/wp\/v2\/types\/page"}],"author":[{"embeddable":true,"href":"https:\/\/cirque-intense.de\/en\/wp-json\/wp\/v2\/users\/1"}],"replies":[{"embeddable":true,"href":"https:\/\/cirque-intense.de\/en\/wp-json\/wp\/v2\/comments?post=773"}],"version-history":[{"count":39,"href":"https:\/\/cirque-intense.de\/en\/wp-json\/wp\/v2\/pages\/773\/revisions"}],"predecessor-version":[{"id":2781,"href":"https:\/\/cirque-intense.de\/en\/wp-json\/wp\/v2\/pages\/773\/revisions\/2781"}],"wp:attachment":[{"href":"https:\/\/cirque-intense.de\/en\/wp-json\/wp\/v2\/media?parent=773"}],"curies":[{"name":"wp","href":"https:\/\/api.w.org\/{rel}","templated":true}]}}