{"id":783,"date":"2020-03-11T07:23:54","date_gmt":"2020-03-11T07:23:54","guid":{"rendered":"http:\/\/cirque-intense.de\/?page_id=783"},"modified":"2026-02-17T17:56:21","modified_gmt":"2026-02-17T17:56:21","slug":"jugenduebungsleiterschein","status":"publish","type":"page","link":"https:\/\/cirque-intense.de\/en\/jugenduebungsleiterschein\/","title":{"rendered":"Jugend\u00fcbungsleitermodule"},"content":{"rendered":"<p>Die Kurswochenenden folgen dem Curriculum f\u00fcr die Qualifizierung zum\/zur Jugend\u00fcbungsleiter*in gem\u00e4\u00df dem Curriculum und den Richtlinien der <a href=\"https:\/\/www.bag-zirkus.de\" target=\"_blank\" rel=\"noopener\">BAG Zirkusp\u00e4dagogik<\/a> und der <a href=\"https:\/\/lag-zirkuskuenste-bw.de\" target=\"_blank\" rel=\"noopener\">LAG Zirkusk\u00fcnste Baden-W\u00fcrttemberg<\/a>.<\/p>\n\n\n\n<div id=\"content\" class=\"site-content\">\n<div class=\"wrap\">\n<div id=\"primary\" class=\"content-area\"><main role=\"main\"><main id=\"main\" class=\"site-main\" role=\"main\"><span class=\"edit-link\"><span class=\"screen-reader-text\">Unsere<a class=\"post-edit-link\" href=\"https:\/\/cirque-intense.de\/wp-admin\/post.php?post=783&amp;action=edit\">\u201eJugend\u00fcbungsleiterschei<\/a><\/span><\/span><\/main><\/main><main role=\"main\"><main role=\"main\"><main role=\"main\"><main role=\"main\"><main role=\"main\">\n<h4 role=\"main\">2026<\/h4>\n<main role=\"main\"><main id=\"main\" class=\"site-main\" role=\"main\">\n<h5 style=\"text-align: left;\">Baustein 1b<\/h5>\n<strong>P\u00e4dagogische und didaktische Grundlagen der Zirkusk\u00fcnste<\/strong><\/main><main class=\"site-main\" role=\"main\">14. \u2013 15. Februar 2026,<br><main class=\"site-main\" role=\"main\">Samstag 9 \u2013 18 Uhr<\/main><main class=\"site-main\" role=\"main\">Sonntag, 9 \u2013 16 Uhr<\/main><\/main><\/main><main role=\"main\"><span style=\"font-size: 1rem;\">Die Kursgeb\u00fchren f\u00fcr einen Baustein betragen 70 \u20ac inclusive Unterkunft und Verpflegung.<\/span><\/main><main role=\"main\">\n<p class=\"site-main\" role=\"main\">weitere Informationen unter: <a href=\"https:\/\/cirque-intense.de\/wp-content\/uploads\/2026\/02\/1A_Paedagogik_Didaktik_neu.pdf\" target=\"_blank\" rel=\"noopener\">P\u00e4dagogik-Didaktik<\/a><\/p>\n<p role=\"main\">Hier geht es zur <a href=\"https:\/\/nc-3625094473573480094.nextcloud-ionos.com\/index.php\/apps\/forms\/s\/PWGAWiPqjc3bAPk3Rcfw5K5t\">Anmeldung f\u00fcr dieses Modul<\/a><\/p>\n<\/main><main id=\"main\" class=\"site-main\" role=\"main\">\n<h5 style=\"text-align: left;\">Bausteine 1a\/1b (beide Module Nur IN Kombination)<\/h5>\n<strong>P\u00e4dagogische und didaktische Grundlagen der Zirkusk\u00fcnste<\/strong><\/main><main class=\"site-main\" role=\"main\">07. \u2013 11. September 2026,<br>Montag 10 &#8211; 16 Uhr<\/main><main class=\"site-main\" role=\"main\">Dienstag \u2013 Freitag jeweils 9 \u2013 16 Uhr.<\/main><\/main><main role=\"main\"><span style=\"font-size: 1rem;\">Die Kursgeb\u00fchren f\u00fcr beide Bausteine 1a\/b betragen zusammen 140 \u20ac inclusive Unterkunft und Verpflegung..<\/span><\/main><main role=\"main\">\n<p class=\"site-main\" role=\"main\">weitere Informationen unter: <a href=\"https:\/\/cirque-intense.de\/wp-content\/uploads\/2026\/02\/1A_Paedagogik_Didaktik_neu.pdf\" target=\"_blank\" rel=\"noopener\">P\u00e4dagogik-Didaktik<\/a><\/p>\n<p role=\"main\">Hier geht es zur <a href=\"https:\/\/nc-3625094473573480094.nextcloud-ionos.com\/index.php\/apps\/forms\/s\/DPmpSnLPxZSfsQQyQo6orT9e\">Anmeldung f\u00fcr dieses Modul<\/a><\/p>\n<main role=\"main\"><main id=\"main\" class=\"site-main\" role=\"main\">\n<h5 style=\"text-align: left;\">Baustein 1A<\/h5>\n<strong>P\u00e4dagogische und didaktische Grundlagen der Zirkusk\u00fcnste<\/strong><\/main><main class=\"site-main\" role=\"main\">05. \u2013 06. Dezember 2026,<br><main class=\"site-main\" role=\"main\">Samstag 9 \u2013 18 Uhr<\/main><main class=\"site-main\" role=\"main\">Sonntag, 9 \u2013 16 Uhr<\/main><\/main><\/main><main role=\"main\"><span style=\"font-size: 1rem;\">Die Kursgeb\u00fchren f\u00fcr einen Baustein betragen 70\u20ac inclusive Unterkunft und Verpflegung.<\/span><\/main><main role=\"main\">\n<p class=\"site-main\" role=\"main\">weitere Informationen unter: <a href=\"https:\/\/cirque-intense.de\/wp-content\/uploads\/2026\/02\/1A_Paedagogik_Didaktik_neu.pdf\" target=\"_blank\" rel=\"noopener\">P\u00e4dagogik-Didaktik<\/a><\/p>\n<p role=\"main\">Hier geht es zur <a href=\"https:\/\/nc-3625094473573480094.nextcloud-ionos.com\/index.php\/apps\/forms\/s\/ntTRp6QZMbb4EwapgN6BzAm8\">Anmeldung f\u00fcr dieses Modul<\/a><\/p>\n<\/main>\n<p role=\"main\"><span style=\"color: #767676; font-size: 0.8125rem; font-weight: 800; letter-spacing: 0.15em; text-transform: uppercase;\">Bausteine 2a\/b<\/span><\/p>\n<main role=\"main\"><main role=\"main\"><main role=\"main\"><strong>Balancieren (Einrad, Kugel, Seiltanz, Rola Bola)<\/strong><\/main><main role=\"main\">30. Januar \u2013 01. Februar 2026<\/main><main class=\"site-main\" role=\"main\"><main class=\"site-main\" role=\"main\">Freitag, 18 &#8211; 21 Uhr<\/main><main class=\"site-main\" role=\"main\">Samstag 9 \u2013 17 Uhr<\/main><main class=\"site-main\" role=\"main\">Sonntag, 9 \u2013 16 Uhr<\/main><\/main>\n<p role=\"main\">weitere Informationen unter: <a href=\"https:\/\/cirque-intense.de\/en\/2ab_balance\/\" target=\"_blank\" rel=\"noopener\">Balance<\/a><\/p>\n<p role=\"main\">Hier geht es zum <a href=\"https:\/\/nc-3625094473573480094.nextcloud-ionos.com\/index.php\/apps\/forms\/s\/aGR8LY3fAgd3GKW5HmH8jF4a\">Anmeldeformular f\u00fcr dieses Modul.<\/a><\/p>\n<strong>Jonglieren<\/strong>&nbsp;<\/main><main role=\"main\">25. \u2013 27. September 2026<\/main><main class=\"site-main\" role=\"main\"><main class=\"site-main\" role=\"main\">Freitag, 18 &#8211; 21 Uhr<\/main><main class=\"site-main\" role=\"main\">Samstag 9 \u2013 17 Uhr<\/main><main class=\"site-main\" role=\"main\">Sonntag, 9 \u2013 16 Uhr<\/main><\/main>\n<p role=\"main\">weitere Informationen findet Ihr unter: <a href=\"https:\/\/cirque-intense.de\/wp-content\/uploads\/2021\/10\/2_Jonglage.pdf\" target=\"_blank\" rel=\"noopener\">Jonglage<\/a><\/p>\n<p role=\"main\">Hier geht es zum <a href=\"https:\/\/nc-3625094473573480094.nextcloud-ionos.com\/index.php\/apps\/forms\/s\/9GmpCEGdbCwkf5JNiTKxezQy\">Anmeldeformular f\u00fcr dieses Modul<\/a><\/p>\n<\/main><main class=\"site-main\" role=\"main\"><main class=\"site-main\" role=\"main\"><strong>Akrobatik (Boden-, Partnerakrobatik, Handstand)<\/strong><\/main><main class=\"site-main\" role=\"main\">06. \u2013 08. November 2026<br><main class=\"site-main\" role=\"main\">Freitag, 18 &#8211; 21 Uhr<\/main><main class=\"site-main\" role=\"main\">Samstag 9 \u2013 17 Uhr<\/main><main class=\"site-main\" role=\"main\">Sonntag, 9 \u2013 16 Uhr<\/main><\/main>\n<p class=\"site-main\" role=\"main\">weitere Informationen unter: <a href=\"https:\/\/cirque-intense.de\/wp-content\/uploads\/2021\/10\/2_Akrobatik.pdf\" target=\"_blank\" rel=\"noopener\">Akrobatik<\/a><\/p>\n<p role=\"main\">Hier geht es zum <a href=\"https:\/\/nc-3625094473573480094.nextcloud-ionos.com\/index.php\/apps\/forms\/s\/PXoHjBREeyjogX6a8emDJWnL\">Anmeldeformular f\u00fcr dieses Modul.<\/a><\/p>\n<main class=\"site-main\" role=\"main\"><strong>Luftakrobatik II (Trapez, Tuch, Lyra, Seil)<\/strong><\/main><main class=\"site-main\" role=\"main\">25.\u2013 26. April 2026<\/main><main class=\"site-main\" role=\"main\"><span style=\"font-size: 1rem;\">Samstag 9 \u2013 17 Uhr<\/span><\/main><main class=\"site-main\" role=\"main\">Sonntag, 9 \u2013 16 Uhr<\/main>\n<p class=\"site-main\" role=\"main\"><span style=\"font-size: 1rem;\">weitere Informationen <\/span><span style=\"font-size: 1rem;\">unter: <\/span><a style=\"font-size: 1rem;\" href=\"https:\/\/cirque-intense.de\/wp-content\/uploads\/2021\/10\/2ab_Luftakrobatik.pdf\" target=\"_blank\" rel=\"noopener\">Luftakrobatik<\/a><\/p>\n<p role=\"main\">Hier geht es zum <a href=\"https:\/\/nc-3625094473573480094.nextcloud-ionos.com\/index.php\/apps\/forms\/s\/oFPe5mpbd6mXRb9p9L6bFFRK\">Anmeldeformular f\u00fcr dieses Modul<\/a><\/p>\n<strong>Luftakrobatik I(Trapez, Tuch, Lyra, Seil)<\/strong><\/main><main class=\"site-main\" role=\"main\">14.\u2013 15. November 2026<\/main><main class=\"site-main\" role=\"main\"><span style=\"font-size: 1rem;\">Samstag 9 \u2013 17 Uhr<\/span><\/main><main class=\"site-main\" role=\"main\">Sonntag, 9 \u2013 16 Uhr<\/main>\n<p class=\"site-main\" role=\"main\"><span style=\"font-size: 1rem;\">weitere Informationen <\/span><span style=\"font-size: 1rem;\">unter: <\/span><a style=\"font-size: 1rem;\" href=\"https:\/\/cirque-intense.de\/wp-content\/uploads\/2021\/10\/2ab_Luftakrobatik.pdf\" target=\"_blank\" rel=\"noopener\">Luftakrobatik<\/a><\/p>\n<p role=\"main\">Hier geht es zum <a href=\"https:\/\/nc-3625094473573480094.nextcloud-ionos.com\/index.php\/apps\/forms\/s\/oFPe5mpbd6mXRb9p9L6bFFRK\">Anmeldeformular f\u00fcr dieses Modul<\/a><\/p>\n<p role=\"main\"><span style=\"font-size: 1rem;\">Die Kursgeb\u00fchren f\u00fcr die Bausteine 2a\/b betragen 70\u20ac je Wochenende und sind inclusive (einfache) Unterkunft und Vollwert-Verpflegung.<\/span><\/p>\n<\/main><\/main><\/main><\/main><\/main><main role=\"main\"><main role=\"main\"><main role=\"main\"><main role=\"main\"><main role=\"main\"><\/main><\/main><\/main><main role=\"main\"><main role=\"main\"><main role=\"main\">\n<h4 role=\"main\">&nbsp;<\/h4>\n<main role=\"main\">\n<h4 role=\"main\">Links<\/h4>\n<p role=\"main\"><span style=\"font-size: 1rem;\"><a href=\"https:\/\/www.google.com\/maps\/place\/Cirque+Intense+Zelt+Standort\/@47.797868,7.5486583,17z\/data=!3m1!4b1!4m5!3m4!1s0x0:0xe74cf1caf133b716!8m2!3d47.797868!4d7.550847?hl=de&amp;authuser=1\" target=\"_blank\" rel=\"noopener\">Kursorte<\/a><\/span><\/p>\n<\/main><\/main><\/main><\/main><\/main><\/main><\/div>\n<\/div>\n<\/div>\n\n\n\n<p>Weitere Infos zur Qualifizierung f\u00fcr <a href=\"https:\/\/lag-zirkuskuenste-bw.de\/qualifizierung-2\/zirkus-jugenduebungsleiterin\/\" target=\"_blank\" rel=\"noopener\">Jugend\u00fcbungsleiterIn<\/a> oder <a href=\"https:\/\/lag-zirkuskuenste-bw.de\/qualifizierung-2\/erwachsene\/\" target=\"_blank\" rel=\"noopener\">JugendtrainerIn<\/a> und die aktuellen Termine der Einrichtungen, die Bausteine anbietenden findest du auf der Webseite der <a href=\"https:\/\/lag-zirkuskuenste-bw.de\/\" target=\"_blank\" rel=\"noopener\">LAG<\/a> Zirkusp\u00e4dagogik Baden-W\u00fcrttemberg.<\/p>\n<p><span style=\"font-size: 1rem;\"><a href=\"mailto:anmeldung@cirque-intense.de\" target=\"_blank\" rel=\"noopener\">Anmeldung zu allen Kurswochenenden<\/a>&nbsp;<\/span><\/p>","protected":false},"excerpt":{"rendered":"<p>Die Kurswochenenden folgen dem Curriculum f\u00fcr die Qualifizierung zum\/zur Jugend\u00fcbungsleiter*in gem\u00e4\u00df dem Curriculum und den Richtlinien der BAG Zirkusp\u00e4dagogik und der LAG Zirkusk\u00fcnste Baden-W\u00fcrttemberg. Unsere\u201eJugend\u00fcbungsleiterschei 2026 Baustein 1b P\u00e4dagogische und didaktische Grundlagen der Zirkusk\u00fcnste14. \u2013 15. Februar 2026,Samstag 9 \u2013 18 UhrSonntag, 9 \u2013 16 UhrDie Kursgeb\u00fchren f\u00fcr einen Baustein betragen 70 \u20ac inclusive Unterkunft &hellip; <\/p>\n<p class=\"link-more\"><a href=\"https:\/\/cirque-intense.de\/en\/jugenduebungsleiterschein\/\" class=\"more-link\">Continue reading<span class=\"screen-reader-text\"> &#8222;Jugend\u00fcbungsleitermodule&#8220;<\/span><\/a><\/p>","protected":false},"author":1,"featured_media":0,"parent":0,"menu_order":0,"comment_status":"closed","ping_status":"closed","template":"","meta":{"ngg_post_thumbnail":0,"footnotes":""},"class_list":["post-783","page","type-page","status-publish","hentry"],"_links":{"self":[{"href":"https:\/\/cirque-intense.de\/en\/wp-json\/wp\/v2\/pages\/783","targetHints":{"allow":["GET"]}}],"collection":[{"href":"https:\/\/cirque-intense.de\/en\/wp-json\/wp\/v2\/pages"}],"about":[{"href":"https:\/\/cirque-intense.de\/en\/wp-json\/wp\/v2\/types\/page"}],"author":[{"embeddable":true,"href":"https:\/\/cirque-intense.de\/en\/wp-json\/wp\/v2\/users\/1"}],"replies":[{"embeddable":true,"href":"https:\/\/cirque-intense.de\/en\/wp-json\/wp\/v2\/comments?post=783"}],"version-history":[{"count":109,"href":"https:\/\/cirque-intense.de\/en\/wp-json\/wp\/v2\/pages\/783\/revisions"}],"predecessor-version":[{"id":2951,"href":"https:\/\/cirque-intense.de\/en\/wp-json\/wp\/v2\/pages\/783\/revisions\/2951"}],"wp:attachment":[{"href":"https:\/\/cirque-intense.de\/en\/wp-json\/wp\/v2\/media?parent=783"}],"curies":[{"name":"wp","href":"https:\/\/api.w.org\/{rel}","templated":true}]}}