{"id":80,"date":"2018-03-31T07:10:59","date_gmt":"2018-03-31T07:10:59","guid":{"rendered":"http:\/\/cirque-intense.de\/?page_id=80"},"modified":"2021-05-10T08:12:10","modified_gmt":"2021-05-10T08:12:10","slug":"finanzierung","status":"publish","type":"page","link":"https:\/\/cirque-intense.de\/en\/finanzierung\/","title":{"rendered":"Financing"},"content":{"rendered":"<h4><strong>How is the project financed?<\/strong><\/h4>\n<p>Cirque Intense is a non-profit project within the meaning of german tax law, run by Zirkus-Kunst gGmbH. <a href=\"https:\/\/zirkus-kunst.gmbh\/\" target=\"_blank\" rel=\"noopener\">Zirkus-Kunst gGmbH<\/a>.<\/p>\n<p>Nevertheless, we do not want to rely exclusively on donations and subsidies, but rather set up the project in such a way that it can support itself as a \u201csocial business\u201d through the participation fees. <strong>\u201esocial business\u201c<\/strong> durch die Teilnahmegeb\u00fchren selbst tragen kann.<\/p>\n<p>In addition, we are constantly trying to raise donations and funding (from foundations and other sponsors) to help finance the project.<\/p>\n<p>We have set up a <strong>Fund<\/strong> from which the participation fees can be reduced if necessary.<\/p>\n<p>Would you like to take part, but don't have the financial means?<\/p>\n<p><a href=\"https:\/\/cirque-intense.de\/en\/bewerben\/\" target=\"_blank\" rel=\"noopener\">Apply anyway!<\/a><\/p>\n<p>Simply include a statement in your application explaining why you would like to receive funding.&nbsp;<\/p>\n<p>We will then check your case and get back to you with questions if necessary.<\/p>\n<p>Please understand that we can't promise anything, but it's certainly worth a try!<\/p>\n<p>By the way: our Cirque Intense participants can help us with the weekly children's training at <a href=\"https:\/\/zirkus-suedbaden.de\/\" target=\"_blank\" rel=\"noopener\">Zirkus S\u00fcdbaden<\/a> and earn some extra money.<\/p>","protected":false},"excerpt":{"rendered":"<p>Wie wird das Projekt finanziert? Cirque Intense ist ein gemeinn\u00fctziges Projekt im Sinne des Steuerrechts, durchgef\u00fchrt von der Zirkus-Kunst gGmbH. Trotzdem m\u00f6chten wir uns nicht ausschlie\u00dflich auf Spenden und F\u00f6rdergelder verlassen, sondern das Projekt so aufsetzen, da\u00df es sich als \u201esocial business\u201c durch die Teilnahmegeb\u00fchren selbst tragen kann. Dar\u00fcber hinaus versuchen wir aber laufend, Spenden &hellip; <\/p>\n<p class=\"link-more\"><a href=\"https:\/\/cirque-intense.de\/en\/finanzierung\/\" class=\"more-link\">Continue reading<span class=\"screen-reader-text\"> &#8222;Finanzierung&#8220;<\/span><\/a><\/p>","protected":false},"author":1,"featured_media":1652,"parent":0,"menu_order":0,"comment_status":"closed","ping_status":"closed","template":"","meta":{"ngg_post_thumbnail":0,"footnotes":""},"class_list":["post-80","page","type-page","status-publish","has-post-thumbnail","hentry"],"_links":{"self":[{"href":"https:\/\/cirque-intense.de\/en\/wp-json\/wp\/v2\/pages\/80","targetHints":{"allow":["GET"]}}],"collection":[{"href":"https:\/\/cirque-intense.de\/en\/wp-json\/wp\/v2\/pages"}],"about":[{"href":"https:\/\/cirque-intense.de\/en\/wp-json\/wp\/v2\/types\/page"}],"author":[{"embeddable":true,"href":"https:\/\/cirque-intense.de\/en\/wp-json\/wp\/v2\/users\/1"}],"replies":[{"embeddable":true,"href":"https:\/\/cirque-intense.de\/en\/wp-json\/wp\/v2\/comments?post=80"}],"version-history":[{"count":11,"href":"https:\/\/cirque-intense.de\/en\/wp-json\/wp\/v2\/pages\/80\/revisions"}],"predecessor-version":[{"id":1754,"href":"https:\/\/cirque-intense.de\/en\/wp-json\/wp\/v2\/pages\/80\/revisions\/1754"}],"wp:featuredmedia":[{"embeddable":true,"href":"https:\/\/cirque-intense.de\/en\/wp-json\/wp\/v2\/media\/1652"}],"wp:attachment":[{"href":"https:\/\/cirque-intense.de\/en\/wp-json\/wp\/v2\/media?parent=80"}],"curies":[{"name":"wp","href":"https:\/\/api.w.org\/{rel}","templated":true}]}}