{"id":82,"date":"2018-03-31T07:18:22","date_gmt":"2018-03-31T07:18:22","guid":{"rendered":"http:\/\/cirque-intense.de\/?page_id=82"},"modified":"2023-01-11T08:23:03","modified_gmt":"2023-01-11T08:23:03","slug":"kosten","status":"publish","type":"page","link":"https:\/\/cirque-intense.de\/en\/kosten\/","title":{"rendered":"Kosten"},"content":{"rendered":"<p>Bei einer Teilnahme am Cirque Intense Orientierungsjahr m\u00fc\u00dft ihr mit folgenden Kosten rechnen:<\/p>\n<p>&#8211; f\u00fcr die Audition einmalig 80 \u20ac<\/p>\n<p>&#8211; einmalig 250 \u20ac Materialgeld zu Beginn des Orientierungsjahres<\/p>\n<p>&#8211; die monatliche Teilnahmegeb\u00fchr betr\u00e4gt 480 \u20ac bei zw\u00f6lfmonatiger Teilnahme. Bei unterj\u00e4hrigem Einstieg und k\u00fcrzerer Dauer gilt eine gestaffelte Geb\u00fchrentabelle, die wir auf Anfrage gerne zusenden.<\/p>\n<p>Beachtet bitte, da\u00df Eure Eltern nach unserer Information weiterhin Kindergeld bekommen k\u00f6nnen.<\/p>\n<p>Menschen, die Schwierigkeiten mit der Finanzierung der Teilnahme haben k\u00f6nnen uns gerne ansprechen. Es ist m\u00f6glich aus unserem Teilnehmerfond ein Teilstipendium zu erhalten.<\/p>\n<p>&#8211; nach Absprache und je nach Interesse der TeilnehmerInnen veranstalten wir <strong>spezialisierte Kurse<\/strong> mit externen K\u00fcnstlern im Rahmen unserer ZIRKUSPRAXIS Workshop-Reihe . Diese Kurse, welche f\u00fcr die TeilnehmerInnen des Cirque Intense Projektes inklusive sind, \u00f6ffnen wir f\u00fcr externe Teilnehmer gegen eine Teilnahmegeb\u00fchr . Diese Kurse finden unabh\u00e4ngig vom regul\u00e4ren Programm des Orientierungsjahres als optionaler Zusatz statt.<\/p>\n<p>&#8211; allgemeine Lebenshaltungskosten: um Wohnungen oder Wohngemeinschaften m\u00fcsstet Ihr Euch selbst k\u00fcmmern. Wir geben Euch jedoch gerne Tipps zum Organisieren. Auch f\u00fcr die t\u00e4glichen Lebenshaltungskosten, wie beispielsweise Verpflegung, seid Ihr selbst verantwortlich.<\/p>","protected":false},"excerpt":{"rendered":"<p>Bei einer Teilnahme am Cirque Intense Orientierungsjahr m\u00fc\u00dft ihr mit folgenden Kosten rechnen: &#8211; f\u00fcr die Audition einmalig 80 \u20ac &#8211; einmalig 250 \u20ac Materialgeld zu Beginn des Orientierungsjahres &#8211; die monatliche Teilnahmegeb\u00fchr betr\u00e4gt 480 \u20ac bei zw\u00f6lfmonatiger Teilnahme. Bei unterj\u00e4hrigem Einstieg und k\u00fcrzerer Dauer gilt eine gestaffelte Geb\u00fchrentabelle, die wir auf Anfrage gerne zusenden. &hellip; <\/p>\n<p class=\"link-more\"><a href=\"https:\/\/cirque-intense.de\/en\/kosten\/\" class=\"more-link\">Continue reading<span class=\"screen-reader-text\"> &#8222;Kosten&#8220;<\/span><\/a><\/p>","protected":false},"author":1,"featured_media":0,"parent":0,"menu_order":0,"comment_status":"closed","ping_status":"closed","template":"","meta":{"ngg_post_thumbnail":0,"footnotes":""},"class_list":["post-82","page","type-page","status-publish","hentry"],"_links":{"self":[{"href":"https:\/\/cirque-intense.de\/en\/wp-json\/wp\/v2\/pages\/82","targetHints":{"allow":["GET"]}}],"collection":[{"href":"https:\/\/cirque-intense.de\/en\/wp-json\/wp\/v2\/pages"}],"about":[{"href":"https:\/\/cirque-intense.de\/en\/wp-json\/wp\/v2\/types\/page"}],"author":[{"embeddable":true,"href":"https:\/\/cirque-intense.de\/en\/wp-json\/wp\/v2\/users\/1"}],"replies":[{"embeddable":true,"href":"https:\/\/cirque-intense.de\/en\/wp-json\/wp\/v2\/comments?post=82"}],"version-history":[{"count":15,"href":"https:\/\/cirque-intense.de\/en\/wp-json\/wp\/v2\/pages\/82\/revisions"}],"predecessor-version":[{"id":2336,"href":"https:\/\/cirque-intense.de\/en\/wp-json\/wp\/v2\/pages\/82\/revisions\/2336"}],"wp:attachment":[{"href":"https:\/\/cirque-intense.de\/en\/wp-json\/wp\/v2\/media?parent=82"}],"curies":[{"name":"wp","href":"https:\/\/api.w.org\/{rel}","templated":true}]}}