{"id":89,"date":"2018-03-31T07:42:07","date_gmt":"2018-03-31T07:42:07","guid":{"rendered":"http:\/\/cirque-intense.de\/?page_id=89"},"modified":"2026-03-13T19:46:00","modified_gmt":"2026-03-13T19:46:00","slug":"bewerben","status":"publish","type":"page","link":"https:\/\/cirque-intense.de\/en\/bewerben\/","title":{"rendered":"How to apply"},"content":{"rendered":"<p style=\"font-weight: 400;\"><strong>Cirque Intense Preparatory 9.0<\/strong><\/p>\n<p>Das Bewerbungsverfahren f\u00fcr das Schuljahr 2026-2027 ist am 01. Januar 2026 gestartet. Bewerbungsschluss ist der 30. April. Die erste Audition findet am 16.-17. Mai 2026 in Neuenburg am Rhein statt.<\/p>\n<p>Das n\u00e4chste Schuljahr beginnt am 14. September 2026.<\/p>\n<p style=\"font-weight: 400;\">Noch keine Idee, was Du als N\u00e4chstes machen willst? Spa\u00df an Zirkus, Theater, Tanz und Musik? Brauchst Du Zeit um Dich zu orientieren, ob Du beruflich in diese Richtung gehen willst? Spricht dich das Thema moderner Zirkus\/Theater\/Tanz und \u00fcberhaupt B\u00fchnenshows an? Bist Du motiviert, dich intensiv mit dir selbst und k\u00fcnstlerischer Arbeit auseinanderzusetzen? Bereit zu trainieren, k\u00f6rperlich aktiv zu sein und Erfahrung mit einer starken B\u00fchnenpr\u00e4senz und dem Einsatz von K\u00f6rper, Musik und Sprache zu machen?<\/p>\n<p>Sende uns deine Bewerbungsunterlagen (Motivationsschreiben und Lebenslauf) an:<br>anmeldung@cirque-intense.de.<\/p>\n<p><strong>Cirque Intense Preparatory 8.0<\/strong><\/p>\n<p>Das Orientierungsjahr Zirkus und das Preparatory-Jahr Cirque Intense 8.0 ist am 15. September 2025 gestartet.<\/p>\n<p>Zwischen September und Februar ist bei Cirque Intense auch eine k\u00fcrzere, intensive Trainingszeit ab drei Monaten m\u00f6glich. Interessierte senden ein Mail mit den Bewerbungsunterlagen (Motivationsschreiben und Lebenslauf) an <a href=\"mailto:anmeldung@cirque-intense.de\">anmeldung@cirque-intense.de<\/a>.<\/p>\n<p><strong>Accommodation for the duration of the project<\/strong><\/p>\n<p>You will have to arrange your own accommodation. However, we will be happy to give you tips.<\/p>\n<p><strong>Further information<\/strong><\/p>\n<p><span style=\"font-family: 'Libre Franklin';\"><span style=\"font-size: medium;\">If you have any questions about this project, the application, us or anything else you would like to know, just get in touch with us. Either by e-mail or by telephone.<\/span><\/span><\/p>","protected":false},"excerpt":{"rendered":"<p>Cirque Intense Preparatory 9.0 Das Bewerbungsverfahren f\u00fcr das Schuljahr 2026-2027 ist am 01. Januar 2026 gestartet. Bewerbungsschluss ist der 30. April. Die erste Audition findet am 16.-17. Mai 2026 in Neuenburg am Rhein statt. Das n\u00e4chste Schuljahr beginnt am 14. September 2026. Noch keine Idee, was Du als N\u00e4chstes machen willst? Spa\u00df an Zirkus, Theater, &hellip; <\/p>\n<p class=\"link-more\"><a href=\"https:\/\/cirque-intense.de\/en\/bewerben\/\" class=\"more-link\">Continue reading<span class=\"screen-reader-text\"> &#8222;Wie kann ich mich bewerben?&#8220;<\/span><\/a><\/p>","protected":false},"author":1,"featured_media":1724,"parent":0,"menu_order":0,"comment_status":"closed","ping_status":"closed","template":"","meta":{"ngg_post_thumbnail":0,"footnotes":""},"class_list":["post-89","page","type-page","status-publish","has-post-thumbnail","hentry"],"_links":{"self":[{"href":"https:\/\/cirque-intense.de\/en\/wp-json\/wp\/v2\/pages\/89","targetHints":{"allow":["GET"]}}],"collection":[{"href":"https:\/\/cirque-intense.de\/en\/wp-json\/wp\/v2\/pages"}],"about":[{"href":"https:\/\/cirque-intense.de\/en\/wp-json\/wp\/v2\/types\/page"}],"author":[{"embeddable":true,"href":"https:\/\/cirque-intense.de\/en\/wp-json\/wp\/v2\/users\/1"}],"replies":[{"embeddable":true,"href":"https:\/\/cirque-intense.de\/en\/wp-json\/wp\/v2\/comments?post=89"}],"version-history":[{"count":70,"href":"https:\/\/cirque-intense.de\/en\/wp-json\/wp\/v2\/pages\/89\/revisions"}],"predecessor-version":[{"id":2965,"href":"https:\/\/cirque-intense.de\/en\/wp-json\/wp\/v2\/pages\/89\/revisions\/2965"}],"wp:featuredmedia":[{"embeddable":true,"href":"https:\/\/cirque-intense.de\/en\/wp-json\/wp\/v2\/media\/1724"}],"wp:attachment":[{"href":"https:\/\/cirque-intense.de\/en\/wp-json\/wp\/v2\/media?parent=89"}],"curies":[{"name":"wp","href":"https:\/\/api.w.org\/{rel}","templated":true}]}}